{"id":12254,"date":"2025-01-31T15:28:57","date_gmt":"2025-01-31T14:28:57","guid":{"rendered":"https:\/\/ourstuff.dk\/?post_type=product&#038;p=12254"},"modified":"2025-11-21T10:58:02","modified_gmt":"2025-11-21T09:58:02","slug":"luksus-ebike-teambuilding-event","status":"publish","type":"product","link":"https:\/\/ourstuff.dk\/en\/product\/luksus-ebike-teambuilding-event\/","title":{"rendered":"Luksus E-bike &#8211; event, firmaarrangement eller teambuilding"},"content":{"rendered":"<div>Hvorfor skal I v\u00e6lge en cykeltur med luksus elcykler til jeres n\u00e6ste firma- eller gruppearrangement?<\/div>\n<ul>\n<li>Alle kan v\u00e6re med, uanset fysisk form. Med de kraftfulde elcykler fra Specialized bliver bakker og lange distancer en leg. Alle kan nyde turen i f\u00e6lles tempo.<\/li>\n<li>I f\u00e5r en unik naturoplevelse sammen. Ruten kan kombinere skovstier, kystlinjer og \u00e5bne landskaber, hvilket giver en sj\u00e6lden mulighed for at opleve den danske natur fra sin bedste side \u2013 langt v\u00e6k fra kontorstolene.<\/li>\n<li>Turen kan v\u00e6re en del af en hel dagsoplevelse og inkludere et stop ved en hyggelig kro, en restaurant eller en picnic, s\u00e5 oplevelsen ikke kun er fysisk, men ogs\u00e5 en gastronomisk forn\u00f8jelse.<\/li>\n<li>I f\u00e5r tid til gode samtaler og netv\u00e6rk. I mods\u00e6tning til mere intense teambuilding-aktiviteter giver en cykeltur plads til afslappet samv\u00e6r og uformelle samtaler, hvilket styrker relationerne deltagerne imellem.<\/li>\n<li>En cykeltur giver et afbr\u00e6k fra m\u00f8der og faglige indslag, og er derfor perfekt til en offsite-dag, hvor den kan fungere som en aktiv pause mellem workshops og strategisessioner.<\/li>\n<li>Aktiviteten kan tilpasses gruppe og lokation. Turene kan arrangeres i hele Danmark, s\u00e5 de passer til jeres geografiske placering og \u00f8nsker til sv\u00e6rhedsgrad og l\u00e6ngde &#8211; kun begr\u00e6nset af batteriets levetid.<\/li>\n<\/ul>\n<div>Vores spritnye Elektriske Bikes fra Specialized har en r\u00e6kkevide p\u00e5 op til 100 km, s\u00e5 I kan komme langt omkring. Vi planl\u00e6gger en sk\u00f8n tur for jer, hvor I f.eks. kan cykle fra Aarhus til Norsminde, hvor I vil f\u00e5 en l\u00e6kker frokost p\u00e5 Nordsminde Kro, inden I cykler hjem til Aarhus igen. Ruten vil v\u00e6re en kombination af flotte skovstier, samt cykelstier syd for Aarhus, hvor man vil opleve det flotte bakkede landskab. Dette er den perfekte tur til jer, som \u00f8nsker at kombinere god mad med en cykel tur i den danske natur.<\/div>\n<div><\/div>\n<div>Vi tilpasser selvf\u00f8lgelig rute\/antal kilometer efter jeres \u00f8nsker, s\u00e5 I f\u00e5r en oplevelse, alle f\u00e5r noget ud af.<\/div>\n","protected":false},"excerpt":{"rendered":"<p>Skal I pr\u00f8ve noget anderledes til jeres n\u00e6ste firmaarrangement? Giv dit team en uforglemmelig dag p\u00e5 luksus elcykler \u2013 motion, natur og produktivitet i \u00e9t! I k\u00f8rer p\u00e5 elcykler fra Specialized, der er et af verdens f\u00f8rende cykelbrands. Det er komfort i verdensklasse, og alle kan v\u00e6re med p\u00e5 turene.<\/p>\n<p>En cykeltur med luksus elcykler er en perfekt kombination af motion, naturoplevelse, socialt samv\u00e6r og m\u00e5ske endda ogs\u00e5 gastronomisk fork\u00e6lelse. Det er en fleksibel teambuildingaktivitet, der kan st\u00e5 alene eller kombineres med andre oplevelser for en komplet firma- eller gruppedag.<\/p>\n","protected":false},"featured_media":12486,"template":"","meta":{"advanced_seo_description":"","jetpack_seo_html_title":"","jetpack_seo_noindex":false},"product_brand":[],"product_cat":[214],"product_tag":[],"class_list":{"0":"post-12254","1":"product","2":"type-product","3":"status-publish","4":"has-post-thumbnail","6":"product_cat-oplev-vores-nyheder-med-dine-kollegaer-eller-gruppe-kan-sammensaettes-som-du-oensker","8":"first","9":"instock","10":"taxable","11":"shipping-taxable","12":"product-type-b2b_custom_ourstuff"},"booking_location":null,"booking_location_type":null,"booking_duration":null,"booking_duration_unit":null,"booking_buffer":null,"booking_cost":null,"booking_resources":null,"jetpack_sharing_enabled":true,"_links":{"self":[{"href":"https:\/\/ourstuff.dk\/en\/wp-json\/wp\/v2\/product\/12254","targetHints":{"allow":["GET"]}}],"collection":[{"href":"https:\/\/ourstuff.dk\/en\/wp-json\/wp\/v2\/product"}],"about":[{"href":"https:\/\/ourstuff.dk\/en\/wp-json\/wp\/v2\/types\/product"}],"wp:featuredmedia":[{"embeddable":true,"href":"https:\/\/ourstuff.dk\/en\/wp-json\/wp\/v2\/media\/12486"}],"wp:attachment":[{"href":"https:\/\/ourstuff.dk\/en\/wp-json\/wp\/v2\/media?parent=12254"}],"wp:term":[{"taxonomy":"product_brand","embeddable":true,"href":"https:\/\/ourstuff.dk\/en\/wp-json\/wp\/v2\/product_brand?post=12254"},{"taxonomy":"product_cat","embeddable":true,"href":"https:\/\/ourstuff.dk\/en\/wp-json\/wp\/v2\/product_cat?post=12254"},{"taxonomy":"product_tag","embeddable":true,"href":"https:\/\/ourstuff.dk\/en\/wp-json\/wp\/v2\/product_tag?post=12254"}],"curies":[{"name":"wp","href":"https:\/\/api.w.org\/{rel}","templated":true}]}}