{"id":16407,"date":"2026-03-27T15:16:31","date_gmt":"2026-03-27T14:16:31","guid":{"rendered":"https:\/\/ourstuff.dk\/?page_id=16407"},"modified":"2026-03-27T15:21:39","modified_gmt":"2026-03-27T14:21:39","slug":"ourbeachrunner","status":"publish","type":"page","link":"https:\/\/ourstuff.dk\/en\/ourbeachrunner\/","title":{"rendered":"ourbeachrunner"},"content":{"rendered":"\n\t<div id=\"stack-593343294\" class=\"stack hide-for-small stack-row justify-center items-end sm:stack-col\">\n\t\t\n\n\n\t<a class=\"plain\" href=\"https:\/\/dk.trustpilot.com\/review\/ourstuff.dk\" >\t<div class=\"icon-box featured-box icon-box-center text-center is-xsmall\"  >\n\t\t\t\t\t<div class=\"icon-box-img\" style=\"width: 72px\">\n\t\t\t\t<div class=\"icon\">\n\t\t\t\t\t<div class=\"icon-inner\" >\n\t\t\t\t\t\t<img loading=\"lazy\" decoding=\"async\" width=\"300\" height=\"300\" src=\"https:\/\/ourstuff.dk\/wp-content\/uploads\/familie-1-300x300.png\" class=\"attachment-medium size-medium\" alt=\"\" srcset=\"https:\/\/ourstuff.dk\/wp-content\/uploads\/familie-1-300x300.png 300w, https:\/\/ourstuff.dk\/wp-content\/uploads\/familie-1-247x247.png 247w, https:\/\/ourstuff.dk\/wp-content\/uploads\/familie-1-100x100.png 100w, https:\/\/ourstuff.dk\/wp-content\/uploads\/familie-1-510x510.png 510w, https:\/\/ourstuff.dk\/wp-content\/uploads\/familie-1-150x150.png 150w, https:\/\/ourstuff.dk\/wp-content\/uploads\/familie-1.png 512w\" sizes=\"auto, (max-width: 300px) 100vw, 300px\" \/>\t\t\t\t\t<\/div>\n\t\t\t\t<\/div>\n\t\t\t<\/div>\n\t\t\t\t<div class=\"icon-box-text last-reset\">\n\t\t\t\t\t\t\t\t\t\n\n\t<div id=\"text-4285234650\" class=\"text\">\n\t\t\n\n<h3>10.000+ glade g\u00e6ster \u00e5rligt<\/h3>\n\t\t\n<style>\n#text-4285234650 {\n  font-size: 0.75rem;\n}\n<\/style>\n\t<\/div>\n\t\n\n\t\t<\/div>\n\t<\/div>\n\t<\/a>\n\t\n\n\t<a class=\"plain\" href=\"https:\/\/www.trustindex.io\/reviews\/www.ourstuff.dk\" target=\"_blank\" rel=\"noopener\" >\t<div class=\"icon-box featured-box icon-box-center text-center is-xsmall\"  >\n\t\t\t\t\t<div class=\"icon-box-img\" style=\"width: 297px\">\n\t\t\t\t<div class=\"icon\">\n\t\t\t\t\t<div class=\"icon-inner\" >\n\t\t\t\t\t\t<img loading=\"lazy\" decoding=\"async\" width=\"300\" height=\"39\" src=\"https:\/\/ourstuff.dk\/wp-content\/uploads\/google-5-stjernet-300x39.png\" class=\"attachment-medium size-medium\" alt=\"\" srcset=\"https:\/\/ourstuff.dk\/wp-content\/uploads\/google-5-stjernet-300x39.png 300w, https:\/\/ourstuff.dk\/wp-content\/uploads\/google-5-stjernet-510x67.png 510w, https:\/\/ourstuff.dk\/wp-content\/uploads\/google-5-stjernet-1024x134.png 1024w, https:\/\/ourstuff.dk\/wp-content\/uploads\/google-5-stjernet-768x101.png 768w, https:\/\/ourstuff.dk\/wp-content\/uploads\/google-5-stjernet-1536x202.png 1536w, https:\/\/ourstuff.dk\/wp-content\/uploads\/google-5-stjernet.png 1920w\" sizes=\"auto, (max-width: 300px) 100vw, 300px\" \/>\t\t\t\t\t<\/div>\n\t\t\t\t<\/div>\n\t\t\t<\/div>\n\t\t\t\t<div class=\"icon-box-text last-reset\">\n\t\t\t\t\t\t\t\t\t\n\n\t<div id=\"text-198496106\" class=\"text\">\n\t\t\n\n<h3>5-stjernede naturoplevelser<\/h3>\n\t\t\n<style>\n#text-198496106 {\n  font-size: 0.75rem;\n}\n<\/style>\n\t<\/div>\n\t\n\n\t\t<\/div>\n\t<\/div>\n\t<\/a>\n\t\n\n\t\t<div class=\"icon-box featured-box icon-box-center text-center is-xsmall\"  >\n\t\t\t\t\t<div class=\"icon-box-img\" style=\"width: 72px\">\n\t\t\t\t<div class=\"icon\">\n\t\t\t\t\t<div class=\"icon-inner\" >\n\t\t\t\t\t\t<img loading=\"lazy\" decoding=\"async\" width=\"300\" height=\"300\" src=\"https:\/\/ourstuff.dk\/wp-content\/uploads\/instruktor-300x300.png\" class=\"attachment-medium size-medium\" alt=\"\" srcset=\"https:\/\/ourstuff.dk\/wp-content\/uploads\/instruktor-300x300.png 300w, https:\/\/ourstuff.dk\/wp-content\/uploads\/instruktor-247x247.png 247w, https:\/\/ourstuff.dk\/wp-content\/uploads\/instruktor-100x100.png 100w, https:\/\/ourstuff.dk\/wp-content\/uploads\/instruktor-510x510.png 510w, https:\/\/ourstuff.dk\/wp-content\/uploads\/instruktor-150x150.png 150w, https:\/\/ourstuff.dk\/wp-content\/uploads\/instruktor.png 512w\" sizes=\"auto, (max-width: 300px) 100vw, 300px\" \/>\t\t\t\t\t<\/div>\n\t\t\t\t<\/div>\n\t\t\t<\/div>\n\t\t\t\t<div class=\"icon-box-text last-reset\">\n\t\t\t\t\t\t\t\t\t\n\n\t<div id=\"text-1076421459\" class=\"text\">\n\t\t\n\n<h3>Uddannede instrukt\u00f8rer<\/h3>\n\t\t\n<style>\n#text-1076421459 {\n  font-size: 0.75rem;\n}\n<\/style>\n\t<\/div>\n\t\n\n\t\t<\/div>\n\t<\/div>\n\t\n\t\n\n\t\t\n<style>\n#stack-593343294 > * {\n  --stack-gap: 3.25rem;\n}\n<\/style>\n\t<\/div>\n\t\n\t<div id=\"gap-1895451233\" class=\"gap-element clearfix\" style=\"display:block; height:auto;\">\n\t\t\n<style>\n#gap-1895451233 {\n  padding-top: 30px;\n}\n<\/style>\n\t<\/div>\n\t\n\n\t<div id=\"text-693837182\" class=\"text\">\n\t\t\n\n<h1>Strandsurfing<\/h1><p>Tag hele familien med og f\u00e5 vind i sejlene p\u00e5 nogle af verdens bedste strande.<br \/>Vores certificerede instrukt\u00f8rer l\u00e6rer dig hurtigt at k\u00f8re p\u00e5 vores strandsurfere<br \/>\u2013 og sikrer dig en en sjov og actionfyldt oplevelse, du sent vil glemme.<\/p>\n\t\t\n<style>\n#text-693837182 {\n  font-size: 1.1rem;\n  text-align: center;\n}\n<\/style>\n\t<\/div>\n\t\n\t<div id=\"gap-435098339\" class=\"gap-element clearfix\" style=\"display:block; height:auto;\">\n\t\t\n<style>\n#gap-435098339 {\n  padding-top: 30px;\n}\n<\/style>\n\t<\/div>\n\t\n\n\n\t<section class=\"section\" id=\"section_2056389336\">\n\t\t<div class=\"section-bg fill\" >\n\t\t\t\t\t\t\t\t\t\n\t\t\t\n\n\t\t<\/div>\n\n\t\t\n\n\t\t<div class=\"section-content relative\">\n\t\t\t\n\n\t\n  \n    <div class=\"row large-columns-4 medium-columns-3 small-columns-2 row-small\" >\n  \n\t     <div class=\"col\" >\n\t\t\t\t\t\t<div class=\"col-inner\">\n\t\t\t\t\t\t\n<div class=\"badge-container absolute left top z-1\">\n\n<\/div>\n\t\t\t\t\t\t<div class=\"product-small box has-hover box-normal box-text-bottom\">\n\t\t\t\t\t\t\t<div class=\"box-image\" >\n\t\t\t\t\t\t\t\t<div class=\"image-cover\" style=\"padding-top:100%;\">\n\t\t\t\t\t\t\t\t\t<a href=\"https:\/\/ourstuff.dk\/en\/product\/strandsurfing-roemoe\/\" aria-label=\"Strandsurfing p\u00e5 R\u00f8m\u00f8\">\n\t\t\t\t\t\t\t\t\t\t<img loading=\"lazy\" decoding=\"async\" width=\"512\" height=\"512\" src=\"https:\/\/ourstuff.dk\/wp-content\/uploads\/strandsurfing-romo.jpg\" class=\"attachment-large size-large\" alt=\"Strandsurfing p\u00e5 R\u00f8m\u00f8\" srcset=\"https:\/\/ourstuff.dk\/wp-content\/uploads\/strandsurfing-romo.jpg 512w, https:\/\/ourstuff.dk\/wp-content\/uploads\/strandsurfing-romo-300x300.jpg 300w, https:\/\/ourstuff.dk\/wp-content\/uploads\/strandsurfing-romo-150x150.jpg 150w, https:\/\/ourstuff.dk\/wp-content\/uploads\/strandsurfing-romo-247x247.jpg 247w, https:\/\/ourstuff.dk\/wp-content\/uploads\/strandsurfing-romo-510x510.jpg 510w, https:\/\/ourstuff.dk\/wp-content\/uploads\/strandsurfing-romo-100x100.jpg 100w\" sizes=\"auto, (max-width: 512px) 100vw, 512px\" \/>\t\t\t\t\t\t\t\t\t<\/a>\n\t\t\t\t\t\t\t\t\t\t\t\t\t\t\t\t\t\t \t\t\t\t\t\t\t\t<\/div>\n\t\t\t\t\t\t\t\t<div class=\"image-tools top right show-on-hover\">\n\t\t\t\t\t\t\t\t\t\t\t\t\t\t\t\t\t<\/div>\n\t\t\t\t\t\t\t\t\t\t\t\t\t\t\t\t\t<div class=\"image-tools grid-tools text-center hide-for-small bottom hover-slide-in show-on-hover\">\n\t\t\t\t\t\t\t\t\t\t\t\t\t\t\t\t\t\t\t<\/div>\n\t\t\t\t\t\t\t\t\t\t\t\t\t\t\t\t\t\t\t\t\t\t\t<\/div>\n\n\t\t\t\t\t\t\t<div class=\"box-text text-center\" >\n\t\t\t\t\t\t\t\t<div class=\"title-wrapper\"><p class=\"name product-title woocommerce-loop-product__title\"><a href=\"https:\/\/ourstuff.dk\/en\/product\/strandsurfing-roemoe\/\" class=\"woocommerce-LoopProduct-link woocommerce-loop-product__link\">Strandsurfing p\u00e5 R\u00f8m\u00f8<\/a><\/p><\/div><div class=\"price-wrapper\">\n\t<span class=\"price\">From: <span class=\"woocommerce-Price-amount amount\"><bdi>375,00&nbsp;<span class=\"woocommerce-Price-currencySymbol\">kr.<\/span><\/bdi><\/span><\/span>\n<\/div>\t\t\t\t\t\t\t<\/div>\n\t\t\t\t\t\t<\/div>\n\t\t\t\t\t\t<\/div>\n\t\t\t\t\t<\/div><div class=\"col\" >\n\t\t\t\t\t\t<div class=\"col-inner\">\n\t\t\t\t\t\t\n<div class=\"badge-container absolute left top z-1\">\n\n<\/div>\n\t\t\t\t\t\t<div class=\"product-small box has-hover box-normal box-text-bottom\">\n\t\t\t\t\t\t\t<div class=\"box-image\" >\n\t\t\t\t\t\t\t\t<div class=\"image-cover\" style=\"padding-top:100%;\">\n\t\t\t\t\t\t\t\t\t<a href=\"https:\/\/ourstuff.dk\/en\/product\/strandsurfing-for-2-roemoe\/\" aria-label=\"Strandsurfing p\u00e5 R\u00f8m\u00f8 - 1 voksen med 1 barn (maks. 40 kg)\">\n\t\t\t\t\t\t\t\t\t\t<img loading=\"lazy\" decoding=\"async\" width=\"512\" height=\"512\" src=\"https:\/\/ourstuff.dk\/wp-content\/uploads\/strandsurfing-2-pers-2.jpg\" class=\"attachment-large size-large\" alt=\"Strandsurfing p\u00e5 R\u00f8m\u00f8 - 1 voksen med 1 barn (maks. 40 kg)\" srcset=\"https:\/\/ourstuff.dk\/wp-content\/uploads\/strandsurfing-2-pers-2.jpg 512w, https:\/\/ourstuff.dk\/wp-content\/uploads\/strandsurfing-2-pers-2-300x300.jpg 300w, https:\/\/ourstuff.dk\/wp-content\/uploads\/strandsurfing-2-pers-2-150x150.jpg 150w, https:\/\/ourstuff.dk\/wp-content\/uploads\/strandsurfing-2-pers-2-247x247.jpg 247w, https:\/\/ourstuff.dk\/wp-content\/uploads\/strandsurfing-2-pers-2-510x510.jpg 510w, https:\/\/ourstuff.dk\/wp-content\/uploads\/strandsurfing-2-pers-2-100x100.jpg 100w\" sizes=\"auto, (max-width: 512px) 100vw, 512px\" \/>\t\t\t\t\t\t\t\t\t<\/a>\n\t\t\t\t\t\t\t\t\t\t\t\t\t\t\t\t\t\t \t\t\t\t\t\t\t\t<\/div>\n\t\t\t\t\t\t\t\t<div class=\"image-tools top right show-on-hover\">\n\t\t\t\t\t\t\t\t\t\t\t\t\t\t\t\t\t<\/div>\n\t\t\t\t\t\t\t\t\t\t\t\t\t\t\t\t\t<div class=\"image-tools grid-tools text-center hide-for-small bottom hover-slide-in show-on-hover\">\n\t\t\t\t\t\t\t\t\t\t\t\t\t\t\t\t\t\t\t<\/div>\n\t\t\t\t\t\t\t\t\t\t\t\t\t\t\t\t\t\t\t\t\t\t\t<\/div>\n\n\t\t\t\t\t\t\t<div class=\"box-text text-center\" >\n\t\t\t\t\t\t\t\t<div class=\"title-wrapper\"><p class=\"name product-title woocommerce-loop-product__title\"><a href=\"https:\/\/ourstuff.dk\/en\/product\/strandsurfing-for-2-roemoe\/\" class=\"woocommerce-LoopProduct-link woocommerce-loop-product__link\">Strandsurfing p\u00e5 R\u00f8m\u00f8 &#8211; 1 voksen med 1 barn (maks. 40 kg)<\/a><\/p><\/div><div class=\"price-wrapper\">\n\t<span class=\"price\">From: <span class=\"woocommerce-Price-amount amount\"><bdi>500,00&nbsp;<span class=\"woocommerce-Price-currencySymbol\">kr.<\/span><\/bdi><\/span><\/span>\n<\/div>\t\t\t\t\t\t\t<\/div>\n\t\t\t\t\t\t<\/div>\n\t\t\t\t\t\t<\/div>\n\t\t\t\t\t<\/div><div class=\"col\" >\n\t\t\t\t\t\t<div class=\"col-inner\">\n\t\t\t\t\t\t\n<div class=\"badge-container absolute left top z-1\">\n\n<\/div>\n\t\t\t\t\t\t<div class=\"product-small box has-hover box-normal box-text-bottom\">\n\t\t\t\t\t\t\t<div class=\"box-image\" >\n\t\t\t\t\t\t\t\t<div class=\"image-cover\" style=\"padding-top:100%;\">\n\t\t\t\t\t\t\t\t\t<a href=\"https:\/\/ourstuff.dk\/en\/product\/strandsurfing-blokhus-loekken\/\" aria-label=\"Strandsurfing ved Blokhus\/L\u00f8kken\">\n\t\t\t\t\t\t\t\t\t\t<img loading=\"lazy\" decoding=\"async\" width=\"512\" height=\"512\" src=\"https:\/\/ourstuff.dk\/wp-content\/uploads\/strandsurfing-blokhus.jpg\" class=\"attachment-large size-large\" alt=\"Strandsurfing ved Blokhus\/L\u00f8kken\" srcset=\"https:\/\/ourstuff.dk\/wp-content\/uploads\/strandsurfing-blokhus.jpg 512w, https:\/\/ourstuff.dk\/wp-content\/uploads\/strandsurfing-blokhus-300x300.jpg 300w, https:\/\/ourstuff.dk\/wp-content\/uploads\/strandsurfing-blokhus-150x150.jpg 150w, https:\/\/ourstuff.dk\/wp-content\/uploads\/strandsurfing-blokhus-247x247.jpg 247w, https:\/\/ourstuff.dk\/wp-content\/uploads\/strandsurfing-blokhus-510x510.jpg 510w, https:\/\/ourstuff.dk\/wp-content\/uploads\/strandsurfing-blokhus-100x100.jpg 100w\" sizes=\"auto, (max-width: 512px) 100vw, 512px\" \/>\t\t\t\t\t\t\t\t\t<\/a>\n\t\t\t\t\t\t\t\t\t\t\t\t\t\t\t\t\t\t \t\t\t\t\t\t\t\t<\/div>\n\t\t\t\t\t\t\t\t<div class=\"image-tools top right show-on-hover\">\n\t\t\t\t\t\t\t\t\t\t\t\t\t\t\t\t\t<\/div>\n\t\t\t\t\t\t\t\t\t\t\t\t\t\t\t\t\t<div class=\"image-tools grid-tools text-center hide-for-small bottom hover-slide-in show-on-hover\">\n\t\t\t\t\t\t\t\t\t\t\t\t\t\t\t\t\t\t\t<\/div>\n\t\t\t\t\t\t\t\t\t\t\t\t\t\t\t\t\t\t\t\t\t\t\t<\/div>\n\n\t\t\t\t\t\t\t<div class=\"box-text text-center\" >\n\t\t\t\t\t\t\t\t<div class=\"title-wrapper\"><p class=\"name product-title woocommerce-loop-product__title\"><a href=\"https:\/\/ourstuff.dk\/en\/product\/strandsurfing-blokhus-loekken\/\" class=\"woocommerce-LoopProduct-link woocommerce-loop-product__link\">Strandsurfing ved Blokhus\/L\u00f8kken<\/a><\/p><\/div><div class=\"price-wrapper\">\n\t<span class=\"price\">From: <span class=\"woocommerce-Price-amount amount\"><bdi>375,00&nbsp;<span class=\"woocommerce-Price-currencySymbol\">kr.<\/span><\/bdi><\/span><\/span>\n<\/div>\t\t\t\t\t\t\t<\/div>\n\t\t\t\t\t\t<\/div>\n\t\t\t\t\t\t<\/div>\n\t\t\t\t\t<\/div><div class=\"col\" >\n\t\t\t\t\t\t<div class=\"col-inner\">\n\t\t\t\t\t\t\n<div class=\"badge-container absolute left top z-1\">\n\n<\/div>\n\t\t\t\t\t\t<div class=\"product-small box has-hover box-normal box-text-bottom\">\n\t\t\t\t\t\t\t<div class=\"box-image\" >\n\t\t\t\t\t\t\t\t<div class=\"image-cover\" style=\"padding-top:100%;\">\n\t\t\t\t\t\t\t\t\t<a href=\"https:\/\/ourstuff.dk\/en\/product\/strandsurfing-1-voksen-og-1-barn-sammen-blokhus-loekken\/\" aria-label=\"Strandsurfing ved Blokhus\/L\u00f8kken - 1 voksen med 1 barn (maks. 40 kg)\">\n\t\t\t\t\t\t\t\t\t\t<img loading=\"lazy\" decoding=\"async\" width=\"512\" height=\"512\" src=\"https:\/\/ourstuff.dk\/wp-content\/uploads\/strandsurfing-2-pers-1.jpg\" class=\"attachment-large size-large\" alt=\"Strandsurfing ved Blokhus\/L\u00f8kken - 1 voksen med 1 barn (maks. 40 kg)\" srcset=\"https:\/\/ourstuff.dk\/wp-content\/uploads\/strandsurfing-2-pers-1.jpg 512w, https:\/\/ourstuff.dk\/wp-content\/uploads\/strandsurfing-2-pers-1-300x300.jpg 300w, https:\/\/ourstuff.dk\/wp-content\/uploads\/strandsurfing-2-pers-1-150x150.jpg 150w, https:\/\/ourstuff.dk\/wp-content\/uploads\/strandsurfing-2-pers-1-247x247.jpg 247w, https:\/\/ourstuff.dk\/wp-content\/uploads\/strandsurfing-2-pers-1-510x510.jpg 510w, https:\/\/ourstuff.dk\/wp-content\/uploads\/strandsurfing-2-pers-1-100x100.jpg 100w\" sizes=\"auto, (max-width: 512px) 100vw, 512px\" \/>\t\t\t\t\t\t\t\t\t<\/a>\n\t\t\t\t\t\t\t\t\t\t\t\t\t\t\t\t\t\t \t\t\t\t\t\t\t\t<\/div>\n\t\t\t\t\t\t\t\t<div class=\"image-tools top right show-on-hover\">\n\t\t\t\t\t\t\t\t\t\t\t\t\t\t\t\t\t<\/div>\n\t\t\t\t\t\t\t\t\t\t\t\t\t\t\t\t\t<div class=\"image-tools grid-tools text-center hide-for-small bottom hover-slide-in show-on-hover\">\n\t\t\t\t\t\t\t\t\t\t\t\t\t\t\t\t\t\t\t<\/div>\n\t\t\t\t\t\t\t\t\t\t\t\t\t\t\t\t\t\t\t\t\t\t\t<\/div>\n\n\t\t\t\t\t\t\t<div class=\"box-text text-center\" >\n\t\t\t\t\t\t\t\t<div class=\"title-wrapper\"><p class=\"name product-title woocommerce-loop-product__title\"><a href=\"https:\/\/ourstuff.dk\/en\/product\/strandsurfing-1-voksen-og-1-barn-sammen-blokhus-loekken\/\" class=\"woocommerce-LoopProduct-link woocommerce-loop-product__link\">Strandsurfing ved Blokhus\/L\u00f8kken &#8211; 1 voksen med 1 barn (maks. 40 kg)<\/a><\/p><\/div><div class=\"price-wrapper\">\n\t<span class=\"price\">From: <span class=\"woocommerce-Price-amount amount\"><bdi>500,00&nbsp;<span class=\"woocommerce-Price-currencySymbol\">kr.<\/span><\/bdi><\/span><\/span>\n<\/div>\t\t\t\t\t\t\t<\/div>\n\t\t\t\t\t\t<\/div>\n\t\t\t\t\t\t<\/div>\n\t\t\t\t\t<\/div><\/div>\n\n\n\t\t<\/div>\n\n\t\t\n<style>\n#section_2056389336 {\n  padding-top: 30px;\n  padding-bottom: 30px;\n}\n<\/style>\n\t<\/section>\n\t\n\n","protected":false},"excerpt":{"rendered":"","protected":false},"author":863,"featured_media":0,"parent":0,"menu_order":0,"comment_status":"closed","ping_status":"closed","template":"","meta":{"advanced_seo_description":"","jetpack_seo_html_title":"","jetpack_seo_noindex":false,"footnotes":""},"class_list":["post-16407","page","type-page","status-publish","hentry"],"jetpack_sharing_enabled":true,"_links":{"self":[{"href":"https:\/\/ourstuff.dk\/en\/wp-json\/wp\/v2\/pages\/16407","targetHints":{"allow":["GET"]}}],"collection":[{"href":"https:\/\/ourstuff.dk\/en\/wp-json\/wp\/v2\/pages"}],"about":[{"href":"https:\/\/ourstuff.dk\/en\/wp-json\/wp\/v2\/types\/page"}],"author":[{"embeddable":true,"href":"https:\/\/ourstuff.dk\/en\/wp-json\/wp\/v2\/users\/863"}],"replies":[{"embeddable":true,"href":"https:\/\/ourstuff.dk\/en\/wp-json\/wp\/v2\/comments?post=16407"}],"version-history":[{"count":2,"href":"https:\/\/ourstuff.dk\/en\/wp-json\/wp\/v2\/pages\/16407\/revisions"}],"predecessor-version":[{"id":16409,"href":"https:\/\/ourstuff.dk\/en\/wp-json\/wp\/v2\/pages\/16407\/revisions\/16409"}],"wp:attachment":[{"href":"https:\/\/ourstuff.dk\/en\/wp-json\/wp\/v2\/media?parent=16407"}],"curies":[{"name":"wp","href":"https:\/\/api.w.org\/{rel}","templated":true}]}}