{"id":9402,"date":"2024-11-20T11:16:43","date_gmt":"2024-11-20T10:16:43","guid":{"rendered":"https:\/\/ourstuff.dk\/?post_type=product&#038;p=9402"},"modified":"2024-11-26T14:30:06","modified_gmt":"2024-11-26T13:30:06","slug":"oplevelsespakke-500","status":"publish","type":"product","link":"https:\/\/ourstuff.dk\/de\/produkt\/oplevelsespakke-500\/","title":{"rendered":"Oplevelsespakke: Valgfri oplevelse i naturen"},"content":{"rendered":"<p><span style=\"color: #000000;\"><strong>\ud83c\udf10 Oplevelser i hele DK<\/strong><\/span><\/p>\n<p class=\"LC20lb MBeuO DKV0Md\">\ud83c\udf81 <span style=\"color: #000000;\"><strong>Den heldige modtager af gaven (eller hvis du k\u00f8ber til dig selv) kan v\u00e6lge mellem 10+ unikke oplevelser<\/strong><\/span><\/p>\n<p class=\"LC20lb MBeuO DKV0Md\">\ud83d\udce6 <span style=\"color: #000000;\"><strong>Sendes som PDF p\u00e5 mail eller i Gave\u00e6ske med posten<\/strong><\/span><\/p>\n<p class=\"LC20lb MBeuO DKV0Md\">\ud83d\udcc5 <span style=\"color: #000000;\"><strong>Oplevelsespakken kan benyttes i 3 \u00e5r (Og vi forl\u00e6nger gl\u00e6deligt eller tager retur)<\/strong><\/span><\/p>\n<p><span style=\"color: #000000;\"><strong>\ud83c\udf33\u00a0OurStuff donerer 1 tr\u00e6 pr. booking til en dansk skov<\/strong><\/span><\/p>\n<h2><span style=\"color: #000000;\">Gaven der altid rammer plet<\/span><\/h2>\n<p><span style=\"color: #000000;\"><span style=\"font-weight: 400;\">\u00d8nsker du at give en gave med fokus p\u00e5 b\u00e6redygtighed og natur, men er i tvivl om hvad &#8211; s\u00e5 er denne oplevelsespakke perfekt! <\/span><\/span><\/p>\n<p><span style=\"color: #000000;\"><span style=\"font-weight: 400;\">Med denne oplevelsespakke f\u00e5r gavemodtageren mulighed for, at v\u00e6lge pr\u00e6cis den oplevelse han eller hun \u00f8nsker blandt 10 forskellige, lige n\u00e5r det \u00f8nskes. <\/span><\/span><\/p>\n<p><span style=\"color: #000000;\"><span style=\"font-weight: 400;\">Vi vil skabe unikke oplevelser og minder, frem for at bidrage til overforbrug og masseproduktion.<\/span><\/span><\/p>\n<p><span style=\"color: #000000;\"><span style=\"font-weight: 400;\">Vi har over 23 \u00e5rs erfaring med at give folk gode oplevelser i naturen \u2013 oplevelser, der er skabt med tanke p\u00e5 at skabe minder sammen med dem, man holder af. N\u00e6sten alle oplevelser er for mindst 2 personer, og vi har mere end 20 certificerede og uddannede instrukt\u00f8rer, som st\u00e5r klar til at hj\u00e6lpe med unikke aktiviteter, som fx strandsurfing.\u00a0<\/span><\/span><\/p>\n<h2><span style=\"color: #000000;\">Hvilke oplevelser kan gavemodtageren v\u00e6lge i mellem?<\/span><\/h2>\n<p><span style=\"font-weight: 400;\"><span style=\"color: #000000;\">Der kan v\u00e6lges:<\/span><\/span><\/p>\n<ul>\n<li style=\"font-weight: 400;\" aria-level=\"1\"><b>2 dages E-Bike cykeltur<\/b><span style=\"font-weight: 400;\">\u00a0\u2013 Oplev Danmark fra sin smukkeste side p\u00e5 to elektriske mountainbikes. Overnat i naturen og fald i s\u00f8vn i vores moderne telt til solnedgangen. <em>(V\u00e6rdi 1.999 kr.)<\/em><\/span><\/li>\n<li style=\"font-weight: 400;\" aria-level=\"1\"><b>Rooftent<\/b><span style=\"font-weight: 400;\"> \u2013 Smid et luksustagtelt p\u00e5 bilen og k\u00f8r til en af de mange skjulte perler i naturen, hvor I overnatter 1 nat blandt tr\u00e6er eller ved vandkanten. <em>(V\u00e6rdi 799 kr.)<\/em><\/span><\/li>\n<li style=\"font-weight: 400;\" aria-level=\"1\"><b>Strandsurfing<\/b><span style=\"font-weight: 400;\"> \u2013 Strandsurfing i 2 timer p\u00e5 R\u00f8m\u00f8 er en oplevelse, der bare skal pr\u00f8ves! Det tager kun 10 minutter at l\u00e6re, og derefter kan du suse hen over Europas bedste strand. <em>(V\u00e6rdi 700 kr.)<\/em><\/span><\/li>\n<li style=\"font-weight: 400;\" aria-level=\"1\"><b>Glamnic<\/b><span style=\"font-weight: 400;\"> \u2013 Eksklusivt hos OurStuff! OurStuff er super stolte af at kunne tilbyde denne fantastiske nyhed: en Glamour\u00f8s Picnic i naturen. V\u00e6lg mellem luksusbrunch, kaffe og kage eller tapas. <em>(V\u00e6rdi 799 kr.)<\/em><\/span><\/li>\n<li style=\"font-weight: 400;\" aria-level=\"1\"><b>3-dages vandretur<\/b><span style=\"font-weight: 400;\">\u2013 Tag p\u00e5 en uforglemmelig 3-dages ekspeditions-\/vandretur p\u00e5 for 2 og oplev naturen i sin mest betagende form. OurStuff har s\u00f8rget for alt det n\u00f8dvendige udstyr. <em>(V\u00e6rdi 799 kr.)<\/em><\/span><\/li>\n<li style=\"font-weight: 400;\" aria-level=\"1\"><b>Glamping &#8211; <span style=\"font-weight: 400;\">Nyd 1 overnatning for 2 personer i vores glamping-telt <em>(V\u00e6rdi 799 kr.)<\/em><\/span><\/b><\/li>\n<li style=\"font-weight: 400;\" aria-level=\"1\"><b>Oppustelig telt<\/b><span style=\"font-weight: 400;\"> \u2013 Nyd 2 overnatninger for 4 personer <em>(V\u00e6rdi 799 kr.)<\/em><\/span><\/li>\n<li style=\"font-weight: 400;\" aria-level=\"1\"><b>Wings<\/b><span style=\"font-weight: 400;\"> \u2013 Surf henover stranden i 2 timer med et strand-skateboard, hvor du bruger vinden til at f\u00e5 fart p\u00e5. <em>(V\u00e6rdi 850 kr.)<\/em><\/span><\/li>\n<li style=\"font-weight: 400;\" aria-level=\"1\"><b>Vandreture<\/b><span style=\"font-weight: 400;\"> \u2013 Deltag i deres f\u00e6lles vandreture til steder som Norsminde, Himmelbjerget, Vesterhavet, M\u00f8ns Klint, Stevns Klint og flere. <em>(V\u00e6rdi 599 kr.)<\/em><\/span><\/li>\n<li style=\"font-weight: 400;\" aria-level=\"1\"><b>Disc-golf<\/b><span style=\"font-weight: 400;\"> \u2013 Den oplagte oplevelse til en sjov dag med venner eller familie, hvor I kan pr\u00f8ve kr\u00e6fter p\u00e5 nogle af de bedste baner. <em>(V\u00e6rdi 549 kr.)<\/em><\/span><\/li>\n<li style=\"font-weight: 400;\" aria-level=\"1\"><b>Fisketur<\/b><span style=\"font-weight: 400;\"> \u2013 Leje af fiskeudstyr for 2 personer, til en hyggelig dag ved vandet. Vi fort\u00e6ller, hvor der kan fiskes uden fisketegn samt Put\/Take-s\u00f8ger <em>(V\u00e6rdi 549 kr.)<\/em><\/span><\/li>\n<\/ul>\n<p><span style=\"font-weight: 400;\"><span style=\"color: #000000;\">OurStuff donerer et tr\u00e6 for hver oplevelse og er stolte af, at have mere end 10.000 glade g\u00e6ster hvert eneste \u00e5r. De gl\u00e6der sig til at se dig.\u00a0<\/span><\/span><\/p>\n<h2><span style=\"color: #000000;\">Hvordan fungerer det for gavemodtageren?<\/span><\/h2>\n<p><span style=\"color: #000000;\"><span style=\"font-weight: 400;\">Gavemodtager f\u00e5r et unikt link til en oplevelsesside, hvor alle de valgfrie oplevelser kan ses. Her kan han\/hun ogs\u00e5 l\u00e6se og se meget mere om de enkelte oplevelser, s\u00e5som lokation, tilg\u00e6ngelige datoer, etc. Med det unikke link, vil modtageren kunne v\u00e6lge pr\u00e6cis den oplevelse han\/hun \u00f8nsker &#8211; alt der skal g\u00f8res er at booke en dato.\u00a0<\/span><\/span><\/p>\n<p><span style=\"color: #000000;\"><span style=\"font-weight: 400;\">Vi gl\u00e6der os til, at give en fantastisk oplevelse.<\/span><\/span><\/p>\n<h2><span style=\"color: #000000;\">Hvor l\u00e6nge kan oplevelsespakken bruges?<\/span><\/h2>\n<p>Gyldighedsperiode: 3 \u00e5r efter k\u00f8b\/aktivering &#8211; Men selvf\u00f8lgelig med mulighed for forl\u00e6ngelse, ombytning eller returret til anvendt betalingskort i hele perioden. Vi vil g\u00f8re alt vi kan, for at give en god oplevelse! Og hvis ikke oplevelsen bliver brugt inden for 3 \u00e5r, s\u00e5 skal vi m\u00e5ske kigge indad og overveje om vores oplevelse er god nok \ud83d\ude42<\/p>\n","protected":false},"excerpt":{"rendered":"<p><span style=\"color: #000000;\"><span style=\"font-weight: 400;\">\u00d8nsker du at give en gave med fokus p\u00e5 b\u00e6redygtighed og natur, men er i tvivl om hvad du skal give? S\u00e5 er denne oplevelsespakke perfekt! Vi vil skabe unikke oplevelser og minder, frem for at bidrage til overforbrug og masseproduktion.<\/span><\/span><\/p>\n","protected":false},"featured_media":7808,"template":"","meta":{"advanced_seo_description":"","jetpack_seo_html_title":"","jetpack_seo_noindex":false},"product_brand":[],"product_cat":[208,209],"product_tag":[210],"class_list":{"0":"post-9402","1":"product","2":"type-product","3":"status-publish","4":"has-post-thumbnail","6":"product_cat-oplevelsespakker","7":"product_cat-oplevelsespakker-bf","8":"product_tag-oplevelsespakker","10":"first","11":"instock","12":"virtual","13":"taxable","14":"purchasable","15":"product-type-simple"},"booking_location":null,"booking_location_type":null,"booking_duration":null,"booking_duration_unit":null,"booking_buffer":null,"booking_cost":null,"booking_resources":null,"jetpack_sharing_enabled":true,"_links":{"self":[{"href":"https:\/\/ourstuff.dk\/de\/wp-json\/wp\/v2\/product\/9402","targetHints":{"allow":["GET"]}}],"collection":[{"href":"https:\/\/ourstuff.dk\/de\/wp-json\/wp\/v2\/product"}],"about":[{"href":"https:\/\/ourstuff.dk\/de\/wp-json\/wp\/v2\/types\/product"}],"wp:featuredmedia":[{"embeddable":true,"href":"https:\/\/ourstuff.dk\/de\/wp-json\/wp\/v2\/media\/7808"}],"wp:attachment":[{"href":"https:\/\/ourstuff.dk\/de\/wp-json\/wp\/v2\/media?parent=9402"}],"wp:term":[{"taxonomy":"product_brand","embeddable":true,"href":"https:\/\/ourstuff.dk\/de\/wp-json\/wp\/v2\/product_brand?post=9402"},{"taxonomy":"product_cat","embeddable":true,"href":"https:\/\/ourstuff.dk\/de\/wp-json\/wp\/v2\/product_cat?post=9402"},{"taxonomy":"product_tag","embeddable":true,"href":"https:\/\/ourstuff.dk\/de\/wp-json\/wp\/v2\/product_tag?post=9402"}],"curies":[{"name":"wp","href":"https:\/\/api.w.org\/{rel}","templated":true}]}}