{"id":8999,"date":"2024-11-05T11:45:41","date_gmt":"2024-11-05T10:45:41","guid":{"rendered":"https:\/\/ourstuff.dk\/?post_type=product&#038;p=8999"},"modified":"2025-02-13T14:45:10","modified_gmt":"2025-02-13T13:45:10","slug":"velgoerenhed-faa-fjernet-10-kg-havaffald","status":"publish","type":"product","link":"https:\/\/ourstuff.dk\/de\/produkt\/velgoerenhed-faa-fjernet-10-kg-havaffald\/","title":{"rendered":"Velg\u00f8renhed &#8211; F\u00e5 fjernet 10 kg havaffald"},"content":{"rendered":"<p><strong>\ud83d\udc6b Vi st\u00e5r for indsamlingen i samarbejde med Jobcenter Aarhus og STRANDET<\/strong><\/p>\n<p><strong style=\"font-size: 14.4px;\">\ud83c\udfde\ufe0f Sikre et bedre havmilj\u00f8<\/strong><\/p>\n<p><span style=\"text-decoration: underline;\"><strong>VELG\u00d8RENHED &#8211; PLASTAFFALD &#8211; DANSKE STRANDE<\/strong><\/span><\/p>\n<div class=\"flex max-w-full flex-col flex-grow\">\n<div class=\"min-h-8 text-message flex w-full flex-col items-end gap-2 whitespace-normal break-words [.text-message+&amp;]:mt-5\" dir=\"auto\" data-message-author-role=\"assistant\" data-message-id=\"dc079822-6bbb-424f-b0a4-0073d9b22a23\" data-message-model-slug=\"gpt-4o\">\n<div class=\"flex w-full flex-col gap-1 empty:hidden first:pt-[3px]\">\n<div class=\"markdown prose w-full break-words dark:prose-invert light\">\n<div class=\"flex-shrink-0 flex flex-col relative items-end\">\n<div class=\"pt-0\">\n<div class=\"gizmo-bot-avatar flex h-8 w-8 items-center justify-center overflow-hidden rounded-full\">\n<div class=\"relative p-1 rounded-sm flex items-center justify-center bg-token-main-surface-primary text-token-text-primary h-8 w-8\">F\u00e5 fjernet plastaffald fra danske strande. Ved at bruge dit gavekort p\u00e5 en strandoprydning, bliver der indsamlet 10 kg. havaffald (v\u00e6rdi 500 kr.) af os i samarbejde med Jobcenter Aarhus og STRANDET. P\u00e5 den m\u00e5de er du med til at sikre, at den strandede plast ikke ender i havet igen. I stedet genanvendes den bedste fraktion til nye produkter ved eksempelvis STRANDET, og resten bliver til energi og varme p\u00e5 forbr\u00e6ndingsanl\u00e6gget. Vi indsamler det p\u00e5 Vestkysten.<\/div>\n<\/div>\n<\/div>\n<\/div>\n<\/div>\n<\/div>\n<\/div>\n<\/div>\n<div>\u00a0<\/div>\n<h2>S\u00e5dan v\u00e6lger du denne donation<\/h2>\n<div>Vil du bruge dit gave p\u00e5, at f\u00e5 fjernet affald fra kysterne, s\u00e5 send os en mail p\u00e5 info@ourstuff.dk eller ring p\u00e5 27209020 og oplys din kode fra gavebeviset.<\/div>\n<div>\u00a0<\/div>\n<div class=\"mb-2 flex gap-3 empty:hidden -ml-2\">\n<div class=\"items-center justify-start rounded-xl p-1 flex\"><strong style=\"color: #555555; font-size: 14.4px;\">Du f\u00e5r:<\/strong><\/div>\n<\/div>\n<ul>\n<li>Indsamlet 10 kg<\/li>\n<li>Bevis p\u00e5 at der doneret 500 kr. til indsamling af 10 kg havaffald<\/li>\n<\/ul>\n<p><span style=\"font-weight: 400;\">Vi har f\u00e5et tilladelse af Naturstyrelsen til at samle skrald ind i et omr\u00e5de af Nationalpark Vadehavet mellem S\u00f8nderstrand og Lakolk p\u00e5 R\u00f8m\u00f8. Vi udf\u00f8rer indsamlingen i l\u00f8bet af for\u00e5ret og sommeren 2025.<\/span><\/p>\n<p><span style=\"font-weight: 400;\">Din donation g\u00e5r til dette projekt, og vi sender dokumentation for, at indsamlingen er gennemf\u00f8rt, n\u00e5r skraldet er samlet i poser og deponeret p\u00e5 forsvarlig vis.<\/span><\/p>\n","protected":false},"excerpt":{"rendered":"<p>F\u00e5 fjernet plastaffald fra stranden. Ved at bruge dit gavekort p\u00e5 en strandoprydning, bliver der indsamlet 10 kg. havaffald (v\u00e6rdi 500 kr.) af os i samarbejde med Jobcenter Aarhus. P\u00e5 den m\u00e5de er du med til at sikre, at den strandede plast ikke ender i havet igen. I stedet genanvendes den bedste fraktion til nye produkter ved eksempelvis STRANDET, og resten bliver til energi og varme p\u00e5 forbr\u00e6ndingsanl\u00e6gget.<\/p>\n","protected":false},"featured_media":8994,"template":"","meta":{"advanced_seo_description":"","jetpack_seo_html_title":"","jetpack_seo_noindex":false},"product_brand":[],"product_cat":[196,202],"product_tag":[160,200],"class_list":{"0":"post-8999","1":"product","2":"type-product","3":"status-publish","4":"has-post-thumbnail","6":"product_cat-velgoerenhed-b2b","7":"product_cat-velgoerenhed-b2b-5","8":"product_tag-hele-dk","9":"product_tag-velgoerenhed","11":"first","12":"instock","13":"virtual","14":"taxable","15":"purchasable","16":"product-type-simple"},"booking_location":null,"booking_location_type":null,"booking_duration":null,"booking_duration_unit":null,"booking_buffer":null,"booking_cost":null,"booking_resources":null,"jetpack_sharing_enabled":true,"_links":{"self":[{"href":"https:\/\/ourstuff.dk\/de\/wp-json\/wp\/v2\/product\/8999","targetHints":{"allow":["GET"]}}],"collection":[{"href":"https:\/\/ourstuff.dk\/de\/wp-json\/wp\/v2\/product"}],"about":[{"href":"https:\/\/ourstuff.dk\/de\/wp-json\/wp\/v2\/types\/product"}],"wp:featuredmedia":[{"embeddable":true,"href":"https:\/\/ourstuff.dk\/de\/wp-json\/wp\/v2\/media\/8994"}],"wp:attachment":[{"href":"https:\/\/ourstuff.dk\/de\/wp-json\/wp\/v2\/media?parent=8999"}],"wp:term":[{"taxonomy":"product_brand","embeddable":true,"href":"https:\/\/ourstuff.dk\/de\/wp-json\/wp\/v2\/product_brand?post=8999"},{"taxonomy":"product_cat","embeddable":true,"href":"https:\/\/ourstuff.dk\/de\/wp-json\/wp\/v2\/product_cat?post=8999"},{"taxonomy":"product_tag","embeddable":true,"href":"https:\/\/ourstuff.dk\/de\/wp-json\/wp\/v2\/product_tag?post=8999"}],"curies":[{"name":"wp","href":"https:\/\/api.w.org\/{rel}","templated":true}]}}