{"id":8879,"date":"2024-11-01T14:21:54","date_gmt":"2024-11-01T13:21:54","guid":{"rendered":"https:\/\/ourstuff.dk\/?post_type=product&#038;p=8879"},"modified":"2025-04-04T09:39:15","modified_gmt":"2025-04-04T07:39:15","slug":"vandretur-m-guide-vesterhavet-3-dage-for-1-person","status":"publish","type":"product","link":"https:\/\/ourstuff.dk\/de\/produkt\/vandretur-m-guide-vesterhavet-3-dage-for-1-person\/","title":{"rendered":"Vandretur m. guide &#8211; Vesterhavet &#8211; 3 dage for 1 person"},"content":{"rendered":"<p><strong>\ud83d\udde3\ufe0f Turguide fra OurStuff<\/strong><\/p>\n<p><strong>\ud83d\udc6b Oplevelsesrige dag i godt selskab\u00a0<\/strong><\/p>\n<p><strong>\ud83c\udfd4\ufe0f Smuk vandretur med imponerende udsigter langs Vestkysten<\/strong><\/p>\n<p><strong>\u26fa Shelterovernatning og naturoplevelse i s\u00e6rklasse<\/strong><\/p>\n<p><strong>\ud83e\udd6a Morgenmad og hyggelige pauser undervejs<\/strong><\/p>\n<p><strong>\ud83d\ude0a Kr\u00e6ver ikke andet end g\u00e5p\u00e5mod og det gode hum\u00f8r<\/strong><\/p>\n<p><strong>\ud83c\udf33 OurStuff donerer 1 tr\u00e6 pr. booking til en dansk skov<\/strong><\/p>\n<p><u><strong>VANDRETUR &#8211; BLOKHUS TIL HIRTSHALS &#8211; NATUROPLEVELSE<\/strong><\/u><\/p>\n<p><em>Hyggelig vandretur for alle<\/em><\/p>\n<p>Tag med p\u00e5 en uforglemmelig miniferie langs Vesterhavet fra Blokhus til Hirtshals. Turen str\u00e6kker sig over ca. 60 km med overnatning i shelters i b\u00e5de L\u00f8kken og L\u00f8nstrup. Hver dag bringer nye, unikke oplevelser af den danske vestkysts fantastiske landskaber og historie, hvor istidens spor og den r\u00e5 natur skaber uforglemmelige \u00f8jeblikke. Vi s\u00f8rger for morgenmad. Frokost og aftensmad er for egen regning, hvor vi spiser p\u00e5 forskellige restauranter.<\/p>\n<h2>Hvor starter vandreturen?<\/h2>\n<p>Blokshus S\u00f8m\u00e6rke.<\/p>\n<h2>Program:<\/h2>\n<p><strong>Startpunkt<\/strong>: Blokhus S\u00f8m\u00e6rke. Vi anbefaler transport til Blokhus, da turen ender i Hirtshals.<\/p>\n<p><strong>Dagsruter<\/strong>:<\/p>\n<ul>\n<li style=\"list-style-type: none;\">\n<ul>\n<li><strong>Dag 1<\/strong>: Blokhus til L\u00f8kken (20 km). Overnatning i shelter.<\/li>\n<li><strong>Dag 2<\/strong>: L\u00f8kken til L\u00f8nstrup (18 km). Overnatning i shelter.<\/li>\n<li><strong>Dag 3<\/strong>: L\u00f8nstrup til Hirtshals (22 km).<\/li>\n<\/ul>\n<\/li>\n<\/ul>\n<h2>Hvorn\u00e5r kan denne oplevelse bruges?<\/h2>\n<p>16\/5 og 12\/9<\/p>\n<p><strong>Du f\u00e5r:<\/strong><\/p>\n<ul>\n<li>Vandretur for 1 person<\/li>\n<li>Guidet gruppetur<\/li>\n<li>Shelterovertnatninger<\/li>\n<li>Morgenmad x 2 p\u00e5 L\u00f8kken Badehotel og Villa Vest<\/li>\n<\/ul>\n<p>&nbsp;<\/p>\n","protected":false},"excerpt":{"rendered":"<p>Tag med p\u00e5 en smuk og oplevelsesrig 3-dages vandretur fra Blokhus til Hirtshals langs Vesterhavet med overnatning i shelters og guidet introduktion til vestkystens fantastiske natur og historie. Turen inkluderer to overnatninger i shelters, morgenmad, hyggelige pauser, og der plantes et tr\u00e6 for hver booking gennem OurStuff.<\/p>\n","protected":false},"featured_media":8859,"template":"","meta":{"advanced_seo_description":"","jetpack_seo_html_title":"","jetpack_seo_noindex":false},"product_brand":[],"product_cat":[126,186],"product_tag":[187,189,188],"class_list":{"0":"post-8879","1":"product","2":"type-product","3":"status-publish","4":"has-post-thumbnail","6":"product_cat-b2b9-alle","7":"product_cat-vandretur-m-guide-b2b","8":"product_tag-blokhus","9":"product_tag-hirtshals","10":"product_tag-loenstrup","12":"first","13":"instock","14":"virtual","15":"sold-individually","16":"taxable","17":"purchasable","18":"product-type-booking"},"booking_location":"","booking_location_type":"","booking_duration":1,"booking_duration_unit":"day","booking_buffer":0,"booking_cost":0,"booking_resources":[],"jetpack_sharing_enabled":true,"_links":{"self":[{"href":"https:\/\/ourstuff.dk\/de\/wp-json\/wp\/v2\/product\/8879","targetHints":{"allow":["GET"]}}],"collection":[{"href":"https:\/\/ourstuff.dk\/de\/wp-json\/wp\/v2\/product"}],"about":[{"href":"https:\/\/ourstuff.dk\/de\/wp-json\/wp\/v2\/types\/product"}],"wp:featuredmedia":[{"embeddable":true,"href":"https:\/\/ourstuff.dk\/de\/wp-json\/wp\/v2\/media\/8859"}],"wp:attachment":[{"href":"https:\/\/ourstuff.dk\/de\/wp-json\/wp\/v2\/media?parent=8879"}],"wp:term":[{"taxonomy":"product_brand","embeddable":true,"href":"https:\/\/ourstuff.dk\/de\/wp-json\/wp\/v2\/product_brand?post=8879"},{"taxonomy":"product_cat","embeddable":true,"href":"https:\/\/ourstuff.dk\/de\/wp-json\/wp\/v2\/product_cat?post=8879"},{"taxonomy":"product_tag","embeddable":true,"href":"https:\/\/ourstuff.dk\/de\/wp-json\/wp\/v2\/product_tag?post=8879"}],"curies":[{"name":"wp","href":"https:\/\/api.w.org\/{rel}","templated":true}]}}