{"id":8858,"date":"2024-11-01T11:50:14","date_gmt":"2024-11-01T10:50:14","guid":{"rendered":"https:\/\/ourstuff.dk\/?post_type=product&#038;p=8858"},"modified":"2025-04-04T09:32:17","modified_gmt":"2025-04-04T07:32:17","slug":"vandretur-m-guide-blokhus-til-loenstrup-1-dag-for-1-person","status":"publish","type":"product","link":"https:\/\/ourstuff.dk\/de\/produkt\/vandretur-m-guide-blokhus-til-loenstrup-1-dag-for-1-person\/","title":{"rendered":"Vandretur m. guide &#8211; Blokhus til L\u00f8nstrup &#8211; 1 dag for 1 person"},"content":{"rendered":"<p><strong>\ud83d\udde3\ufe0f Turguide fra OurStuff<\/strong><\/p>\n<p><strong>\ud83d\udc6b En oplevelsesrig dag i godt selskab\u00a0<\/strong><\/p>\n<p><strong>\ud83c\udfd4\ufe0f Smuk vandretur med imponerende udsigter langs Vestkysten<\/strong><\/p>\n<p><strong>\ud83e\udd6a Sandwich og kaffe\/te undervejs<\/strong><\/p>\n<p><strong>\ud83d\ude0a Kr\u00e6ver ikke andet end g\u00e5p\u00e5mod og det gode hum\u00f8r<\/strong><\/p>\n<p><strong>\ud83c\udf33 OurStuff donerer 1 tr\u00e6 pr. booking til en dansk skov<\/strong><\/p>\n<p><u><strong>VANDRETUR &#8211; BLOKHUS TIL L\u00d8NSTRUP &#8211; NATUROPLEVELSE<\/strong><\/u><\/p>\n<p><em>Hyggelig vandretur for alle<\/em><\/p>\n<p>Tag med p\u00e5 en uforglemmelig 1-dags vandretur langs den smukke vestkyst fra Blokhus til L\u00f8nstrup! Oplev naturen t\u00e6t p\u00e5 i selskab med vores dygtige guide, der kender alle de unikke steder og udsigter undervejs. P\u00e5 ruten passerer vi flotte, ikoniske steder som Rubjerg Knude Fyr og de smukke kyststr\u00e6kninger med klitlandskaber og havudsigt.<\/p>\n<p>Undervejs nyder vi en velsmagende sandwich og en pause med kaffe\/te, s\u00e5 energien holdes oppe. Turen d\u00e6kker ca. 18 km og tager omkring 5-6 timer, alt afh\u00e6ngig af tempo og pauser.<\/p>\n<p>Efter ankomst til L\u00f8nstrup afslutter vi dagen med lidt hygge, inden vi tager en afslappende bustur tilbage til Blokhus (varighed: ca. 1 time).<\/p>\n<h2>Hvor starter vandreturen?<\/h2>\n<p>Blokshus S\u00f8m\u00e6rke<\/p>\n<h2>Hvorn\u00e5r kan denne oplevelse bruges?<\/h2>\n<p>26\/4 og 7\/9<\/p>\n<p><strong>Du f\u00e5r:<\/strong><\/p>\n<ul>\n<li>Vandretur for 1 person<\/li>\n<li>Guidet gruppetur<\/li>\n<li>Sandwich<\/li>\n<li>Kaffe<\/li>\n<li>Busbillet<\/li>\n<\/ul>\n<p>&nbsp;<\/p>\n","protected":false},"excerpt":{"rendered":"<p>Oplev Vestkystens natur p\u00e5 en 1-dags vandretur fra Blokhus til L\u00f8nstrup med guide, sandwich, kaffe og afsluttende bustur tilbage \u2013 kun g\u00e5p\u00e5mod og godt hum\u00f8r kr\u00e6ves!<\/p>\n","protected":false},"featured_media":8859,"template":"","meta":{"advanced_seo_description":"","jetpack_seo_html_title":"","jetpack_seo_noindex":false},"product_brand":[],"product_cat":[123,124,186],"product_tag":[187,188],"class_list":{"0":"post-8858","1":"product","2":"type-product","3":"status-publish","4":"has-post-thumbnail","6":"product_cat-b2b3-alle","7":"product_cat-b2b5-alle","8":"product_cat-vandretur-m-guide-b2b","9":"product_tag-blokhus","10":"product_tag-loenstrup","12":"first","13":"instock","14":"virtual","15":"sold-individually","16":"taxable","17":"purchasable","18":"product-type-booking"},"booking_location":"","booking_location_type":"","booking_duration":1,"booking_duration_unit":"day","booking_buffer":0,"booking_cost":0,"booking_resources":[],"jetpack_sharing_enabled":true,"_links":{"self":[{"href":"https:\/\/ourstuff.dk\/de\/wp-json\/wp\/v2\/product\/8858","targetHints":{"allow":["GET"]}}],"collection":[{"href":"https:\/\/ourstuff.dk\/de\/wp-json\/wp\/v2\/product"}],"about":[{"href":"https:\/\/ourstuff.dk\/de\/wp-json\/wp\/v2\/types\/product"}],"wp:featuredmedia":[{"embeddable":true,"href":"https:\/\/ourstuff.dk\/de\/wp-json\/wp\/v2\/media\/8859"}],"wp:attachment":[{"href":"https:\/\/ourstuff.dk\/de\/wp-json\/wp\/v2\/media?parent=8858"}],"wp:term":[{"taxonomy":"product_brand","embeddable":true,"href":"https:\/\/ourstuff.dk\/de\/wp-json\/wp\/v2\/product_brand?post=8858"},{"taxonomy":"product_cat","embeddable":true,"href":"https:\/\/ourstuff.dk\/de\/wp-json\/wp\/v2\/product_cat?post=8858"},{"taxonomy":"product_tag","embeddable":true,"href":"https:\/\/ourstuff.dk\/de\/wp-json\/wp\/v2\/product_tag?post=8858"}],"curies":[{"name":"wp","href":"https:\/\/api.w.org\/{rel}","templated":true}]}}