{"id":8747,"date":"2024-10-31T14:49:24","date_gmt":"2024-10-31T13:49:24","guid":{"rendered":"https:\/\/ourstuff.dk\/?post_type=product&#038;p=8747"},"modified":"2024-10-31T14:50:44","modified_gmt":"2024-10-31T13:50:44","slug":"kaffee-und-kuchen-glamnic-fuer-2-roemoe-kopier-kopier-kopier-kopier-kopier-kopier-7","status":"publish","type":"product","link":"https:\/\/ourstuff.dk\/de\/produkt\/kaffee-und-kuchen-glamnic-fuer-2-roemoe-kopier-kopier-kopier-kopier-kopier-kopier-7\/","title":{"rendered":"KAFFEE UND KUCHEN GLAMNIC F\u00dcR 2 &#8211; R\u00d8M\u00d8 (Kopier) (Kopier) (Kopier) (Kopier) (Kopier) (Kopier)"},"content":{"rendered":"<p><span style=\"color: #000000;\"><strong><u>GLAMNIC \u2013 LUXUS \u2013 NATURERLEBNIS<\/u><\/strong><\/span><br \/>\n<span style=\"color: #000000;\">Erleben Sie GLAMNIC \u2013 D\u00e4nemarks neueste Picknick-Sensation<\/span><\/p>\n<p><span style=\"color: #000000;\"><strong>\ud83d\udeb2 ALLE Ger\u00e4te sind vorhanden. luxuri\u00f6ses Schutz- und Schattenzelt, Komfortst\u00fchle und Tisch von NORDISK,<\/strong><\/span><\/p>\n<p><span style=\"color: #000000;\"><strong>\ud83c\udfd6Entdecken Sie D\u00e4nemarks spektakul\u00e4re Natur Ihrer Wahl<\/strong><\/span><\/p>\n<p><span style=\"color: #000000;\"><strong>\ud83c\udf31 Nachhaltige und leichte Qualit\u00e4tsger\u00e4te von der d\u00e4nischen NORDISK<\/strong><\/span><\/p>\n<p><span style=\"color: #000000;\"><strong>\ud83d\uddfa\ufe0f Wir machen Vorschl\u00e4ge f\u00fcr Orte, damit Sie sich nur an sich selbst erinnern m\u00fcssen<\/strong><\/span><\/p>\n<p><span style=\"color: #000000;\">\ud83d\udccd <strong>Die Lieferung erfolgt in S\u00f8nderstrand, R\u00f8m\u00f8 <\/strong> <\/span><\/p>\n<p><span style=\"color: #000000;\"><strong>\ud83c\udf33 OurStuff spendet 1 Baum pro Buchung an einen d\u00e4nischen Wald<\/strong><\/span><\/p>\n<p><span style=\"color: #000000;\">Tr\u00e4umen Sie davon, Glamour, Natur und k\u00f6stliches Essen in einem einzigartigen Erlebnis zu kombinieren? Dann ist GLAMNIC die Antwort auf Ihre W\u00fcnsche! Dies ist das Picknick-Erlebnis, das Ihre Outdoor-Momente in unvergessliche Erinnerungen verwandelt. Willkommen in einer Welt voller Luxus, Naturerlebnisse und guter Zeiten mit Ihren Lieben.<\/span><\/p>\n<p><span style=\"color: #000000;\"><strong>Was ist GLAMNIC?<\/strong><\/span><\/p>\n<p><span style=\"color: #000000;\">GLAMNIC ist viel mehr als nur ein Picknick. Es ist ein Komplettpaket, mit dem Sie in wenigen Minuten aufbauen und die Natur auf glamour\u00f6se Weise genie\u00dfen k\u00f6nnen. Laden Sie einen Ihrer Liebsten ein und lassen Sie uns den Rest erledigen!<\/span><\/p>\n<p><span style=\"color: #000000;\">Wir haben an die notwendige Ausr\u00fcstung gedacht, damit Sie sich um nichts k\u00fcmmern m\u00fcssen. Unsere Ausstattung ist hochwertig und reicht von bequemen Sitzkissen und Decken bis hin zu stilvollen Tischdekorationen. Und was w\u00e4re ein Picknick ohne leckeres Essen? Unsere Tapas-Platte ist ein au\u00dfergew\u00f6hnliches Geschmackserlebnis.<\/span><\/p>\n<p><span style=\"color: #000000;\"><b>Kaffee und Kuchen<\/b><\/span><\/p>\n<p><span style=\"color: #000000;\">Basierend auf der s\u00fcdj\u00fctl\u00e4ndischen Kaffeetafel haben wir ein k\u00f6stliches Kuchengericht mit begleitendem Kaffee\/Tee und Schokolade zusammengestellt.<\/span><\/p>\n<p><span style=\"color: #000000;\"><strong>W\u00e4hlen Sie Ihren Traumort<\/strong><\/span><\/p>\n<p><span style=\"color: #000000;\">GLAMNIC ist flexibel und kann an den Orten angeordnet werden, die Ihnen am wichtigsten sind. Vielleicht m\u00f6chten Sie es in einem malerischen Park halten, in die abenteuerliche Natur von R\u00f8m\u00f8 gehen. Egal, wo Sie Ihr Picknick platzieren, wir sorgen daf\u00fcr, dass es ein unvergessliches Erlebnis wird.<\/span><\/p>\n<p><span style=\"color: #000000;\"><strong>Vielleicht D\u00e4nemarks bestes Restaurant mit der besten Aussicht<\/strong><\/span><\/p>\n<p><span style=\"color: #000000;\">Mit GLAMNIC haben Sie die M\u00f6glichkeit, ein Restauranterlebnis zu schaffen, das die meisten Dinge \u00fcbertrifft. Sie haben die beste Aussicht in Ihrer Umgebung, und das Beste ist, dass Sie keinen Tisch im Voraus reservieren oder sich Gedanken \u00fcber Wartezeiten machen m\u00fcssen. Sie bestimmen Zeit und Ort!<\/span><\/p>\n<p><span style=\"color: #000000;\"><strong>Schaffen Sie unvergessliche Erinnerungen mit GLAMNIC<\/strong><\/span><\/p>\n<p><span style=\"color: #000000;\">Bei GLAMNIC geht es darum, die guten Dinge des Lebens zu sch\u00e4tzen: mit seinen Lieben zusammen zu sein, in einer sch\u00f6nen Umgebung und mit leckerem Essen und Trinken. Es ist an der Zeit, Erinnerungen zu schaffen, die ein Leben lang halten.<\/span><\/p>\n<p><span style=\"color: #000000;\">Warum also warten? Machen Sie sich bereit f\u00fcr ein au\u00dfergew\u00f6hnliches Picknick-Erlebnis mit GLAMNIC. Buchen Sie noch heute Ihr glamour\u00f6ses Picknick und lassen Sie sich von uns helfen, unvergessliche Erinnerungen in der Natur zu schaffen.<\/span><\/p>\n","protected":false},"excerpt":{"rendered":"<p><span style=\"color: #000000;\">Machen Sie einen erfrischenden Ausflug an der Nordsee! Erkunden Sie die Natur am UNESCO-gesch\u00fctzten Strand R\u00f8m\u00f8 und genie\u00dfen Sie ein k\u00f6stliches Essen in der wundersch\u00f6nen Umgebung. Jung, alt oder zwischendurch, Paare oder Freunde, es kann eine einzigartige Erfahrung sein, die man mit jemandem teilen kann, der einem wichtig ist.<\/span><\/p>\n","protected":false},"featured_media":7147,"template":"","meta":{"advanced_seo_description":"","jetpack_seo_html_title":"","jetpack_seo_noindex":false},"product_brand":[],"product_cat":[15],"product_tag":[],"class_list":{"0":"post-8747","1":"product","2":"type-product","3":"status-publish","4":"has-post-thumbnail","6":"product_cat-uncategorized","8":"first","9":"instock","10":"virtual","11":"sold-individually","12":"taxable","13":"purchasable","14":"product-type-booking"},"booking_location":"","booking_location_type":"","booking_duration":1,"booking_duration_unit":"day","booking_buffer":0,"booking_cost":0,"booking_resources":[],"jetpack_sharing_enabled":true,"_links":{"self":[{"href":"https:\/\/ourstuff.dk\/de\/wp-json\/wp\/v2\/product\/8747","targetHints":{"allow":["GET"]}}],"collection":[{"href":"https:\/\/ourstuff.dk\/de\/wp-json\/wp\/v2\/product"}],"about":[{"href":"https:\/\/ourstuff.dk\/de\/wp-json\/wp\/v2\/types\/product"}],"wp:featuredmedia":[{"embeddable":true,"href":"https:\/\/ourstuff.dk\/de\/wp-json\/wp\/v2\/media\/7147"}],"wp:attachment":[{"href":"https:\/\/ourstuff.dk\/de\/wp-json\/wp\/v2\/media?parent=8747"}],"wp:term":[{"taxonomy":"product_brand","embeddable":true,"href":"https:\/\/ourstuff.dk\/de\/wp-json\/wp\/v2\/product_brand?post=8747"},{"taxonomy":"product_cat","embeddable":true,"href":"https:\/\/ourstuff.dk\/de\/wp-json\/wp\/v2\/product_cat?post=8747"},{"taxonomy":"product_tag","embeddable":true,"href":"https:\/\/ourstuff.dk\/de\/wp-json\/wp\/v2\/product_tag?post=8747"}],"curies":[{"name":"wp","href":"https:\/\/api.w.org\/{rel}","templated":true}]}}