{"id":8730,"date":"2024-10-31T14:21:53","date_gmt":"2024-10-31T13:21:53","guid":{"rendered":"https:\/\/ourstuff.dk\/?post_type=product&#038;p=8730"},"modified":"2026-03-23T15:02:09","modified_gmt":"2026-03-23T14:02:09","slug":"e-biketur-m-telt-2-dag-for-2-personer","status":"publish","type":"product","link":"https:\/\/ourstuff.dk\/de\/produkt\/e-biketur-m-telt-2-dag-for-2-personer\/","title":{"rendered":"E-Bike: 3-dags tur til Sams\u00f8"},"content":{"rendered":"<p><strong>\ud83c\udf10 Aarhus og Kbh<\/strong><\/p>\n<p><strong>\ud83d\udd53 2 overnatninger<\/strong><\/p>\n<p><strong>\ud83c\udfcb\ufe0f\u200d\u2640\ufe0f Da cyklerne er p\u00e5 el, kan I virkelig give den gas og komme p\u00e5 fede ture<\/strong><\/p>\n<p><strong>\ud83c\udf33 F\u00e5 et ordentligt skud natur<\/strong><\/p>\n<p><strong><img decoding=\"async\" class=\"emoji\" role=\"img\" draggable=\"false\" src=\"https:\/\/s.w.org\/images\/core\/emoji\/15.0.3\/svg\/1f50e.svg\" alt=\"\ud83d\udd0e\" \/> Opdag Danmarks spektakul\u00e6re natur efter eget valg<\/strong><\/p>\n<p class=\"text-left mb-4\"><strong><img decoding=\"async\" class=\"emoji\" role=\"img\" draggable=\"false\" src=\"https:\/\/s.w.org\/images\/core\/emoji\/15.0.3\/svg\/1f331.svg\" alt=\"\ud83c\udf31\" \/> B\u00e6redygtigt og kvalitetsudstyr fra SPECIALIZED og NORDISK<\/strong><\/p>\n<p><strong><img decoding=\"async\" class=\"emoji\" role=\"img\" draggable=\"false\" src=\"https:\/\/s.w.org\/images\/core\/emoji\/15.0.3\/svg\/1f5fa.svg\" alt=\"\ud83d\uddfa\ufe0f\" \/>\u00a0Vi kommer med forslag til ruter, s\u00e5 I bare skal huske jer selv<\/strong><\/p>\n<p><strong><img decoding=\"async\" class=\"emoji\" role=\"img\" draggable=\"false\" src=\"https:\/\/s.w.org\/images\/core\/emoji\/15.0.3\/svg\/1f333.svg\" alt=\"\ud83c\udf33\" \/>\u00a0OurStuff donerer 1 tr\u00e6 pr. booking til en dansk skov<\/strong><\/p>\n<p><strong><u>TUR MED K\u00c6RESTEN, EN VEN ELLER ET FAMILIEMEDLEM \u2013 TOPMODERNE UDSTYR \u2013 NATUROPLEVELSE I GODT SELSKAB<\/u><\/strong><\/p>\n<p>Oplev Danmark p\u00e5 en helt ny m\u00e5de med vores sp\u00e6ndende E-Bike tur!<\/p>\n<p>Med denne fantastiske pakke f\u00e5r du muligheden for at leje 2 E-Mountainbikes i 2 dage og udforske det danske landskab p\u00e5 to hjul. Vi giver dig ogs\u00e5 forslag til fantastiske ruter, hvor I kan overnatte, der f\u00f8rer jer gennem smukke omr\u00e5der og natursk\u00f8nheder, hvor I s\u00e5 kan sl\u00e5 lejr, pr\u00e6cis hvor I \u00f8nsker det.<\/p>\n<p>Dette unikke koncept er skr\u00e6ddersyet til Danmark, og det er den perfekte oplevelse for dem, der \u00f8nsker at opleve landet fra cykelsadlen.<\/p>\n<p>Vores Specialized turbo tero 4.0 E-MTBs har en imponerende r\u00e6kkevidde, s\u00e5 du aldrig f\u00f8ler dig begr\u00e6nset. Samtidigt f\u00e5r i et letv\u00e6gstelt og liggeunderlag fra NORDISK.<\/p>\n<p>Inviter din partner, ven eller et familiemedlem med, for denne oplevelse er for 2 personer. Kom og udforsk Danmark p\u00e5 en helt ny m\u00e5de og skab minder for livet med vores E-Bike tur!<\/p>\n<h2>Hvorn\u00e5r kan denne oplevelse bruges?<\/h2>\n<p>Hele \u00e5ret i rundt.<\/p>\n<h2>Hvor kan jeg afhente\/aflevere udstyret?<\/h2>\n<p>Udstyret kan afhentes i Aarhus eller Kbh.<\/p>\n<ul>\n<li>Aarhus: fra d 5\/4-26\/10<\/li>\n<li>Kbh: d. 17\/5, 3\/6, 23\/8 og 13\/9<\/li>\n<\/ul>\n<p><strong>Du f\u00e5r:<\/strong><\/p>\n<ul>\n<li>2 dages leje af 2 x topmoderne E-bikes fra SPECIALIZED<\/li>\n<li>1 letv\u00e6gtstelt fra NORDISK<\/li>\n<li>2 liggeunderlag fra NORDISK<\/li>\n<li>Turforslag<\/li>\n<\/ul>\n","protected":false},"excerpt":{"rendered":"<p>Oplev Danmark p\u00e5 en sp\u00e6ndende Specialized E-Bike tur for 2 personer! Udforsk naturen i jeres eget tempo med vores topmoderne E-Bikes, og overnat i naturen. F\u00e5 forslag til fantastiske ruter gennem Danmarks smukke landskaber og skab minder for livet!<\/p>\n<p>&nbsp;<\/p>\n","protected":false},"featured_media":16271,"template":"","meta":{"advanced_seo_description":"","jetpack_seo_html_title":"","jetpack_seo_noindex":false},"product_brand":[],"product_cat":[126,179,109],"product_tag":[137,138],"class_list":{"0":"post-8730","1":"product","2":"type-product","3":"status-publish","4":"has-post-thumbnail","6":"product_cat-b2b9-alle","7":"product_cat-e-bike-b2b","8":"product_cat-gaver-overnatning","9":"product_tag-aarhus","10":"product_tag-kbh","12":"first","13":"instock","14":"virtual","15":"sold-individually","16":"taxable","17":"purchasable","18":"product-type-booking"},"booking_location":"","booking_location_type":"","booking_duration":2,"booking_duration_unit":"day","booking_buffer":0,"booking_cost":0,"booking_resources":[],"jetpack_sharing_enabled":true,"_links":{"self":[{"href":"https:\/\/ourstuff.dk\/de\/wp-json\/wp\/v2\/product\/8730","targetHints":{"allow":["GET"]}}],"collection":[{"href":"https:\/\/ourstuff.dk\/de\/wp-json\/wp\/v2\/product"}],"about":[{"href":"https:\/\/ourstuff.dk\/de\/wp-json\/wp\/v2\/types\/product"}],"wp:featuredmedia":[{"embeddable":true,"href":"https:\/\/ourstuff.dk\/de\/wp-json\/wp\/v2\/media\/16271"}],"wp:attachment":[{"href":"https:\/\/ourstuff.dk\/de\/wp-json\/wp\/v2\/media?parent=8730"}],"wp:term":[{"taxonomy":"product_brand","embeddable":true,"href":"https:\/\/ourstuff.dk\/de\/wp-json\/wp\/v2\/product_brand?post=8730"},{"taxonomy":"product_cat","embeddable":true,"href":"https:\/\/ourstuff.dk\/de\/wp-json\/wp\/v2\/product_cat?post=8730"},{"taxonomy":"product_tag","embeddable":true,"href":"https:\/\/ourstuff.dk\/de\/wp-json\/wp\/v2\/product_tag?post=8730"}],"curies":[{"name":"wp","href":"https:\/\/api.w.org\/{rel}","templated":true}]}}