{"id":8243,"date":"2024-10-25T12:44:36","date_gmt":"2024-10-25T10:44:36","guid":{"rendered":"https:\/\/ourstuff.dk\/?post_type=product&#038;p=8243"},"modified":"2025-04-04T14:42:45","modified_gmt":"2025-04-04T12:42:45","slug":"biograftur-inkl-middag-m-retter-2-personer","status":"publish","type":"product","link":"https:\/\/ourstuff.dk\/de\/produkt\/biograftur-inkl-middag-m-retter-2-personer\/","title":{"rendered":"Biograftur inkl. middag m. retter &#8211; 2 personer"},"content":{"rendered":"<p><span style=\"color: #000000;\"><u><strong>MIDDAG &#8211; BIOGRAF\u00a0 &#8211; NORDISK FILM<\/strong><\/u><\/span><\/p>\n<p><span class=\"OYPEnA font-feature-liga-off font-feature-clig-off font-feature-calt-off text-decoration-none text-strikethrough-none\">An oldie but a goldie. Den klassiske oplevelse med en middag og en tur i biografen, skuffer sj\u00e6ldent. Her f\u00e5r I en middag (2 retter) p\u00e5 nogle af vores udvalgte restauranter og 2 biografbilletter til Nordisk Film. Perfekt til en date-aften.<\/span><\/p>\n<p><span style=\"color: #000000;\"><img decoding=\"async\" class=\"emoji\" role=\"img\" draggable=\"false\" src=\"https:\/\/s.w.org\/images\/core\/emoji\/15.0.3\/svg\/1f3a5.svg\" alt=\"\ud83c\udfa5\" \/> Se en film p\u00e5 det store l\u00e6rred<\/span><\/p>\n<p>\ud83d\udccd Alle steder hvor der er Nordisk Film biografer. <a href=\"https:\/\/www.nfbio.dk\/\">Se alle stederne her<\/a>.<\/p>\n<p>\ud83c\udf7d\ufe0f Spis 2 retter p\u00e5 restaurant<\/p>\n<p><span style=\"color: #000000;\">\ud83c\udf33 OurStuff donerer 1 tr\u00e6 pr. booking til en dansk skov<\/span><\/p>\n<h2><span style=\"color: #000000;\">Hvorn\u00e5r kan man opleve dette?<\/span><\/h2>\n<ul>\n<li>Hele DK: Hele 2025<\/li>\n<\/ul>\n<p><strong>Du f\u00e5r:<\/strong><\/p>\n<ul>\n<li>2 biografbilletter til en Nordisk Film biograf<\/li>\n<li>2 retter p\u00e5 udvalgte restauranter<\/li>\n<\/ul>\n<h2>Hvilke restauranter kan jeg v\u00e6lge?<\/h2>\n<ul>\n<li><a href=\"https:\/\/www.madklubben.dk\/restauranter?filters=&amp;city&amp;area\">Se udbudet af restauranter her<\/a>.<\/li>\n<\/ul>\n<h2><span style=\"color: #000000;\">Hvordan bookes denne oplevelse:<br \/>\n<\/span><\/h2>\n<ul>\n<li>Kontakt os p\u00e5 mail info@ourstuff.dk eller tlf. 20709020, med \u00f8nsket dato, restaurant, film, biograf og tidspunkt.<\/li>\n<\/ul>\n<h2><span style=\"color: #000000;\">\u00a0<\/span><\/h2>\n","protected":false},"excerpt":{"rendered":"<p><span class=\"OYPEnA font-feature-liga-off font-feature-clig-off font-feature-calt-off text-decoration-none text-strikethrough-none\">An oldie but a goldie. Den klassiske oplevelse med en middag og en en tur i biografen, skuffer sj\u00e6ldent. Her f\u00e5r I 2 biografbilletter til Nordisk Film samt en stor popcorn. Perfekt til en date-aften.<\/span><\/p>\n","protected":false},"featured_media":8230,"template":"","meta":{"advanced_seo_description":"","jetpack_seo_html_title":"","jetpack_seo_noindex":false},"product_brand":[],"product_cat":[174,141],"product_tag":[160],"class_list":{"0":"post-8243","1":"product","2":"type-product","3":"status-publish","4":"has-post-thumbnail","6":"product_cat-b2b-7-eksterne","7":"product_cat-bio-b2b","8":"product_tag-hele-dk","9":"product_shipping_class-standard","11":"first","12":"instock","13":"virtual","14":"sold-individually","15":"taxable","16":"purchasable","17":"product-type-booking"},"booking_location":"","booking_location_type":"","booking_duration":1,"booking_duration_unit":"day","booking_buffer":4,"booking_cost":779,"booking_resources":[],"jetpack_sharing_enabled":true,"_links":{"self":[{"href":"https:\/\/ourstuff.dk\/de\/wp-json\/wp\/v2\/product\/8243","targetHints":{"allow":["GET"]}}],"collection":[{"href":"https:\/\/ourstuff.dk\/de\/wp-json\/wp\/v2\/product"}],"about":[{"href":"https:\/\/ourstuff.dk\/de\/wp-json\/wp\/v2\/types\/product"}],"wp:featuredmedia":[{"embeddable":true,"href":"https:\/\/ourstuff.dk\/de\/wp-json\/wp\/v2\/media\/8230"}],"wp:attachment":[{"href":"https:\/\/ourstuff.dk\/de\/wp-json\/wp\/v2\/media?parent=8243"}],"wp:term":[{"taxonomy":"product_brand","embeddable":true,"href":"https:\/\/ourstuff.dk\/de\/wp-json\/wp\/v2\/product_brand?post=8243"},{"taxonomy":"product_cat","embeddable":true,"href":"https:\/\/ourstuff.dk\/de\/wp-json\/wp\/v2\/product_cat?post=8243"},{"taxonomy":"product_tag","embeddable":true,"href":"https:\/\/ourstuff.dk\/de\/wp-json\/wp\/v2\/product_tag?post=8243"}],"curies":[{"name":"wp","href":"https:\/\/api.w.org\/{rel}","templated":true}]}}