{"id":8201,"date":"2024-10-24T14:22:25","date_gmt":"2024-10-24T12:22:25","guid":{"rendered":"https:\/\/ourstuff.dk\/?post_type=product&#038;p=8201"},"modified":"2025-04-04T14:41:39","modified_gmt":"2025-04-04T12:41:39","slug":"kano-paa-silkeborg-soeerne-2-timer-for-2-personer-hverdage","status":"publish","type":"product","link":"https:\/\/ourstuff.dk\/de\/produkt\/kano-paa-silkeborg-soeerne-2-timer-for-2-personer-hverdage\/","title":{"rendered":"Kano p\u00e5 Silkeborg S\u00f8erne &#8211; 2 timer for 2 personer (Hverdage)"},"content":{"rendered":"<p><span style=\"color: #000000;\"><strong>\ud83d\udd53 2 timer<\/strong><\/span><\/p>\n<p><span style=\"color: #000000;\"><strong>\ud83d\udeb2 Komfortabel, sikkert og moderne udstyr<\/strong><\/span><\/p>\n<p><span style=\"color: #000000;\"><strong>\ud83c\udf33\u00a0OurStuff donerer 1 tr\u00e6 pr. booking til en dansk skov<\/strong><\/span><\/p>\n<p><span style=\"color: #000000;\"><strong>\ud83d\udccd Silkeborg S\u00f8erne<\/strong><\/span><\/p>\n<p><span style=\"color: #000000; font-size: 23.04px;\">Oplev Danmark fra vandet af<\/span><\/p>\n<p>Tag p\u00e5 en uforglemmelig kanotur for 2 personer p\u00e5 Guden\u00e5en ved Silkeborg. Oplev den smukke natur og det idylliske landskab fra s\u00f8siden, mens I sejler gennem de natursk\u00f8nne omr\u00e5der omkring Silkeborgs\u00f8erne. Med mulighed for pauser undervejs, kan I nyde den rolige atmosf\u00e6re og m\u00e5ske tage en lille frokostpause ved et af de lokale spisesteder. Sejl sikkert med redningsveste og kanoer, der passer perfekt til par eller mindre familier. Naturen byder p\u00e5 storsl\u00e5ede omgivelser og mulighed for gode minder.<\/p>\n<h2><span style=\"color: #000000;\">Hvor kan man tage p\u00e5 kanotur?<\/span><\/h2>\n<ul>\n<li>Silkeborg<\/li>\n<\/ul>\n<h2><span style=\"color: #000000;\">Hvorn\u00e5r kan man kanotur?<\/span><\/h2>\n<ul>\n<li>Alle dage i perioden fra d. 3\/5 til 28\/9<\/li>\n<\/ul>\n<p><strong>Du f\u00e5r:<\/strong><\/p>\n<ul>\n<li>Leje af Kano i 2 timer for 2 personer i hverdagen<\/li>\n<li>L\u00e5n af Redningsveste<\/li>\n<li>L\u00e5n af Pagajer\/Padler<\/li>\n<\/ul>\n","protected":false},"excerpt":{"rendered":"<p>Oplev Silkeborgs\u00f8ernes smukke natur p\u00e5 en kanotur for 2 personer. Nyd landskabet og hinandens selskab fra vandsiden. En perfekt oplevelse for dem, der \u00f8nsker samv\u00e6r og natursk\u00f8nne omgivelser.<\/p>\n","protected":false},"featured_media":8206,"template":"","meta":{"advanced_seo_description":"","jetpack_seo_html_title":"","jetpack_seo_noindex":false},"product_brand":[],"product_cat":[173,157],"product_tag":[153],"class_list":{"0":"post-8201","1":"product","2":"type-product","3":"status-publish","4":"has-post-thumbnail","6":"product_cat-b2b-3-eksterne","7":"product_cat-kano-b2b","8":"product_tag-silkeborg","10":"first","11":"instock","12":"virtual","13":"sold-individually","14":"taxable","15":"purchasable","16":"product-type-booking"},"booking_location":"","booking_location_type":"","booking_duration":1,"booking_duration_unit":"hour","booking_buffer":0,"booking_cost":0,"booking_resources":[],"jetpack_sharing_enabled":true,"_links":{"self":[{"href":"https:\/\/ourstuff.dk\/de\/wp-json\/wp\/v2\/product\/8201","targetHints":{"allow":["GET"]}}],"collection":[{"href":"https:\/\/ourstuff.dk\/de\/wp-json\/wp\/v2\/product"}],"about":[{"href":"https:\/\/ourstuff.dk\/de\/wp-json\/wp\/v2\/types\/product"}],"wp:featuredmedia":[{"embeddable":true,"href":"https:\/\/ourstuff.dk\/de\/wp-json\/wp\/v2\/media\/8206"}],"wp:attachment":[{"href":"https:\/\/ourstuff.dk\/de\/wp-json\/wp\/v2\/media?parent=8201"}],"wp:term":[{"taxonomy":"product_brand","embeddable":true,"href":"https:\/\/ourstuff.dk\/de\/wp-json\/wp\/v2\/product_brand?post=8201"},{"taxonomy":"product_cat","embeddable":true,"href":"https:\/\/ourstuff.dk\/de\/wp-json\/wp\/v2\/product_cat?post=8201"},{"taxonomy":"product_tag","embeddable":true,"href":"https:\/\/ourstuff.dk\/de\/wp-json\/wp\/v2\/product_tag?post=8201"}],"curies":[{"name":"wp","href":"https:\/\/api.w.org\/{rel}","templated":true}]}}