{"id":8188,"date":"2024-10-24T12:39:18","date_gmt":"2024-10-24T10:39:18","guid":{"rendered":"https:\/\/ourstuff.dk\/?post_type=product&#038;p=8188"},"modified":"2025-04-04T14:43:43","modified_gmt":"2025-04-04T12:43:43","slug":"kajaktur-4-timer-for-2-personer-weekend","status":"publish","type":"product","link":"https:\/\/ourstuff.dk\/de\/produkt\/kajaktur-4-timer-for-2-personer-weekend\/","title":{"rendered":"Kajaktur &#8211; 4 timer for 2 personer (Weekend)"},"content":{"rendered":"<p><span style=\"color: #000000;\"><strong>\ud83d\udd53 4 timer<\/strong><\/span><\/p>\n<p><span style=\"color: #000000;\"><strong>\ud83d\udeb2 Komfortabel, sikkert og moderne udstyr<\/strong><\/span><\/p>\n<p><span style=\"color: #000000;\"><strong>\ud83c\udf33\u00a0OurStuff donerer 1 tr\u00e6 pr. booking til en dansk skov<\/strong><\/span><\/p>\n<p><span style=\"color: #000000;\"><strong>\ud83d\udccd Kbh, Faaborg, Svendborg, Ristinge, Rudk\u00f8bing, Nyborg, R\u00f8rvig, Silkeborg og Skive\u00a0<\/strong><\/span><\/p>\n<p><span style=\"color: #000000; font-size: 23.04px;\">Oplev Danmark fra vandet af<\/span><\/p>\n<p><span class=\"OYPEnA font-feature-liga-off font-feature-clig-off font-feature-calt-off text-decoration-none text-strikethrough-none\">Tag p\u00e5 en kajaktur med en du holder af. Hvis du er heldig, kan du m\u00f8de marsvin eller s\u00e6ler p\u00e5 turen. De stabile havkajakker er perfekte til begyndere eller den let \u00f8vede.<\/span><\/p>\n<h2><span style=\"color: #000000;\">Hvor kan man sejle kajak?<\/span><\/h2>\n<p><span style=\"color: #000000;\">Vi samarbejder med Kayakomat, som er flere steder i Danmark &#8211; Der kommer hele tiden flere og flere destinationer.<\/span><\/p>\n<ul>\n<li>Kbh<\/li>\n<li>Faaborg<\/li>\n<li>Svendborg<\/li>\n<li>Rustinge<\/li>\n<li>Rudk\u00f8bing<\/li>\n<li>Nyborg<\/li>\n<li>R\u00f8rvig<\/li>\n<li>Silkeborg<\/li>\n<li>Skive<\/li>\n<\/ul>\n<h2><span style=\"color: #000000;\">Hvorn\u00e5r kan man sejle Kajak?<\/span><\/h2>\n<p>&#8211; <a href=\"https:\/\/www.kayakomat.com\/?country=dk&amp;lat=12.1243&amp;lng=56.2922&amp;zoom=5.80\">Se tilg\u00e6ngelige datoer her.<\/a><\/p>\n<h2><span style=\"color: #000000;\">S\u00e5dan v\u00e6lger du Kajak?<\/span><\/h2>\n<p>Du laver en booking p\u00e5 Kayakomat og kontakter os efterf\u00f8lgende med Gavekortkode p\u00e5 mail eller telefon, s\u00e5 refunderer vi dit bel\u00f8b.<\/p>\n<p><strong>Du f\u00e5r:<\/strong><\/p>\n<ul>\n<li>Leje af kajakker 4 timer for 2 personer i weekenden (Hverdage ogs\u00e5 OK)<\/li>\n<li>L\u00e5n af Redningsveste<\/li>\n<li>L\u00e5n Pagaj<\/li>\n<\/ul>\n","protected":false},"excerpt":{"rendered":"<p><span class=\"OYPEnA font-feature-liga-off font-feature-clig-off font-feature-calt-off text-decoration-none text-strikethrough-none\">Tag p\u00e5 en kajaktur med en du holder af. Hvis du er heldig, kan du m\u00f8de marsvin eller s\u00e6ler p\u00e5 turen. De stabile havkajakker er perfekte til begyndere eller den let \u00f8vede.<\/span><\/p>\n","protected":false},"featured_media":8174,"template":"","meta":{"advanced_seo_description":"","jetpack_seo_html_title":"","jetpack_seo_noindex":false},"product_brand":[],"product_cat":[175],"product_tag":[147,138,151,152,150,149,153,154,148],"class_list":{"0":"post-8188","1":"product","2":"type-product","3":"status-publish","4":"has-post-thumbnail","6":"product_cat-b2b-9-eksterne","7":"product_tag-faaborg","8":"product_tag-kbh","9":"product_tag-nyborg","10":"product_tag-roervig","11":"product_tag-rudkoebing","12":"product_tag-rustinge","13":"product_tag-silkeborg","14":"product_tag-skive","15":"product_tag-svendborg","17":"first","18":"instock","19":"virtual","20":"sold-individually","21":"taxable","22":"purchasable","23":"product-type-booking"},"booking_location":"","booking_location_type":"","booking_duration":1,"booking_duration_unit":"hour","booking_buffer":0,"booking_cost":0,"booking_resources":[],"jetpack_sharing_enabled":true,"_links":{"self":[{"href":"https:\/\/ourstuff.dk\/de\/wp-json\/wp\/v2\/product\/8188","targetHints":{"allow":["GET"]}}],"collection":[{"href":"https:\/\/ourstuff.dk\/de\/wp-json\/wp\/v2\/product"}],"about":[{"href":"https:\/\/ourstuff.dk\/de\/wp-json\/wp\/v2\/types\/product"}],"wp:featuredmedia":[{"embeddable":true,"href":"https:\/\/ourstuff.dk\/de\/wp-json\/wp\/v2\/media\/8174"}],"wp:attachment":[{"href":"https:\/\/ourstuff.dk\/de\/wp-json\/wp\/v2\/media?parent=8188"}],"wp:term":[{"taxonomy":"product_brand","embeddable":true,"href":"https:\/\/ourstuff.dk\/de\/wp-json\/wp\/v2\/product_brand?post=8188"},{"taxonomy":"product_cat","embeddable":true,"href":"https:\/\/ourstuff.dk\/de\/wp-json\/wp\/v2\/product_cat?post=8188"},{"taxonomy":"product_tag","embeddable":true,"href":"https:\/\/ourstuff.dk\/de\/wp-json\/wp\/v2\/product_tag?post=8188"}],"curies":[{"name":"wp","href":"https:\/\/api.w.org\/{rel}","templated":true}]}}