{"id":8172,"date":"2024-10-24T11:54:20","date_gmt":"2024-10-24T09:54:20","guid":{"rendered":"https:\/\/ourstuff.dk\/?post_type=product&#038;p=8172"},"modified":"2025-04-04T09:34:56","modified_gmt":"2025-04-04T07:34:56","slug":"familiecamping-4-dage-for-4-personer-hverdage","status":"publish","type":"product","link":"https:\/\/ourstuff.dk\/de\/produkt\/familiecamping-4-dage-for-4-personer-hverdage\/","title":{"rendered":"Familiecamping &#8211; 4 dage for 4 personer (Hverdage)"},"content":{"rendered":"<p><span style=\"color: #000000;\"><strong><u>CAMPINGTUR \u2013 OPPUSTELIGT TELT \u2013 NATUROPLEVELSE<\/u><\/strong><\/span><br \/>\n<span style=\"color: #000000;\">Nyd naturen i jeres eget tempo<\/span><\/p>\n<p><span style=\"color: #000000;\"><strong>\ud83c\udf10 <span style=\"font-size: 100%;\">Det er kun fantasien der s\u00e6tter gr\u00e6nser. Udlevering sker i Aarhus\/Kbh.<\/span><\/strong><\/span><\/p>\n<p><span style=\"font-size: 100%; color: #000000;\"><strong>\ud83c\udfc4\u200d\u2642\ufe0f Opdag Danmarks eller Europas spektakul\u00e6re natur efter eget valg<\/strong><\/span><\/p>\n<p><span style=\"font-size: 100%; color: #000000;\"><strong>\u26fa Topmoderne udstyr, som er hurtigt at s\u00e6tte op<\/strong><\/span><\/p>\n<p><span style=\"font-size: 100%; color: #000000;\"><strong>\ud83c\udf33\u00a0OurStuff donerer 1 tr\u00e6 pr. booking til en dansk skov<\/strong><\/span><\/p>\n<p><span style=\"color: #000000;\">Tag p\u00e5 en uforglemmelig vandretur i hverdag eller weekend og oplev naturen i sin mest betagende form. Hos OurStuff.dk har vi s\u00f8rget for det n\u00f8dvendige grej, s\u00e5 du kan slippe v\u00e6k fra hverdagens stress og jag og virkelig nyde udelivet i selskab med nogle du holder af.<\/span><\/p>\n<p><span class=\"OYPEnA font-feature-liga-off font-feature-clig-off font-feature-calt-off text-decoration-none text-strikethrough-none\">Nogle gange, har man bare brug for at slappe lidt af, s\u00e5 hvorfor ikke invitere familien med p\u00e5 et kort ophold. Slut med b\u00f8vlede telte og kn\u00e6kkede teltst\u00e6nger. Med et oppusteligt telt, er det blevet endnu lettere at komme hurtigt ud i naturen. Teltet tager f\u00e5 minutter at s\u00e6tte op, og s\u00e5 er det kun tilbage, at nyde de sk\u00f8nne omgivelser.<\/span><\/p>\n<p>Oplev Danmarks natursk\u00f8nne vidundere med vores lufttelte skabt til familieeventyr! Uanset om I er erfarne campister eller nybegyndere, tilbyder vores h\u00f8jt ydende telte komfort og robusthed. G\u00f8r jer klar til uforglemmelige \u00f8jeblikke i naturen med familien &#8211; Vi har s\u00f8rget for alt s\u00e5 tag det f\u00f8rste skridt mod jeres eventyr!<\/p>\n<h2>Hvor kan jeg afhente\/aflevere udstyret?<\/h2>\n<p>Udstyret kan afhentes i Aarhus eller Kbh.<\/p>\n<ul>\n<li>Aarhus: fra d 5\/4-26\/10<\/li>\n<li>Kbh: d. 17\/5, 3\/6, 23\/8 og 13\/9<\/li>\n<\/ul>\n<h2>Hvorn\u00e5r kan denne oplevelse bruges?<\/h2>\n<p>P\u00e5 dagene skrevet ovenfor.<\/p>\n<p><strong>Du f\u00e5r:<\/strong><\/p>\n<ul>\n<li>3 n\u00e6tters leje af oppusteligt familiecampingtelt<\/li>\n<li>L\u00e5n af 4 liggeunderlag<\/li>\n<li>Skraldeposer\u00a0til at holde naturen ren og p\u00e6n<\/li>\n<li>Rejsebeskrivelse med forslag til overnatningssteder i telt<\/li>\n<li>Inspiration til oplevelser, sev\u00e6rdigheder og aktiviteter<\/li>\n<li>L\u00e5n af OurStuff &#8222;overlevelseskit&#8220; indeholdende: Lommekniv, pandelamper, viskestykke, toiletpapir og engangsv\u00e5dservietter.<\/li>\n<li>Til benyttelse i hverdagen (s\u00f8n-ons)<\/li>\n<\/ul>\n","protected":false},"excerpt":{"rendered":"<p><span class=\"OYPEnA font-feature-liga-off font-feature-clig-off font-feature-calt-off text-decoration-none text-strikethrough-none\">Nogle gange, har man bare brug for at slappe lidt af, s\u00e5 hvorfor ikke invitere familien med p\u00e5 et ophold. Slut med b\u00f8vlede telte og kn\u00e6kkede teltst\u00e6nger. Med et oppusteligt telt, er det blevet endnu lettere at komme hurtigt ud i naturen. Teltet tager f\u00e5 minutter at s\u00e6tte op, og s\u00e5 er det kun tilbage, at nyde de sk\u00f8nne omgivelser.<\/span><\/p>\n","protected":false},"featured_media":8158,"template":"","meta":{"advanced_seo_description":"","jetpack_seo_html_title":"","jetpack_seo_noindex":false},"product_brand":[],"product_cat":[125,136],"product_tag":[137,138],"class_list":{"0":"post-8172","1":"product","2":"type-product","3":"status-publish","4":"has-post-thumbnail","6":"product_cat-b2b7-alle","7":"product_cat-vandretur-egen-haand-b2b","8":"product_tag-aarhus","9":"product_tag-kbh","11":"first","12":"instock","13":"virtual","14":"sold-individually","15":"taxable","16":"purchasable","17":"product-type-booking"},"booking_location":"","booking_location_type":"","booking_duration":3,"booking_duration_unit":"day","booking_buffer":0,"booking_cost":0,"booking_resources":[],"jetpack_sharing_enabled":true,"_links":{"self":[{"href":"https:\/\/ourstuff.dk\/de\/wp-json\/wp\/v2\/product\/8172","targetHints":{"allow":["GET"]}}],"collection":[{"href":"https:\/\/ourstuff.dk\/de\/wp-json\/wp\/v2\/product"}],"about":[{"href":"https:\/\/ourstuff.dk\/de\/wp-json\/wp\/v2\/types\/product"}],"wp:featuredmedia":[{"embeddable":true,"href":"https:\/\/ourstuff.dk\/de\/wp-json\/wp\/v2\/media\/8158"}],"wp:attachment":[{"href":"https:\/\/ourstuff.dk\/de\/wp-json\/wp\/v2\/media?parent=8172"}],"wp:term":[{"taxonomy":"product_brand","embeddable":true,"href":"https:\/\/ourstuff.dk\/de\/wp-json\/wp\/v2\/product_brand?post=8172"},{"taxonomy":"product_cat","embeddable":true,"href":"https:\/\/ourstuff.dk\/de\/wp-json\/wp\/v2\/product_cat?post=8172"},{"taxonomy":"product_tag","embeddable":true,"href":"https:\/\/ourstuff.dk\/de\/wp-json\/wp\/v2\/product_tag?post=8172"}],"curies":[{"name":"wp","href":"https:\/\/api.w.org\/{rel}","templated":true}]}}