{"id":7988,"date":"2024-10-22T15:27:17","date_gmt":"2024-10-22T13:27:17","guid":{"rendered":"https:\/\/ourstuff.dk\/?post_type=product&#038;p=7988"},"modified":"2025-04-04T09:39:21","modified_gmt":"2025-04-04T07:39:21","slug":"hjemmebio-romantik-sport-familieoplevelse-inkl-vin-chokolade-popcorn-og-levering","status":"publish","type":"product","link":"https:\/\/ourstuff.dk\/de\/produkt\/hjemmebio-romantik-sport-familieoplevelse-inkl-vin-chokolade-popcorn-og-levering\/","title":{"rendered":"Hjemmebio &#8211; Romantik-\/Sport-\/Familieoplevelse inkl. vin, chokolade, popcorn og levering"},"content":{"rendered":"<p><span style=\"color: #000000;\"><u><strong>HYGGE &#8211; HJEMMEBIOGRAF\u00a0 &#8211; INDEND\u00d8RS<\/strong><\/u><\/span><br \/>\n<span style=\"color: #000000;\">Dette koncept er fantastisk, da det passer til mange typer af arrangementer\/aftener. Konceptet er simpelt, i f\u00e5r biografen direkte hjem i stuen, hvor vi har s\u00f8rget for alt udstyret, som hurtigt kan s\u00e6ttes op. Samtidigt f\u00e5r i vin, hjemmelavet chokolade fra 19-\u00e5rige iv\u00e6rks\u00e6tter Nicolai Chokolade og popcorn.<\/span><\/p>\n<p><span style=\"color: #000000;\">De 3 mest popul\u00e6re muligheder med hjemmebiograf er Romantisk-aften med k\u00e6resten, Fodbold-aften med vennerne eller film-aften med hele familien.\u00a0<\/span><br \/>\n<span style=\"color: #000000;\"><strong><br \/>\n<\/strong>\ud83d\udcfd\ufe0f Film-aften med hele familien<\/span><\/p>\n<p><span style=\"color: #000000;\">\ud83d\udc9a Romantisk date-aften<\/span><\/p>\n<p><span style=\"color: #000000;\">\u26bd Champions Leauge, landsholdskampe eller lign. med vennerne<\/span><\/p>\n<p>\ud83d\udd08 Inkl. lyd, l\u00e6rred, og projektor<\/p>\n<p>\ud83d\udce6 Sendes til hele DK<\/p>\n<p>\ud83d\udccd Eller udleveres i Aarhus<\/p>\n<p><span style=\"color: #000000;\">\ud83c\udf33 OurStuff donerer 1 tr\u00e6 pr. booking til en dansk skov<\/span><\/p>\n<p><span style=\"color: #000000;\">Eksklusivt hos OurStuff er vi super stolte over, at vi kan tilbyde denne fantastiske oplevelse, som er en sikker vinder.<\/span><\/p>\n<p><span style=\"color: #000000;\">Hvem kunne ikke t\u00e6nke sig at nyde en aften startende med eksempelvis l\u00e6kker mad og vin, for derefter at se en klassisk film, sportsevent eller tv program p\u00e5 et k\u00e6mpe l\u00e6rred.<\/span><\/p>\n<p>Vi s\u00f8rger for en fantastisk projekter, l\u00e6rred og lydanl\u00e6g. Og det bedste af det hele er, at det er lynhurtigt at stille op.<\/p>\n<p>Skab uforglemmelige \u00f8jeblikke med familie, venner eller k\u00e6resten.<\/p>\n<p>S\u00e5 glem alt om billetpriser, k\u00f8er og ubehagelige biografs\u00e6der. Oplev \u00e6gte hygge med vores hjemmebiograf, hvor komfort og sjov g\u00e5r h\u00e5nd i h\u00e5nd.<\/p>\n<h2><span style=\"color: #000000;\">Hvorn\u00e5r kan man opleve dette?<\/span><\/h2>\n<p>Hele \u00e5ret rundt.<\/p>\n<p><strong>Du f\u00e5r:<\/strong><\/p>\n<p>Kasse inkl:<\/p>\n<ul>\n<li><span style=\"color: #000000;\">Leje af filml\u00e6rred i et d\u00f8gn<\/span><\/li>\n<li><span style=\"color: #000000;\">Leje af projektor i et d\u00f8gn<\/span><\/li>\n<li><span style=\"color: #000000;\">Leje af lyd i et d\u00f8gn<\/span><\/li>\n<li>Vin<\/li>\n<li>Hjemmelavet chokolade<\/li>\n<li>Popcorn<\/li>\n<li>Levering til din adresse<br \/>\n<h4><span style=\"color: #000000;\">Hvad er ikke inkluderet <\/span><\/h4>\n<ul>\n<li><span style=\"color: #000000;\">Filmen, serien ellers sportsoplevelsen skal man selv have<\/span><\/li>\n<\/ul>\n<\/li>\n<\/ul>\n","protected":false},"excerpt":{"rendered":"<p><span style=\"color: #000000;\">Nyd en sk\u00f8n aften med venner, familie eller k\u00e6resten. Skab en en romantisk hjemmebiograf for 2, en fodboldaften med vennerne eller en filmaften med hele familien. Vores komplette hjemmebiografpakke inkluderer lyd, l\u00e6rred og projektor.\u00a0<\/span><\/p>\n","protected":false},"featured_media":178,"template":"","meta":{"advanced_seo_description":"","jetpack_seo_html_title":"","jetpack_seo_noindex":false},"product_brand":[],"product_cat":[126,141],"product_tag":[137,160,142],"class_list":{"0":"post-7988","1":"product","2":"type-product","3":"status-publish","4":"has-post-thumbnail","6":"product_cat-b2b9-alle","7":"product_cat-bio-b2b","8":"product_tag-aarhus","9":"product_tag-hele-dk","10":"product_tag-sendes-hele-dk","11":"product_shipping_class-standard","13":"first","14":"instock","15":"virtual","16":"sold-individually","17":"taxable","18":"purchasable","19":"product-type-booking"},"booking_location":"","booking_location_type":"","booking_duration":1,"booking_duration_unit":"day","booking_buffer":4,"booking_cost":949,"booking_resources":[],"jetpack_sharing_enabled":true,"_links":{"self":[{"href":"https:\/\/ourstuff.dk\/de\/wp-json\/wp\/v2\/product\/7988","targetHints":{"allow":["GET"]}}],"collection":[{"href":"https:\/\/ourstuff.dk\/de\/wp-json\/wp\/v2\/product"}],"about":[{"href":"https:\/\/ourstuff.dk\/de\/wp-json\/wp\/v2\/types\/product"}],"wp:featuredmedia":[{"embeddable":true,"href":"https:\/\/ourstuff.dk\/de\/wp-json\/wp\/v2\/media\/178"}],"wp:attachment":[{"href":"https:\/\/ourstuff.dk\/de\/wp-json\/wp\/v2\/media?parent=7988"}],"wp:term":[{"taxonomy":"product_brand","embeddable":true,"href":"https:\/\/ourstuff.dk\/de\/wp-json\/wp\/v2\/product_brand?post=7988"},{"taxonomy":"product_cat","embeddable":true,"href":"https:\/\/ourstuff.dk\/de\/wp-json\/wp\/v2\/product_cat?post=7988"},{"taxonomy":"product_tag","embeddable":true,"href":"https:\/\/ourstuff.dk\/de\/wp-json\/wp\/v2\/product_tag?post=7988"}],"curies":[{"name":"wp","href":"https:\/\/api.w.org\/{rel}","templated":true}]}}