{"id":7925,"date":"2024-10-22T11:24:01","date_gmt":"2024-10-22T09:24:01","guid":{"rendered":"https:\/\/ourstuff.dk\/?post_type=product&#038;p=7925"},"modified":"2025-04-04T09:46:54","modified_gmt":"2025-04-04T07:46:54","slug":"vandretur-paa-egen-haand-for-2-personer-4-dage-weekend","status":"publish","type":"product","link":"https:\/\/ourstuff.dk\/de\/produkt\/vandretur-paa-egen-haand-for-2-personer-4-dage-weekend\/","title":{"rendered":"Vandretur p\u00e5 egen h\u00e5nd 4 dage for 2 personer (Weekend)"},"content":{"rendered":"<p><span style=\"color: #000000;\"><strong><u>TELTTUR\u00a0\u2013 LETV\u00c6GTS KVALITETSUDSTYR \u2013 NATUROPLEVELSE<\/u><\/strong><\/span><br \/>\n<span style=\"color: #000000;\">Nyd naturen i jeres eget tempo<\/span><\/p>\n<p><span style=\"color: #000000;\"><strong>\ud83c\udf10 <span style=\"font-size: 100%;\">Det er kun fantasien der s\u00e6tter gr\u00e6nser. Udlevering sker i Aarhus\/Kbh.<\/span><\/strong><\/span><\/p>\n<p><span style=\"font-size: 100%; color: #000000;\"><strong>\ud83c\udfc4\u200d\u2642\ufe0f Opdag Danmarks eller Europas spektakul\u00e6re natur efter eget valg<\/strong><\/span><\/p>\n<p><span style=\"font-size: 100%; color: #000000;\"><strong>\u26fa B\u00e6redygtigt og letv\u00e6gts kvalitetsudstyr fra danske NORDISK<\/strong><\/span><\/p>\n<p><span style=\"font-size: 100%; color: #000000;\"><strong>\ud83c\udf33\u00a0OurStuff donerer 1 tr\u00e6 pr. booking til en dansk skov<\/strong><\/span><\/p>\n<p><span style=\"font-size: 100%; color: #000000;\"><strong>\ud83d\udccd\u00a0<\/strong><strong>Vi kommer med forslag til ruter, s\u00e5 I bare skal huske jer selv<\/strong><\/span><\/p>\n<p><span style=\"color: #000000;\">Tag p\u00e5 en uforglemmelig vandretur i hverdag eller weekend og oplev naturen i sin mest betagende form. Hos OurStuff.dk har vi s\u00f8rget for det n\u00f8dvendige grej, s\u00e5 du kan slippe v\u00e6k fra hverdagens stress og jag og virkelig nyde udelivet i selskab med nogle du holder af.<\/span><\/p>\n<p><span style=\"color: #000000;\">Du f\u00e5r i letv\u00e6gspakken et letv\u00e6gts vandretelt fra NORDISK p\u00e5 1700 gram, der giver dig mulighed for at v\u00e5gne op til spektakul\u00e6re udsigter (Teltet er et 3 personers telt, for at sikre, at I f\u00e5r en god natss\u00f8vn).\u00a0 Samt liggeunderlag, der sikrer, at du sover komfortabelt og v\u00e5gner frisk og veludhvilet.\u00a0<\/span><\/p>\n<p><span style=\"color: #000000;\">Denne oplevelse er skr\u00e6ddersyet til at lade dig opleve naturens bedste side. Fra marts til november (eller om vinteren, hvis du \u00f8nsker det) kan du udforske de smukkeste naturlandskaber og skabe minder, der varer livet ud. Vores ekstremt lette grej, g\u00f8r\u00a0det nemt for dig at vandre gennem imponerende nationalparker, ved de fortryllende danske s\u00f8er eller dybt ind i de majest\u00e6tiske skove, der i Danmark str\u00e6kker sig over 625.000 hektar.<\/span><\/p>\n<p><span style=\"color: #000000;\">Skriv til os, hvis du \u00f8nsker forslag til vandreruter. Ellers kan i bare tage p\u00e5 tur og overnatte pr\u00e6cis hvor i \u00f8nsker det.\u00a0<\/span><\/p>\n<p><span style=\"color: #000000;\">Udstyret er fra det danske b\u00e6redygtige brand, Nordiske. De er anerkendt med utallige priser, herunder ISPO Award, Reddot Award, Scandinavian Outdoor Award, European Product Design Award og mange flere. Deres produkter er skabt til at modst\u00e5 strabadserne ved udend\u00f8rslivet og er fremstillet af de bedste og letteste materialer.<\/span><\/p>\n<p><span style=\"color: #000000;\">V\u00e6r klar til en tur fuld af eventyr og dyrebare \u00f8jeblikke i naturens favn. Dette er din chance for at komme v\u00e6k fra hverdagen, genoplade dine batterier og opdage, hvor meget du kan nyde udelivet, n\u00e5r du er omgivet gode mennesker.<\/span><\/p>\n<p><span style=\"color: #000000;\">Naturen og udstyret er noget vi deler med hinanden, derfor h\u00e5ber og forventer vi, at alle vores g\u00e6ster vil behandle begge dele med respekt, s\u00e5 andre ogs\u00e5 kan f\u00e5 nogle gode oplevelser.<\/span><\/p>\n<h2>Hvor kan jeg afhente\/aflevere udstyret?<\/h2>\n<p>Udstyret kan afhentes i Aarhus eller Kbh.<\/p>\n<p>Afhentes fra kl. 15 og afleveres senest kl. 12.<\/p>\n<p>Resten af Danmark, kan det sendes med DAO i perioden 5\/4-26\/10.<\/p>\n<h2>Hvorn\u00e5r kan denne oplevelse bruges?<\/h2>\n<p>Hele \u00e5ret i rundt i weekender fra fre-s\u00f8n. (Hverdage er ogs\u00e5 ok)<\/p>\n<p><strong>Du f\u00e5r:<\/strong><\/p>\n<ul>\n<li>3 n\u00e6tters leje af luksus ekspeditionstelt &#8211; Til benyttelse i weekenden (fre-man)(Hverdage ogs\u00e5 ok)<\/li>\n<li>L\u00e5n af 2 liggeunderlag<\/li>\n<li>Skraldeposer\u00a0til at holde naturen ren og p\u00e6n<\/li>\n<li>Rejsebeskrivelse med forslag til overnatningssteder i telt<\/li>\n<li>Inspiration til oplevelser, sev\u00e6rdigheder og aktiviteter<\/li>\n<li>L\u00e5n af OurStuff &#8222;overlevelseskit&#8220; indeholdende: Lommekniv, pandelamper, viskestykke, toiletpapir og engangsv\u00e5dservietter.<\/li>\n<\/ul>\n","protected":false},"excerpt":{"rendered":"<p><span style=\"color: #000000;\">Oplev den danske natur helt t\u00e6t p\u00e5, g\u00e5 og overnat i naturen med denne pakke. N\u00e6sten alt hvad du skal bruge er klar til dig.\u00a0<\/span><\/p>\n","protected":false},"featured_media":2993,"template":"","meta":{"advanced_seo_description":"","jetpack_seo_html_title":"","jetpack_seo_noindex":false},"product_brand":[],"product_cat":[126,136],"product_tag":[137,138],"class_list":{"0":"post-7925","1":"product","2":"type-product","3":"status-publish","4":"has-post-thumbnail","6":"product_cat-b2b9-alle","7":"product_cat-vandretur-egen-haand-b2b","8":"product_tag-aarhus","9":"product_tag-kbh","11":"first","12":"instock","13":"virtual","14":"sold-individually","15":"taxable","16":"purchasable","17":"product-type-booking"},"booking_location":"","booking_location_type":"","booking_duration":4,"booking_duration_unit":"day","booking_buffer":0,"booking_cost":0,"booking_resources":[],"jetpack_sharing_enabled":true,"_links":{"self":[{"href":"https:\/\/ourstuff.dk\/de\/wp-json\/wp\/v2\/product\/7925","targetHints":{"allow":["GET"]}}],"collection":[{"href":"https:\/\/ourstuff.dk\/de\/wp-json\/wp\/v2\/product"}],"about":[{"href":"https:\/\/ourstuff.dk\/de\/wp-json\/wp\/v2\/types\/product"}],"wp:featuredmedia":[{"embeddable":true,"href":"https:\/\/ourstuff.dk\/de\/wp-json\/wp\/v2\/media\/2993"}],"wp:attachment":[{"href":"https:\/\/ourstuff.dk\/de\/wp-json\/wp\/v2\/media?parent=7925"}],"wp:term":[{"taxonomy":"product_brand","embeddable":true,"href":"https:\/\/ourstuff.dk\/de\/wp-json\/wp\/v2\/product_brand?post=7925"},{"taxonomy":"product_cat","embeddable":true,"href":"https:\/\/ourstuff.dk\/de\/wp-json\/wp\/v2\/product_cat?post=7925"},{"taxonomy":"product_tag","embeddable":true,"href":"https:\/\/ourstuff.dk\/de\/wp-json\/wp\/v2\/product_tag?post=7925"}],"curies":[{"name":"wp","href":"https:\/\/api.w.org\/{rel}","templated":true}]}}