{"id":7917,"date":"2024-10-22T10:41:32","date_gmt":"2024-10-22T08:41:32","guid":{"rendered":"https:\/\/ourstuff.dk\/?post_type=product&#038;p=7917"},"modified":"2025-06-18T16:18:57","modified_gmt":"2025-06-18T14:18:57","slug":"strandsurfing-2-timer-for-1-person-2","status":"publish","type":"product","link":"https:\/\/ourstuff.dk\/de\/produkt\/strandsurfing-2-timer-for-1-person-2\/","title":{"rendered":"Strandsurfing &#8211; 2 timer for 1 person"},"content":{"rendered":"<p><span style=\"color: #000000;\"><strong>\ud83c\udf10 S\u00f8nderstrandvej, 6792 R\u00f8m\u00f8 (<a style=\"color: #000000;\" href=\"https:\/\/maps.app.goo.gl\/jYkMy3h2mPSXV8ab9\" target=\"_blank\" rel=\"noopener\">Kort<\/a>)<\/strong><\/span><\/p>\n<p><span style=\"color: #000000;\"><strong>\ud83d\udd53 2 timer<\/strong><\/span><\/p>\n<p><span style=\"color: #000000;\"><strong>\ud83c\udfd6 Ikke fysisk kr\u00e6vende<\/strong><\/span><\/p>\n<p><span style=\"color: #000000;\"><strong>\ud83c\udfc4\u200d\u2642\ufe0f\u00a0Dygtige og erfarne danske instrukt\u00f8rer<\/strong><\/span><\/p>\n<p><span style=\"color: #000000;\"><strong>\ud83d\udeb2\u00a0Komfortabel og highperformance udstyr<\/strong><\/span><\/p>\n<p><span style=\"color: #000000;\"><strong>\ud83d\ude4c\u00a0Ingen foruds\u00e6tninger \u2013 hurtig at l\u00e6re<\/strong><\/span><\/p>\n<p><span style=\"color: #000000;\"><strong>\ud83c\udf33\u00a0OurStuff donerer 1 tr\u00e6 pr. booking til en dansk skov<\/strong><\/span><\/p>\n<p><span style=\"color: #000000;\"><strong>\ud83d\udccd\u00a0Du finder os p\u00e5 2 lokationer R\u00f8m\u00f8-Fan\u00f8<\/strong><\/span><\/p>\n<h2><span style=\"color: #000000;\">Oplev Strandsurfing p\u00e5 R\u00f8m\u00f8 og Fan\u00f8<\/span><\/h2>\n<p><span style=\"color: #000000;\">Strandsurfing er en b\u00e6redygtig aktivitet ved <\/span><span style=\"color: #000000;\">Vesterhavet, som man ikke glemmer. Vadehavet langs den danske vestkyst er i fint selskab med pyramiderne og Grand Canyon opf\u00f8rt p\u00e5 UNESCOs verdensarvsliste.<\/span><\/p>\n<p><span style=\"color: #000000;\">S\u00e5 g\u00f8r dig klar til en mindev\u00e6rdig naturoplevelse og \u00e5rets sjoveste adrenalinkick! S\u00e6t dig i strandsurferen, lad vinden gribe sejlet, og m\u00e6rk suset, n\u00e5r du r\u00e6ser hen ad stranden p\u00e5 R\u00f8m\u00f8 eller Fan\u00f8, mens du selvsikkert og til stor forn\u00f8jelse t\u00e6mmer vinden med dit sejl.<\/span><\/p>\n<p><span style=\"color: #000000;\">Om du k\u00f8rer 20 km\/t eller 50, bestemmer du selv. Dygtige instrukt\u00f8rer sikrer en tryg, sjov og fartrig dag p\u00e5 stranden \u2013 m\u00e5ske sammen med dine venner eller\u00a0familie?<\/span><\/p>\n<h2><span style=\"color: #000000;\">Vi har Danmarks bedste instrukt\u00f8rer<\/span><\/h2>\n<p><span style=\"color: #000000;\">N\u00e5r man f\u00f8rste gang h\u00f8rer om Strandsurfing, kan man godt tro, at det er sv\u00e6rt og kr\u00e6vende &#8211; Men bare rolig! Det tager 12 minutter at l\u00e6re, og vi har over 20 uddannede, certificerede og erfarne instrukt\u00f8rer, som kan l\u00e6re dig at Strandsurfe sikkert. Det g\u00f8r aktiviteten oplagt til hele familien.<\/span><\/p>\n<h2><span style=\"color: #000000;\">Hvem kan Strandsurfe?<\/span><\/h2>\n<p><span style=\"color: #000000;\">Alle kan v\u00e6re med, uanset om du er 12 \u00e5r eller 80 \u00e5r, og der findes n\u00e6ppe nogen bedre m\u00e5de at nyde den danske strands\u00e6son p\u00e5 end med vind i sejlene, fart i hjulene og udsigt til perfekte, brede sandstrande!<\/span><\/p>\n<p><span style=\"color: #000000;\">Du skal v\u00e6re minimum 12 \u00e5r, for at k\u00f8re selv. Har man b\u00f8rn under 12 \u00e5r, s\u00e5 har vi ogs\u00e5 dobbelt-strandsurfere, som man kan sidde 2 personer i. Hvor en for\u00e6ldre styrer og barnet sidder bagp\u00e5. <\/span><\/p>\n<p><span style=\"color: #000000;\">Efter strandsurf-oplevelsen er der mulighed for gratis l\u00e5n af diverse strandudstyr, m\u00e5ske en sk\u00f8n dukkert i b\u00f8lgerne eller bare nyde stemningen i vores camp.<\/span><\/p>\n<p><span style=\"color: #000000;\">Fun-Fact: Den \u00e6ldste g\u00e6st vi har haft, har v\u00e6ret 86 \u00e5r og han kom tilbage med et gigantisk smil p\u00e5 l\u00e6ben!<\/span><\/p>\n<h2><span style=\"color: #000000;\">Hvor kan man Strandsurfe?<\/span><\/h2>\n<p><span style=\"color: #000000;\">Der findes ingen strande i verden, som er bedre til Strandsufing\/blokart end S\u00f8nderstrand p\u00e5 R\u00f8m\u00f8. Du f\u00e5r 6 km strand at boltre dig p\u00e5. Forestil dig, k\u00f8re ligeud i 20 minutter med vandkanten i horisonten! Det er en oplevelse du ikke finder andre steder. Vi tilbyder ogs\u00e5 strandsurfing p\u00e5 Fan\u00f8, hvor du k\u00f8rer i den flotte natur langs klitterne.\u00a0<\/span><\/p>\n<h2><span style=\"color: #000000;\">Hvorn\u00e5r kan man Strandsurfe?<\/span><\/h2>\n<p><strong>R\u00f8m\u00f8:<br \/>\n<\/strong>Alle dage: Fra 23\/6 &#8211; 28\/9<br \/>\nEfter\u00e5rsferien (13-19\/10)<br \/>\nUdvalgte datoer i for\u00e5ret<\/p>\n<h2><span style=\"color: #000000;\">S\u00e5dan v\u00e6lger du Strandsurfing?<\/span><\/h2>\n<p>Klik p\u00e5 <a href=\"https:\/\/www.calengoo.com\/booking\/ourstuffROMO\/#\/\">bookinglinket her<\/a> og v\u00e6lg \u00f8nsket dato. (Skriv koden fra din gave i kommentarfeltet ved booking)<\/p>\n<p><strong>Du f\u00e5r:<\/strong><\/p>\n<ul>\n<li><span style=\"color: #000000;\">2 timers strandsurfing for 1 voksen<\/span><\/li>\n<li><span style=\"color: #000000;\">L\u00e5n af strandsurfer med plads til 1 voksen<\/span><\/li>\n<li><span style=\"color: #000000;\">L\u00e5n af hjelm og handsker<\/span><\/li>\n<li><span style=\"color: #000000;\">Erfaren instrukt\u00f8r, opl\u00e6ring og sikkerhedsinstruktion<\/span><\/li>\n<li><span style=\"color: #000000;\">4 km2 lukket strandomr\u00e5de kun til strandsurfing<\/span><\/li>\n<li><span style=\"color: #000000;\">Actionfyldte facebook og instagram billeder.<\/span><\/li>\n<\/ul>\n","protected":false},"excerpt":{"rendered":"<p><span style=\"color: #000000;\">Strandsurfing er en 5-stjernet naturoplevelse du aldrig glemmer. Vi s\u00f8rger for moderne og komfortabelt udstyr, samt erfarne og certificerede instrukt\u00f8rer. Aktiviteten er perfekt for alle aldre, s\u00e5 snyd ikke dig selv for denne oplevelse p\u00e5 R\u00f8m\u00f8&#8217;s S\u00f8nderstrand eller Fan\u00f8. Gl\u00e6d dig til at m\u00e6rke vinden p\u00e5 nogle af Danmarks smukkeste strande! Vi har 10.000 tilfredse g\u00e6ster om \u00e5ret.\u00a0<\/span><\/p>\n","protected":false},"featured_media":183,"template":"","meta":{"advanced_seo_description":"","jetpack_seo_html_title":"","jetpack_seo_noindex":false},"product_brand":[],"product_cat":[124,134],"product_tag":[135,115],"class_list":{"0":"post-7917","1":"product","2":"type-product","3":"status-publish","4":"has-post-thumbnail","6":"product_cat-b2b5-alle","7":"product_cat-strandsurfing-b2b","8":"product_tag-fanoe","9":"product_tag-oplevelser-paa-roemoe","11":"first","12":"instock","13":"virtual","14":"sold-individually","15":"taxable","16":"purchasable","17":"product-type-booking"},"booking_location":"","booking_location_type":"","booking_duration":1,"booking_duration_unit":"hour","booking_buffer":0,"booking_cost":0,"booking_resources":[],"jetpack_sharing_enabled":true,"_links":{"self":[{"href":"https:\/\/ourstuff.dk\/de\/wp-json\/wp\/v2\/product\/7917","targetHints":{"allow":["GET"]}}],"collection":[{"href":"https:\/\/ourstuff.dk\/de\/wp-json\/wp\/v2\/product"}],"about":[{"href":"https:\/\/ourstuff.dk\/de\/wp-json\/wp\/v2\/types\/product"}],"wp:featuredmedia":[{"embeddable":true,"href":"https:\/\/ourstuff.dk\/de\/wp-json\/wp\/v2\/media\/183"}],"wp:attachment":[{"href":"https:\/\/ourstuff.dk\/de\/wp-json\/wp\/v2\/media?parent=7917"}],"wp:term":[{"taxonomy":"product_brand","embeddable":true,"href":"https:\/\/ourstuff.dk\/de\/wp-json\/wp\/v2\/product_brand?post=7917"},{"taxonomy":"product_cat","embeddable":true,"href":"https:\/\/ourstuff.dk\/de\/wp-json\/wp\/v2\/product_cat?post=7917"},{"taxonomy":"product_tag","embeddable":true,"href":"https:\/\/ourstuff.dk\/de\/wp-json\/wp\/v2\/product_tag?post=7917"}],"curies":[{"name":"wp","href":"https:\/\/api.w.org\/{rel}","templated":true}]}}