{"id":7876,"date":"2024-10-18T15:07:10","date_gmt":"2024-10-18T13:07:10","guid":{"rendered":"https:\/\/ourstuff.dk\/?post_type=product&#038;p=7876"},"modified":"2025-01-22T12:18:50","modified_gmt":"2025-01-22T11:18:50","slug":"pleasant-kortaermet-skjorte","status":"publish","type":"product","link":"https:\/\/ourstuff.dk\/de\/produkt\/pleasant-kortaermet-skjorte\/","title":{"rendered":"PLEASANT &#8211; Kort\u00e6rmet Skjorte (Upcycled)"},"content":{"rendered":"<p><span style=\"color: #000000;\"><strong>\ud83c\udf10 Sendes til hele DK<\/strong><\/span><\/p>\n<p><span style=\"color: #000000;\"><strong>\ud83c\udf33\u00a0OurStuff donerer 1 tr\u00e6 pr. booking til en dansk skov<\/strong><\/span><\/p>\n<p><strong>Derfor skal du v\u00e6lge Pleasant:<\/strong><\/p>\n<ul>\n<li><strong>Minimal milj\u00f8p\u00e5virkning:<\/strong> Pleasant upcycler 100% brugt tekstil, s\u00e5 du undg\u00e5r nyt materiale og reducerer CO2-aftrykket markant.<\/li>\n<li><strong>Unikke designs:<\/strong> Hvert produkt er skabt af genbrugsmaterialer, hvilket g\u00f8r hvert stykke t\u00f8j helt unikt.<\/li>\n<li><strong>Lang levetid:<\/strong> T\u00f8jet er lavet til at holde og modst\u00e5 hyppig brug og vask, s\u00e5 du kan bruge det i mange \u00e5r.<\/li>\n<li><strong>Ingen spild:<\/strong> Ingen overproduktion \u2013 de s\u00e6lger uden tidspres, hvilket mindsker t\u00f8jspild.<\/li>\n<li><strong>Lav vandforbrug:<\/strong> Produktionen kr\u00e6ver langt mindre vand end ved fremstilling af nyt tekstil.<\/li>\n<li><strong>Lokalt og b\u00e6redygtigt:<\/strong> Alt stof er fra Danmark og syet af brugt tekstil, produceret under milj\u00f8venlige forhold.<\/li>\n<\/ul>\n<p><strong>Pleasant Kort\u00e6rmet Skjorte<\/strong><\/p>\n<p><span class=\"OYPEnA font-feature-liga-off font-feature-clig-off font-feature-calt-off text-decoration-none text-strikethrough-none\">Pleasant er et naturbevidst t\u00f8jm\u00e6rke med store dr\u00f8mme og sm\u00e5 milj\u00f8aftryk. Alle kasketter og b\u00f8llehatte er lavet af 100% upcycled tekstil. Der er intet brug af nyt tekstil og deres skjorter og hatte af genbrugs lagner, senget\u00f8j, etc. er unikke med et typisk oplag p\u00e5 1-3 stykker pr. design. God skattejagt.<\/span><\/p>\n<p>&#8211; <a href=\"https:\/\/pleasant.dk\/collections\/upcycled-short-sleeve-shirts\">L\u00e6s mere og se alle kort\u00e6rmede Oahu skjorter her<\/a> (B\u00e5de herre og dame)<\/p>\n<p>&#8211; <a href=\"https:\/\/pleasant.dk\/collections\/bali-shirts\">L\u00e6s mere og se alle kort\u00e6rmede Bali skjorter her<\/a> (Mere feminine)<\/p>\n<p><strong>Tilg\u00e6ngelige st\u00f8rrelser:<\/strong><\/p>\n<p>Se p\u00e5 modellen p\u00e5 hjemmesiden<\/p>\n<p><strong>Du f\u00e5r:<\/strong><\/p>\n<ul>\n<li>1 stk. Pleasant kort\u00e6rmet skjorte i unikt design i valgfri farve<\/li>\n<\/ul>\n<p><strong>S\u00e5dan v\u00e6lger du st\u00f8rrelse og farve:<\/strong><\/p>\n<ul>\n<li>Skriv \u00f8nskede farve\/model og st\u00f8rrelse i kommentarfelt ved checkout.<\/li>\n<\/ul>\n","protected":false},"excerpt":{"rendered":"<p>1 stk. Pleasant Kort\u00e6rmet Skjorte i unikt design i valgfri farve. Pleasant er et b\u00e6redygtigt t\u00f8jm\u00e6rke, hvor alle kasketter, b\u00f8llehatte og skjorter er lavet af 100% upcycled tekstil fra lagner og senget\u00f8j. Hvert design er unikt og produceres kun i f\u00e5 eksemplarer.<\/p>\n","protected":false},"featured_media":7649,"template":"","meta":{"advanced_seo_description":"","jetpack_seo_html_title":"","jetpack_seo_noindex":false},"product_brand":[],"product_cat":[120],"product_tag":[128,131],"class_list":{"0":"post-7876","1":"product","2":"type-product","3":"status-publish","4":"has-post-thumbnail","6":"product_cat-pleasant","7":"product_tag-fysisk-vare","8":"product_tag-pleasant","10":"first","11":"instock","12":"taxable","13":"shipping-taxable","14":"purchasable","15":"product-type-simple"},"booking_location":null,"booking_location_type":null,"booking_duration":null,"booking_duration_unit":null,"booking_buffer":null,"booking_cost":null,"booking_resources":null,"jetpack_sharing_enabled":true,"_links":{"self":[{"href":"https:\/\/ourstuff.dk\/de\/wp-json\/wp\/v2\/product\/7876","targetHints":{"allow":["GET"]}}],"collection":[{"href":"https:\/\/ourstuff.dk\/de\/wp-json\/wp\/v2\/product"}],"about":[{"href":"https:\/\/ourstuff.dk\/de\/wp-json\/wp\/v2\/types\/product"}],"wp:featuredmedia":[{"embeddable":true,"href":"https:\/\/ourstuff.dk\/de\/wp-json\/wp\/v2\/media\/7649"}],"wp:attachment":[{"href":"https:\/\/ourstuff.dk\/de\/wp-json\/wp\/v2\/media?parent=7876"}],"wp:term":[{"taxonomy":"product_brand","embeddable":true,"href":"https:\/\/ourstuff.dk\/de\/wp-json\/wp\/v2\/product_brand?post=7876"},{"taxonomy":"product_cat","embeddable":true,"href":"https:\/\/ourstuff.dk\/de\/wp-json\/wp\/v2\/product_cat?post=7876"},{"taxonomy":"product_tag","embeddable":true,"href":"https:\/\/ourstuff.dk\/de\/wp-json\/wp\/v2\/product_tag?post=7876"}],"curies":[{"name":"wp","href":"https:\/\/api.w.org\/{rel}","templated":true}]}}