{"id":1862,"date":"2024-04-22T15:07:05","date_gmt":"2024-04-22T13:07:05","guid":{"rendered":"https:\/\/shop.ourstuff.dk\/?post_type=product&#038;p=1862"},"modified":"2026-03-23T15:08:06","modified_gmt":"2026-03-23T14:08:06","slug":"1-dags-e-bike-cykeltur-med-spisning-skoedshoved-badehotel","status":"publish","type":"product","link":"https:\/\/ourstuff.dk\/de\/produkt\/1-dags-e-bike-cykeltur-med-spisning-skoedshoved-badehotel\/","title":{"rendered":"E-Bike: Mols Bjerge med spisning p\u00e5 Sk\u00f8dshoved Badehotel"},"content":{"rendered":"<p><span style=\"font-weight: 400; color: #000000;\">\ud83c\udf10 Aarhus &#8211; Sk\u00f8dshoved Badehotel &#8211; Aarhus<\/span><\/p>\n<p><span style=\"font-weight: 400; color: #000000;\">\ud83d\udd53 6-12 timer (Afh\u00e6ngigt af jeres tempo, og hvor l\u00e6nge i vil hygge ved Sk\u00f8dshoved Badehotel\/Strand)\u00a0<\/span><\/p>\n<p><span style=\"font-weight: 400; color: #000000;\">\ud83c\udfcb\ufe0f\u200d\u2640\ufe0f Nybegynder til \u00f8vet. Alle kan v\u00e6re med p\u00e5 turen, da den foreg\u00e5r p\u00e5 cykelstier og med E-MTBs<\/span><\/p>\n<p><span style=\"font-weight: 400; color: #000000;\">\ud83d\udeb2 Topmoderne udstyr<\/span><\/p>\n<p><span style=\"font-weight: 400; color: #000000;\">\ud83c\uddee\ud83c\uddf9 Italienske retter med fantastiske drikke<\/span><\/p>\n<p><span style=\"color: #000000;\">\ud83d\udcc5 Sk\u00f8dshoved Badehotel er \u00e5ben fra P\u00e5ske-oktober. Tirsdag-s\u00f8ndag 12-21. (Samt mandage fra 15. juni &#8211; 15 august)<\/span><\/p>\n<p><span style=\"font-weight: 400; color: #000000;\">\ud83d\udccd Cyklerne afhentes i Aarhus<\/span><\/p>\n<h3><span style=\"color: #000000;\"><b>Cykeltur til Mols Bjerge<\/b><\/span><\/h3>\n<p><span style=\"font-weight: 400; color: #000000;\">Wow! Her bliver du m\u00f8dt med noget af den flotteste natur, som Danmark har at byde p\u00e5. Vige, bugter, kirker, vand, Djurslands h\u00f8jeste punkt, etc. <\/span><\/p>\n<p><span style=\"font-weight: 400; color: #000000;\">Oplev Danmark p\u00e5 en helt ny m\u00e5de med vores sp\u00e6ndende E-Bike tur, hvor vi kombinerer natur, mad og moderne udstyr &#8211; hvor I kan nyde det hele i jeres helt eget tempo.\u00a0<\/span><\/p>\n<p><span style=\"font-weight: 400; color: #000000;\">Dette unikke koncept, med Elektriske MTBs er skr\u00e6ddersyet til Danmark, og det er den perfekte oplevelse for dem, der \u00f8nsker at opleve landet fra cykelsadlen.\u00a0<\/span><\/p>\n<p><span style=\"font-weight: 400; color: #000000;\">Vores moderne E-MTBs fra Specialized har en imponerende gennemsnitsr\u00e6kkevidde p\u00e5 hele 90 km, s\u00e5 du aldrig f\u00f8ler dig begr\u00e6nset p\u00e5 turen. Den store r\u00e6kkevidde g\u00f8r ogs\u00e5, at man ikke beh\u00f8ver at v\u00e6re i god form, for at cykle en tur som denne. Samtidigt g\u00f8r det ingenting, hvis den ene person, er vant til at cykle og den anden ikke er. Da man selv styrer, hvor meget hj\u00e6lp man \u00f8nsker fra cyklen. Det g\u00f8r turen oplagt til k\u00e6reste-, venne- eller familietur.<\/span><\/p>\n<p><span style=\"font-weight: 400; color: #000000;\">Hele turen starten i Aarhus, hvor i hopper p\u00e5 det topmoderne udstyr, for s\u00e5 at s\u00e6tte kurs mod Sk\u00f8dshoved Strand og Sk\u00f8dshovedbadehotel via Mols Bjerge. I l\u00f8bet af turen, vil I cykle langs vandet stort set hele vejen. P\u00e5 den flotte rute bliver i beriget med en af landets h\u00f8jeste kirker Vistoft Kirke, Djurslands h\u00f8jeste punkt Agri Bavneh\u00f8j, Postk\u00e6r Stenhus, Kal\u00f8 Slotsruin &#8211; for ikke at n\u00e6vnte et utal af hyggelige landsbyer. N\u00e5r i ankommer til Sk\u00f8dshoved Badehotel, kan I v\u00e6lge frit blandt alle deres retter, desserter og enest\u00e5ende cocktails. Efter et sk\u00f8nt m\u00e5ltid, bestemmer I selv, om I vil s\u00e6tte jer p\u00e5 havnen, eller m\u00e5ske ligge jer p\u00e5 Sk\u00f8dshoved Strand og slappe af, inden turen g\u00e5r hjemover igen.\u00a0<\/span><\/p>\n<p><span style=\"font-weight: 400; color: #000000;\">S\u00e5 hvad venter du p\u00e5? Inviter din partner, ven eller et familiemedlem med, for denne oplevelse er for 2 personer. Udforsk Danmark p\u00e5 en helt ny m\u00e5de og skab minder for livet med vores E-Bike tur, hvor alle uanset niveau kan deltage.\u00a0<\/span><\/p>\n","protected":false},"excerpt":{"rendered":"<p><span style=\"color: #000000;\">Tag p\u00e5 en fantastisk cykeltur fra Aarhus, gennem Nationalpark Mols Bjerge, langs vandet og direkte mod Sk\u00f8dshoved Havn, hvor der venter en l\u00e6kker italiensk frokost og uimodst\u00e5elig drink p\u00e5 Focaccia &#8217;n&#8216; Tonic. Turen foreg\u00e5r p\u00e5 moderne E-Bikes fra Specialized, som har en gennemsnitsr\u00e6kkevidde p\u00e5 op til 90 km. En fantastisk cykeltur gennem noget af Danmarks flotteste natur.<\/span><\/p>\n<p>&nbsp;<\/p>\n","protected":false},"featured_media":16272,"template":"","meta":{"advanced_seo_description":"","jetpack_seo_html_title":"","jetpack_seo_noindex":false},"product_brand":[],"product_cat":[87,83,27],"product_tag":[],"class_list":{"0":"post-1862","1":"product","2":"type-product","3":"status-publish","4":"has-post-thumbnail","6":"product_cat-e-bike-bestsellers","7":"product_cat-e-bike-med-spisning","8":"product_cat-oplevelser-e-biketur","10":"first","11":"instock","12":"virtual","13":"sold-individually","14":"taxable","15":"purchasable","16":"product-type-booking"},"booking_location":"","booking_location_type":"","booking_duration":2,"booking_duration_unit":"day","booking_buffer":0,"booking_cost":0,"booking_resources":[],"jetpack_sharing_enabled":true,"_links":{"self":[{"href":"https:\/\/ourstuff.dk\/de\/wp-json\/wp\/v2\/product\/1862","targetHints":{"allow":["GET"]}}],"collection":[{"href":"https:\/\/ourstuff.dk\/de\/wp-json\/wp\/v2\/product"}],"about":[{"href":"https:\/\/ourstuff.dk\/de\/wp-json\/wp\/v2\/types\/product"}],"wp:featuredmedia":[{"embeddable":true,"href":"https:\/\/ourstuff.dk\/de\/wp-json\/wp\/v2\/media\/16272"}],"wp:attachment":[{"href":"https:\/\/ourstuff.dk\/de\/wp-json\/wp\/v2\/media?parent=1862"}],"wp:term":[{"taxonomy":"product_brand","embeddable":true,"href":"https:\/\/ourstuff.dk\/de\/wp-json\/wp\/v2\/product_brand?post=1862"},{"taxonomy":"product_cat","embeddable":true,"href":"https:\/\/ourstuff.dk\/de\/wp-json\/wp\/v2\/product_cat?post=1862"},{"taxonomy":"product_tag","embeddable":true,"href":"https:\/\/ourstuff.dk\/de\/wp-json\/wp\/v2\/product_tag?post=1862"}],"curies":[{"name":"wp","href":"https:\/\/api.w.org\/{rel}","templated":true}]}}