{"id":158,"date":"2023-11-05T17:41:23","date_gmt":"2023-11-05T15:41:23","guid":{"rendered":"https:\/\/shop.ourstuff.dk\/product\/300-gavekort\/"},"modified":"2026-03-20T12:36:28","modified_gmt":"2026-03-20T11:36:28","slug":"300-gavekort","status":"publish","type":"product","link":"https:\/\/ourstuff.dk\/de\/produkt\/300-gavekort\/","title":{"rendered":"Gavekort p\u00e5 300 kr."},"content":{"rendered":"<p>G\u00f8r dagen speciel med vores alsidige gavekort. V\u00e6lg mellem actionfyldte oplevelser som strandsurfing og MTB-ture, afslappende picnic, eller hyggelige fisketure. Perfekt til enhver lejlighed, fra f\u00f8dselsdage til jubil\u00e6er. Overrask dine k\u00e6re med valgfriheden til at skabe deres eget minde.<\/p>\n","protected":false},"excerpt":{"rendered":"<p>Alle muligheder tilg\u00e6ngelige<\/p>\n","protected":false},"featured_media":16240,"template":"","meta":{"advanced_seo_description":"","jetpack_seo_html_title":"","jetpack_seo_noindex":false},"product_brand":[],"product_cat":[239,34],"product_tag":[],"class_list":{"0":"post-158","1":"product","2":"type-product","3":"status-publish","4":"has-post-thumbnail","6":"product_cat-gaver-belobsgavekort","7":"product_cat-gavekort","9":"first","10":"instock","11":"taxable","12":"shipping-taxable","13":"purchasable","14":"product-type-simple"},"booking_location":null,"booking_location_type":null,"booking_duration":null,"booking_duration_unit":null,"booking_buffer":null,"booking_cost":null,"booking_resources":null,"jetpack_sharing_enabled":true,"_links":{"self":[{"href":"https:\/\/ourstuff.dk\/de\/wp-json\/wp\/v2\/product\/158","targetHints":{"allow":["GET"]}}],"collection":[{"href":"https:\/\/ourstuff.dk\/de\/wp-json\/wp\/v2\/product"}],"about":[{"href":"https:\/\/ourstuff.dk\/de\/wp-json\/wp\/v2\/types\/product"}],"wp:featuredmedia":[{"embeddable":true,"href":"https:\/\/ourstuff.dk\/de\/wp-json\/wp\/v2\/media\/16240"}],"wp:attachment":[{"href":"https:\/\/ourstuff.dk\/de\/wp-json\/wp\/v2\/media?parent=158"}],"wp:term":[{"taxonomy":"product_brand","embeddable":true,"href":"https:\/\/ourstuff.dk\/de\/wp-json\/wp\/v2\/product_brand?post=158"},{"taxonomy":"product_cat","embeddable":true,"href":"https:\/\/ourstuff.dk\/de\/wp-json\/wp\/v2\/product_cat?post=158"},{"taxonomy":"product_tag","embeddable":true,"href":"https:\/\/ourstuff.dk\/de\/wp-json\/wp\/v2\/product_tag?post=158"}],"curies":[{"name":"wp","href":"https:\/\/api.w.org\/{rel}","templated":true}]}}