{"id":15575,"date":"2025-11-17T13:23:01","date_gmt":"2025-11-17T12:23:01","guid":{"rendered":"https:\/\/ourstuff.dk\/?post_type=product&#038;p=15575"},"modified":"2026-03-25T17:15:48","modified_gmt":"2026-03-25T16:15:48","slug":"strandsurfing-1-voksen-og-1-barn-sammen-blokhus-loekken","status":"publish","type":"product","link":"https:\/\/ourstuff.dk\/de\/produkt\/strandsurfing-1-voksen-og-1-barn-sammen-blokhus-loekken\/","title":{"rendered":"Strandsurfing ved Blokhus\/L\u00f8kken &#8211; 1 voksen med 1 barn (maks. 40 kg)"},"content":{"rendered":"<p><span style=\"color: #000000;\"><u><strong>UDFLUGT &#8211; VESTERHAVET &#8211; STRANDSURFING &#8211; NATUROPLEVELSE<\/strong><\/u><\/span><\/p>\n<p><span style=\"color: #000000;\">Oplev vind i h\u00e5ret sammen med et barn bagp\u00e5.<\/span><\/p>\n<p><span style=\"color: #000000;\"><em>\u00c5rets adrenalinkick for 12-70 \u00e5r.<\/em><\/span><\/p>\n<p><span style=\"color: #000000;\">\ud83c\udf10 <strong>S\u00f8nderstrandvej, 6792 R\u00f8m\u00f8 (<a style=\"color: #000000;\" href=\"https:\/\/maps.app.goo.gl\/jYkMy3h2mPSXV8ab9\" target=\"_blank\" rel=\"noopener\">Kort<\/a>)<\/strong><\/span><\/p>\n<p><span style=\"color: #000000;\"><strong>\ud83d\udd53 1-2 timer<\/strong><\/span><\/p>\n<p><span style=\"color: #000000;\"><strong>\ud83c\udfd6 Ikke fysisk kr\u00e6vende<\/strong><\/span><\/p>\n<p><span style=\"color: #000000;\"><strong>\ud83c\udfc4\u200d\u2642\ufe0f\u00a0Dygtige og erfarne danske instrukt\u00f8rer<\/strong><\/span><\/p>\n<p><span style=\"color: #000000;\"><strong>\ud83d\udeb2\u00a0Komfortabel og highperformance udstyr<\/strong><\/span><\/p>\n<p><span style=\"color: #000000;\"><strong>\ud83d\ude4c\u00a0Ingen foruds\u00e6tninger \u2013 hurtig at l\u00e6re<\/strong><\/span><\/p>\n<p><span style=\"color: #000000;\"><strong>\ud83c\udf33\u00a0OurStuff donerer 1 tr\u00e6 pr. booking til en dansk skov<\/strong><\/span><\/p>\n<p><span style=\"color: #000000;\"><strong>\ud83d\udccd\u00a0Du finder os p\u00e5 3 lokationer R\u00f8m\u00f8-Fan\u00f8-B\u00f8rsmose<\/strong><\/span><\/p>\n<p><span style=\"color: #000000;\">Det er ikke l\u00f8gn, Vadehavet langs den danske vestkyst er i fint selskab med pyramiderne og Grand Canyon opf\u00f8rt p\u00e5 UNESCOs verdensarvsliste.<\/span><br \/>\n<span style=\"color: #000000;\">S\u00e5 g\u00f8r dig klar til en mindev\u00e6rdig naturoplevelse og \u00e5rets sjoveste adrenalinkick! S\u00e6t dig i strandsurferen, lad vinden gribe sejlet, og m\u00e6rk suset, n\u00e5r du r\u00e6ser hen ad stranden p\u00e5 R\u00f8m\u00f8, mens du selvsikkert og til stor forn\u00f8jelse t\u00e6mmer vinden med dit sejl.<\/span><\/p>\n<p><span style=\"color: #000000;\">Om du k\u00f8rer 15 km\/t eller 30, bestemmer du selv. Dygtige instrukt\u00f8rer sikrer en tryg, sjov og fartrig dag p\u00e5 stranden \u2013 m\u00e5ske sammen med dine venner eller familie?<\/span><\/p>\n<p><span style=\"color: #000000;\">Alle kan v\u00e6re med, uanset om du er 12 \u00e5r eller 70 \u00e5r, og der findes n\u00e6ppe nogen bedre m\u00e5de at nyde den danske strands\u00e6son p\u00e5 end med vind i sejlene, fart i hjulene og udsigt til perfekte, brede sandstrande!<\/span><\/p>\n<p><span style=\"color: #000000;\">Efter strandsurf-oplevelsen er der mulighed for gratis l\u00e5n af diverse strandudstyr, m\u00e5ske en sk\u00f8n dukkert i b\u00f8lgerne eller bare nyde stemningen i vores camp.<\/span><\/p>\n","protected":false},"excerpt":{"rendered":"<p>Tag et barn med og f\u00e5 vind i sejlene p\u00e5 en af verdens bedste strande. Vores certificerede instrukt\u00f8rer l\u00e6rer dig hurtigt at k\u00f8re p\u00e5 vores strandsurfere \u2013 og sikrer jer en sjov og actionfyldt oplevelse, I sent vil glemme.<\/p>\n","protected":false},"featured_media":16199,"template":"","meta":{"advanced_seo_description":"","jetpack_seo_html_title":"","jetpack_seo_noindex":false},"product_brand":[],"product_cat":[240,85,66,25],"product_tag":[],"class_list":{"0":"post-15575","1":"product","2":"type-product","3":"status-publish","4":"has-post-thumbnail","6":"product_cat-oplevelser-strandsurfing","7":"product_cat-strandsurfing-bestsellers","8":"product_cat-strandsurfing-roemoe","9":"product_cat-strandsurfing-3","11":"first","12":"instock","13":"virtual","14":"sold-individually","15":"taxable","16":"purchasable","17":"product-type-booking"},"booking_location":"","booking_location_type":"","booking_duration":1,"booking_duration_unit":"hour","booking_buffer":0,"booking_cost":200,"booking_resources":[],"jetpack_sharing_enabled":true,"_links":{"self":[{"href":"https:\/\/ourstuff.dk\/de\/wp-json\/wp\/v2\/product\/15575","targetHints":{"allow":["GET"]}}],"collection":[{"href":"https:\/\/ourstuff.dk\/de\/wp-json\/wp\/v2\/product"}],"about":[{"href":"https:\/\/ourstuff.dk\/de\/wp-json\/wp\/v2\/types\/product"}],"wp:featuredmedia":[{"embeddable":true,"href":"https:\/\/ourstuff.dk\/de\/wp-json\/wp\/v2\/media\/16199"}],"wp:attachment":[{"href":"https:\/\/ourstuff.dk\/de\/wp-json\/wp\/v2\/media?parent=15575"}],"wp:term":[{"taxonomy":"product_brand","embeddable":true,"href":"https:\/\/ourstuff.dk\/de\/wp-json\/wp\/v2\/product_brand?post=15575"},{"taxonomy":"product_cat","embeddable":true,"href":"https:\/\/ourstuff.dk\/de\/wp-json\/wp\/v2\/product_cat?post=15575"},{"taxonomy":"product_tag","embeddable":true,"href":"https:\/\/ourstuff.dk\/de\/wp-json\/wp\/v2\/product_tag?post=15575"}],"curies":[{"name":"wp","href":"https:\/\/api.w.org\/{rel}","templated":true}]}}