{"id":144,"date":"2023-11-05T17:41:18","date_gmt":"2023-11-05T15:41:18","guid":{"rendered":"https:\/\/shop.ourstuff.dk\/product\/familie-strandsurfing\/"},"modified":"2024-03-12T15:23:21","modified_gmt":"2024-03-12T14:23:21","slug":"familie-strandsurfing","status":"publish","type":"product","link":"https:\/\/ourstuff.dk\/de\/produkt\/familie-strandsurfing\/","title":{"rendered":"FAMILIE STRANDSURFING"},"content":{"rendered":"<p>Oplev \u00e5rets adrenalinkick p\u00e5 Europas bedste strand for hele familien ved Vesterhavet! Udforsk strandsurfing p\u00e5 S\u00f8nderstrand, R\u00f8m\u00f8, en UNESCO-fredet strand, med erfarne instrukt\u00f8rer og komfortabelt high-performance udstyr. Uanset alder, m\u00e6rk suset af vind i sejlene og det forfriskende hav. Gl\u00e6d dig til nogle uforglemmelige familieoplevelser!&#8220;<\/p>\n","protected":false},"excerpt":{"rendered":"<p>P\u00e5 verdens bedste strand for 2 voksne og 2 b\u00f8rn<\/p>\n","protected":false},"featured_media":184,"template":"","meta":{"advanced_seo_description":"","jetpack_seo_html_title":"","jetpack_seo_noindex":false},"product_brand":[],"product_cat":[25],"product_tag":[],"class_list":{"0":"post-144","1":"product","2":"type-product","3":"status-publish","4":"has-post-thumbnail","6":"product_cat-strandsurfing-3","8":"first","9":"instock","10":"taxable","11":"shipping-taxable","12":"purchasable","13":"product-type-simple"},"booking_location":null,"booking_location_type":null,"booking_duration":null,"booking_duration_unit":null,"booking_buffer":null,"booking_cost":null,"booking_resources":null,"jetpack_sharing_enabled":true,"_links":{"self":[{"href":"https:\/\/ourstuff.dk\/de\/wp-json\/wp\/v2\/product\/144","targetHints":{"allow":["GET"]}}],"collection":[{"href":"https:\/\/ourstuff.dk\/de\/wp-json\/wp\/v2\/product"}],"about":[{"href":"https:\/\/ourstuff.dk\/de\/wp-json\/wp\/v2\/types\/product"}],"wp:featuredmedia":[{"embeddable":true,"href":"https:\/\/ourstuff.dk\/de\/wp-json\/wp\/v2\/media\/184"}],"wp:attachment":[{"href":"https:\/\/ourstuff.dk\/de\/wp-json\/wp\/v2\/media?parent=144"}],"wp:term":[{"taxonomy":"product_brand","embeddable":true,"href":"https:\/\/ourstuff.dk\/de\/wp-json\/wp\/v2\/product_brand?post=144"},{"taxonomy":"product_cat","embeddable":true,"href":"https:\/\/ourstuff.dk\/de\/wp-json\/wp\/v2\/product_cat?post=144"},{"taxonomy":"product_tag","embeddable":true,"href":"https:\/\/ourstuff.dk\/de\/wp-json\/wp\/v2\/product_tag?post=144"}],"curies":[{"name":"wp","href":"https:\/\/api.w.org\/{rel}","templated":true}]}}