{"id":142,"date":"2023-11-05T17:41:18","date_gmt":"2023-11-05T15:41:18","guid":{"rendered":"https:\/\/shop.ourstuff.dk\/product\/strandsurfing-2-timer\/"},"modified":"2024-05-08T10:08:06","modified_gmt":"2024-05-08T08:08:06","slug":"strandsurfing-2-timer","status":"publish","type":"product","link":"https:\/\/ourstuff.dk\/de\/produkt\/strandsurfing-2-timer\/","title":{"rendered":"STRANDSURFING  2 timer"},"content":{"rendered":"<p>Tag med p\u00e5 \u00e5rets adrenalinkick ved Vesterhavet! Udforsk strandsurfing p\u00e5 R\u00f8m\u00f8, UNESCO-fredet strand, med erfarne instrukt\u00f8rer og high-performance udstyr. Uanset alder, oplev suset af vind i sejlene og det forfriskende hav.<\/p>\n","protected":false},"excerpt":{"rendered":"<p>P\u00e5 verdens bedste strand for 1 person<\/p>\n","protected":false},"featured_media":183,"template":"","meta":{"advanced_seo_description":"","jetpack_seo_html_title":"","jetpack_seo_noindex":false},"product_brand":[],"product_cat":[66,25],"product_tag":[],"class_list":{"0":"post-142","1":"product","2":"type-product","3":"status-publish","4":"has-post-thumbnail","6":"product_cat-strandsurfing-roemoe","7":"product_cat-strandsurfing-3","9":"first","10":"instock","11":"taxable","12":"shipping-taxable","13":"purchasable","14":"product-type-simple"},"booking_location":null,"booking_location_type":null,"booking_duration":null,"booking_duration_unit":null,"booking_buffer":null,"booking_cost":null,"booking_resources":null,"jetpack_sharing_enabled":true,"_links":{"self":[{"href":"https:\/\/ourstuff.dk\/de\/wp-json\/wp\/v2\/product\/142","targetHints":{"allow":["GET"]}}],"collection":[{"href":"https:\/\/ourstuff.dk\/de\/wp-json\/wp\/v2\/product"}],"about":[{"href":"https:\/\/ourstuff.dk\/de\/wp-json\/wp\/v2\/types\/product"}],"wp:featuredmedia":[{"embeddable":true,"href":"https:\/\/ourstuff.dk\/de\/wp-json\/wp\/v2\/media\/183"}],"wp:attachment":[{"href":"https:\/\/ourstuff.dk\/de\/wp-json\/wp\/v2\/media?parent=142"}],"wp:term":[{"taxonomy":"product_brand","embeddable":true,"href":"https:\/\/ourstuff.dk\/de\/wp-json\/wp\/v2\/product_brand?post=142"},{"taxonomy":"product_cat","embeddable":true,"href":"https:\/\/ourstuff.dk\/de\/wp-json\/wp\/v2\/product_cat?post=142"},{"taxonomy":"product_tag","embeddable":true,"href":"https:\/\/ourstuff.dk\/de\/wp-json\/wp\/v2\/product_tag?post=142"}],"curies":[{"name":"wp","href":"https:\/\/api.w.org\/{rel}","templated":true}]}}