{"id":13072,"date":"2025-02-19T12:17:04","date_gmt":"2025-02-19T11:17:04","guid":{"rendered":"https:\/\/ourstuff.dk\/?post_type=product&#038;p=13072"},"modified":"2026-03-23T14:46:55","modified_gmt":"2026-03-23T13:46:55","slug":"cykeltur-paa-e-bike-middag-og-cykel","status":"publish","type":"product","link":"https:\/\/ourstuff.dk\/de\/produkt\/cykeltur-paa-e-bike-middag-og-cykel\/","title":{"rendered":"E-bike: Middag p\u00e5 R\u00f8m\u00f8"},"content":{"rendered":"<p>Tag din partner eller en n\u00e6r ven med p\u00e5 en helt s\u00e6rlig og romantisk E-Bike oplevelse. I starter aftenen p\u00e5 en lokal restaurant, hvor I nyder en l\u00e6kker 2-retters menu baseret p\u00e5 s\u00e6sonens bedste r\u00e5varer. Retterne v\u00e6lges efter kokkens anbefalinger, men selvf\u00f8lgelig med mulighed for at v\u00e6lge efter jeres pr\u00e6ferencer. Til middagen er vin, \u00f8l eller vand inkluderet.<\/p>\n<p>Efter en dejlig middag begynder I jeres tur mod enten Lakolk Strand eller S\u00f8nderstrand \u2013 to af de smukkeste steder p\u00e5 R\u00f8m\u00f8. Her venter en afslappende sundowner med forfriskende drinks, mens I nyder den betagende solnedgang over havet.<\/p>\n<p>Undervejs p\u00e5 turen har vi planlagt en rute, der g\u00e5r igennem det smukke landskab p\u00e5 R\u00f8m\u00f8, og med hemmelige ruter undervejs.<\/p>\n<p>Denne tur er skabt til at give jer en uforglemmelig oplevelse, fyldt med hygge, smukke omgivelser og en stemning, der skaber minder for livet. Book jeres romantiske E-Bike tur i dag!<\/p>\n","protected":false},"excerpt":{"rendered":"<p>Oplev en romantisk E-Bike tur p\u00e5 R\u00f8m\u00f8! Nyd en l\u00e6kker 2-retters middag, f\u00f8r I cykler til stranden for at se solen g\u00e5 ned med en forfriskende sundowner. Perfekt til en s\u00e6rlig aften \u2013 book nu!<\/p>\n<p>Turen er ca. 29 km og foreg\u00e5r kl. 19-23. Prisen er inkl. restaurantbes\u00f8g og sundowner drinks p\u00e5 stranden.<\/p>\n","protected":false},"featured_media":16269,"template":"","meta":{"advanced_seo_description":"","jetpack_seo_html_title":"","jetpack_seo_noindex":false},"product_brand":[],"product_cat":[237,87,83,219,27],"product_tag":[],"class_list":{"0":"post-13072","1":"product","2":"type-product","3":"status-publish","4":"has-post-thumbnail","6":"product_cat-gaver-action-og-outdoor","7":"product_cat-e-bike-bestsellers","8":"product_cat-e-bike-med-spisning","9":"product_cat-e-bike-roemoe","10":"product_cat-oplevelser-e-biketur","12":"first","13":"instock","14":"virtual","15":"sold-individually","16":"taxable","17":"purchasable","18":"product-type-booking"},"booking_location":"","booking_location_type":"","booking_duration":4,"booking_duration_unit":"hour","booking_buffer":0,"booking_cost":699,"booking_resources":[1138],"jetpack_sharing_enabled":true,"_links":{"self":[{"href":"https:\/\/ourstuff.dk\/de\/wp-json\/wp\/v2\/product\/13072","targetHints":{"allow":["GET"]}}],"collection":[{"href":"https:\/\/ourstuff.dk\/de\/wp-json\/wp\/v2\/product"}],"about":[{"href":"https:\/\/ourstuff.dk\/de\/wp-json\/wp\/v2\/types\/product"}],"wp:featuredmedia":[{"embeddable":true,"href":"https:\/\/ourstuff.dk\/de\/wp-json\/wp\/v2\/media\/16269"}],"wp:attachment":[{"href":"https:\/\/ourstuff.dk\/de\/wp-json\/wp\/v2\/media?parent=13072"}],"wp:term":[{"taxonomy":"product_brand","embeddable":true,"href":"https:\/\/ourstuff.dk\/de\/wp-json\/wp\/v2\/product_brand?post=13072"},{"taxonomy":"product_cat","embeddable":true,"href":"https:\/\/ourstuff.dk\/de\/wp-json\/wp\/v2\/product_cat?post=13072"},{"taxonomy":"product_tag","embeddable":true,"href":"https:\/\/ourstuff.dk\/de\/wp-json\/wp\/v2\/product_tag?post=13072"}],"curies":[{"name":"wp","href":"https:\/\/api.w.org\/{rel}","templated":true}]}}