{"id":12268,"date":"2025-01-31T15:46:40","date_gmt":"2025-01-31T14:46:40","guid":{"rendered":"https:\/\/ourstuff.dk\/?post_type=product&#038;p=12268"},"modified":"2025-11-21T10:53:01","modified_gmt":"2025-11-21T09:53:01","slug":"olympic-laser-lerdueskydning-teambuilding-event","status":"publish","type":"product","link":"https:\/\/ourstuff.dk\/de\/produkt\/olympic-laser-lerdueskydning-teambuilding-event\/","title":{"rendered":"Olympic laser lerdueskydning &#8211; teambuilding, firmaarrangement og event"},"content":{"rendered":"<div>\n<div>Hvorfor skal i v\u00e6lge Olympic Laser lerdueskydning til jeres n\u00e6ste arrangement?<\/div>\n<ul>\n<li>Aktiviteten opfordrer til skarp pr\u00e6cision og konkurrence\u00e5nd. I f\u00e5r testet jeres koncentration, koordination og pr\u00e6cision i en sjov og adrenalinfyldt aktivitet.<\/li>\n<li>Sikkerhed er naturligvis i top. Laser Lerdueskydning er action uden fare. Laserudstyret giver samme sp\u00e6nding som \u00e6gte lerdueskydning, men uden rekyl, h\u00f8je brag eller risiko. Det betyder, at alle \u2013 uanset erfaring \u2013 kan v\u00e6re med.<\/li>\n<li>S\u00e6t fokus p\u00e5 samarbejde og f\u00e6lles engagement i sjove rammer. Op til 5 personer kan skyde p\u00e5 samme tid, hvilket g\u00f8r aktiviteten perfekt til teamwork og strategi. I f\u00e5r en f\u00e6lles succesoplevelse.<\/li>\n<li>Det store display med live pointgivning holder konkurrencen intens og motiverer jer til at yde jeres bedste. Live scoring skaber sp\u00e6nding.<\/li>\n<li>Kan afvikles b\u00e5de dag og aften. Med taktiske lys p\u00e5 riflerne og oplyste lerduer kan denne aktivitet ogs\u00e5 bruges til aftenevents eller som afslutning p\u00e5 en sjov dag.<\/li>\n<li>Kan nemt kombineres med andre konkurrencedrevne aktiviteter som RC race eller f\u00e6gtning for en hel dag med action.<\/li>\n<li>Let at afvikle i pauserne mellem m\u00f8der eller faglige opl\u00e6g, hvor I f\u00e5r mulighed for at koble af og have det sjovt.<\/li>\n<li>Skalerbart for b\u00e5de sm\u00e5 og store grupper<\/li>\n<\/ul>\n<\/div>\n<div>Laser lerdueskydning hos OurStuff er som \u00e6gte lerdueskydning, men med fire store fordele:<\/div>\n<ol>\n<li>Sikker og sjov skydeoplevelse: Vi bruger rigtige rifler, men al mekanik er erstattet med laserelektronik. Det betyder ingen rekyl, h\u00f8je brag eller farlige elementer \u2013 kun ren action og sjov!<\/li>\n<li>Perfekt til events: Op til 5 personer skyder efter SAMME due samtidig. Det g\u00f8r laser lerdueskydning ideelt til teambuilding, hvor alle kan v\u00e6re med og bidrage til holdets succes.<\/li>\n<li>Live scoring p\u00e5 stort display: Hele gruppen kan f\u00f8lge med i scoren p\u00e5 et stort display, hvilket skaber sp\u00e6nding og intensitet gennem hele konkurrencen.<\/li>\n<li>Vores laserudstyr fungerer ogs\u00e5 i m\u00f8rke, hvilket g\u00f8r det perfekt til aftenevents og vinterarrangementer. Vi har tilf\u00f8jet taktiske lys p\u00e5 riflerne, og duerne lyser op, s\u00e5 stemningen bliver ekstra intens.<\/li>\n<\/ol>\n","protected":false},"excerpt":{"rendered":"<p>Leder I efter en sjov og anderledes aktivitet til jeres n\u00e6ste firma- eller gruppearrangement? Pr\u00f8v Olympic Laser Lerdueskydning \u2013 en intens, actionfyldt og sikker teambuildingaktivitet, hvor pr\u00e6cision, konkurrence og f\u00e6lles oplevelser er i fokus. Den fungerer b\u00e5de som en hovedaktivitet og som et sp\u00e6ndende element i et st\u00f8rre firmaevent.<\/p>\n","protected":false},"featured_media":12506,"template":"","meta":{"advanced_seo_description":"","jetpack_seo_html_title":"","jetpack_seo_noindex":false},"product_brand":[],"product_cat":[214],"product_tag":[],"class_list":{"0":"post-12268","1":"product","2":"type-product","3":"status-publish","4":"has-post-thumbnail","6":"product_cat-oplev-vores-nyheder-med-dine-kollegaer-eller-gruppe-kan-sammensaettes-som-du-oensker","8":"first","9":"instock","10":"taxable","11":"shipping-taxable","12":"product-type-b2b_custom_ourstuff"},"booking_location":null,"booking_location_type":null,"booking_duration":null,"booking_duration_unit":null,"booking_buffer":null,"booking_cost":null,"booking_resources":null,"jetpack_sharing_enabled":true,"_links":{"self":[{"href":"https:\/\/ourstuff.dk\/de\/wp-json\/wp\/v2\/product\/12268","targetHints":{"allow":["GET"]}}],"collection":[{"href":"https:\/\/ourstuff.dk\/de\/wp-json\/wp\/v2\/product"}],"about":[{"href":"https:\/\/ourstuff.dk\/de\/wp-json\/wp\/v2\/types\/product"}],"wp:featuredmedia":[{"embeddable":true,"href":"https:\/\/ourstuff.dk\/de\/wp-json\/wp\/v2\/media\/12506"}],"wp:attachment":[{"href":"https:\/\/ourstuff.dk\/de\/wp-json\/wp\/v2\/media?parent=12268"}],"wp:term":[{"taxonomy":"product_brand","embeddable":true,"href":"https:\/\/ourstuff.dk\/de\/wp-json\/wp\/v2\/product_brand?post=12268"},{"taxonomy":"product_cat","embeddable":true,"href":"https:\/\/ourstuff.dk\/de\/wp-json\/wp\/v2\/product_cat?post=12268"},{"taxonomy":"product_tag","embeddable":true,"href":"https:\/\/ourstuff.dk\/de\/wp-json\/wp\/v2\/product_tag?post=12268"}],"curies":[{"name":"wp","href":"https:\/\/api.w.org\/{rel}","templated":true}]}}