{"id":12222,"date":"2025-01-31T14:40:38","date_gmt":"2025-01-31T13:40:38","guid":{"rendered":"https:\/\/ourstuff.dk\/?post_type=product&#038;p=12222"},"modified":"2025-11-21T10:51:56","modified_gmt":"2025-11-21T09:51:56","slug":"faegtning-teambuilding-event","status":"publish","type":"product","link":"https:\/\/ourstuff.dk\/de\/produkt\/faegtning-teambuilding-event\/","title":{"rendered":"F\u00e6gtning &#8211; teambuilding og events"},"content":{"rendered":"<div>Hvorfor pr\u00f8ve f\u00e6gtning til jeres n\u00e6ste arrangement?<\/div>\n<ul>\n<li>I f\u00e5r en unik og anderledes oplevelse. De f\u00e6rreste har pr\u00f8vet f\u00e6gtning f\u00f8r, hvilket g\u00f8r det til en sp\u00e6ndende og ny oplevelse for deltagerne. Det v\u00e6kker nysgerrighed og engagement og skaber sjove og mindev\u00e6rdige \u00f8jeblikke.<\/li>\n<li>Alle kan v\u00e6re med, da f\u00e6gtning ikke kr\u00e6ver stor fysisk styrke, men mere handler om strategi, teknik og reaktionsevne. Det betyder, at alle uanset alder og fysik kan deltage p\u00e5 lige vilk\u00e5r.<\/li>\n<li>I kan lege med et indbygget konkurrenceelement. Let konkurrence kan v\u00e6re med til at skabe energi og engagement i gruppen. Dyst mod hinanden i en sjov og sikker ramme.<\/li>\n<li>Kan bruges som isbryder eller et energiboost. Aktiviteten kan bruges tidligt p\u00e5 dagen for at f\u00e5 deltagerne i gang, bryde isen og skabe en god dynamik. Alternativt kan den bruges efter frokost som et aktivt afbr\u00e6k.<\/li>\n<li>I kan s\u00e6tte fokus p\u00e5 strategi og samarbejde p\u00e5 en ny m\u00e5de. F\u00e6gtning handler ikke kun om at sl\u00e5 modstanderen, men ogs\u00e5 om taktik, koncentration og hurtige beslutninger \u2013 kompetencer, der uden tvivl er vigtige i jeres hverdag.<\/li>\n<li>Brug aktiviteten som et tema for dagen. F\u00e6gtning kan kombineres med temaer som \u201ckamp\u00e5nd,\u201d \u201cbeslutningstagning under pres\u201d eller \u201cmental skarphed,\u201d hvilket g\u00f8r aktiviteten relevant i en virksomhedsm\u00e6ssig kontekst.<\/li>\n<\/ul>\n<div>Denne aktivitet kan foreg\u00e5 alle steder, hvor der bare er lidt plads (10&#215;15 meter)<\/div>\n<div><\/div>\n<div>F\u00e6gtning er oplagt til firmafesten, julefrokosten, teambuilding, kundepleje, etc. En disciplin hvor man skal overraske og tage initiativ, men samtidigt holde hovedet koldt. Der kan dystet b\u00e5de individuelt og i hold.<\/div>\n<div><\/div>\n<div>F\u00e6gtning er oplagt at kombinere med vores andre aktiviteter, s\u00e5 I kan f\u00e5 en sjov og begivenhedsrig dag.<\/div>\n","protected":false},"excerpt":{"rendered":"<p>En garde! Med f\u00e6gtning kan man virkelig tale om en aktivitet, som rammer plet. Her er tale om underholdning, som I sent vil glemme. F\u00e6gtning er en kombination af fysisk aktivitet, strategisk t\u00e6nkning og masser af grin, hvilket g\u00f8r det til en oplagt del af et teambuilding-arrangement!<\/p>\n<p>I opdager hurtigt, at n\u00e5r I f\u00e5r udstyret p\u00e5, er der ingen, der st\u00e5r som de plejer \u2013 alle stiller sig lynhurtigt i en f\u00e6gteposition, som havde de gjort det hele livet. Det ses dog hurtigt, at de fleste aldrig har pr\u00f8vet det.<\/p>\n","protected":false},"featured_media":12433,"template":"","meta":{"advanced_seo_description":"","jetpack_seo_html_title":"","jetpack_seo_noindex":false},"product_brand":[],"product_cat":[214],"product_tag":[],"class_list":{"0":"post-12222","1":"product","2":"type-product","3":"status-publish","4":"has-post-thumbnail","6":"product_cat-oplev-vores-nyheder-med-dine-kollegaer-eller-gruppe-kan-sammensaettes-som-du-oensker","8":"first","9":"instock","10":"taxable","11":"shipping-taxable","12":"product-type-b2b_custom_ourstuff"},"booking_location":null,"booking_location_type":null,"booking_duration":null,"booking_duration_unit":null,"booking_buffer":null,"booking_cost":null,"booking_resources":null,"jetpack_sharing_enabled":true,"_links":{"self":[{"href":"https:\/\/ourstuff.dk\/de\/wp-json\/wp\/v2\/product\/12222","targetHints":{"allow":["GET"]}}],"collection":[{"href":"https:\/\/ourstuff.dk\/de\/wp-json\/wp\/v2\/product"}],"about":[{"href":"https:\/\/ourstuff.dk\/de\/wp-json\/wp\/v2\/types\/product"}],"wp:featuredmedia":[{"embeddable":true,"href":"https:\/\/ourstuff.dk\/de\/wp-json\/wp\/v2\/media\/12433"}],"wp:attachment":[{"href":"https:\/\/ourstuff.dk\/de\/wp-json\/wp\/v2\/media?parent=12222"}],"wp:term":[{"taxonomy":"product_brand","embeddable":true,"href":"https:\/\/ourstuff.dk\/de\/wp-json\/wp\/v2\/product_brand?post=12222"},{"taxonomy":"product_cat","embeddable":true,"href":"https:\/\/ourstuff.dk\/de\/wp-json\/wp\/v2\/product_cat?post=12222"},{"taxonomy":"product_tag","embeddable":true,"href":"https:\/\/ourstuff.dk\/de\/wp-json\/wp\/v2\/product_tag?post=12222"}],"curies":[{"name":"wp","href":"https:\/\/api.w.org\/{rel}","templated":true}]}}