{"id":12216,"date":"2025-01-31T12:13:15","date_gmt":"2025-01-31T11:13:15","guid":{"rendered":"https:\/\/ourstuff.dk\/?post_type=product&#038;p=12216"},"modified":"2025-11-21T10:55:16","modified_gmt":"2025-11-21T09:55:16","slug":"race-cars-teambuilding-event","status":"publish","type":"product","link":"https:\/\/ourstuff.dk\/de\/produkt\/race-cars-teambuilding-event\/","title":{"rendered":"Race Cars \u2013 til teambuilding og events"},"content":{"rendered":"<p>Hvorfor skal I v\u00e6lge et RC race (r\u00e6s med fjernstyrede biler) som en aktivitet til jeres n\u00e6ste firma- eller gruppearrangement?<\/p>\n<ul>\n<li>RC race er en fantastisk teambuilding-aktivitet! Alle bliver revet med, og noget magisk sker, n\u00e5r voksne f\u00e5r en fjernbetjening i h\u00e5nden: de bliver som b\u00f8rn igen. RC race skaber masser af grin, sp\u00e6nding og intensitet fra f\u00f8rste sekund.<\/li>\n<li>Det er konkurrence p\u00e5 den sjove m\u00e5de \u2013 I f\u00e5r mulighed for at konkurrere mod hinanden i en let og underholdende ramme, hvor b\u00e5de pr\u00e6cision, reaktionsevne og nerver spiller en rolle.<\/li>\n<li>Der er ingen fysisk begr\u00e6nsning \u2013 alle kan v\u00e6re med \u2013 det kr\u00e6ver ikke fysisk styrke eller kondition at k\u00f8re en fjernstyret racerbil, s\u00e5 alle i virksomheden kan deltage p\u00e5 lige fod.<\/li>\n<li>I f\u00e5r et adrenalinkick og tr\u00e6ner skarp fokus \u2013 n\u00e5r f\u00f8rst bilerne suser afsted, er I 100 % fokuseret. Det giver en fornemmelse af flow og sp\u00e6nding, som skaber en st\u00e6rk f\u00e6lles oplevelse.<\/li>\n<li>Det er mest sjovt, men ikke kun for sjov. Hjernen har godt af at blive udfordret p\u00e5 nye m\u00e5der en gang imellem &#8211; m\u00e5ske trigges muskelhukommelsen fra barndommens leg med fjernstyrede biler, eller m\u00e5ske skal neuronerne danne nye baner for at l\u00e6re kunsten at styre bilen hurtigst rundt p\u00e5 banen?<\/li>\n<\/ul>\n<p>De hurtige racerbiler styres med en remote control, som g\u00f8r at alle voksne hurtigt bliver til sm\u00e5 b\u00f8rn, som bare skal give den gas mod hinanden. Vi ops\u00e6tter en bane, hvor der vil v\u00e6re tr\u00e6ning, tidsk\u00f8rsel og til sidst et racerl\u00f8b!<\/p>\n<p>Instrukt\u00f8rerne s\u00f8rger for at holde hum\u00f8ret h\u00f8jt &#8211; hvilket dog aldrig er et problem, da alle g\u00e5r op i det med liv og sj\u00e6l! G\u00f8r jer klar til et sjovt adrenalinkick \u2013 hvor I er fuld fokuseret, mens I dyster.<\/p>\n<p>Ved dette arrangement inddeler vi jer oftest i hold, alt efter hvor mange, I er. Er I eksempelvis 20-30 personer, vil I v\u00e6re 3 personer p\u00e5 et hold. Er I over 30 personer, vil vi kombinere arrangementet med en anden sjov aktivitet. De fleste grupper p\u00e5 20-30 personer v\u00e6lger oftest en varighed p\u00e5 2 timer.<\/p>\n","protected":false},"excerpt":{"rendered":"<p><span style=\"font-weight: 400;\">Skal der ske noget sjovt og anderledes til jeres n\u00e6ste firmaarrangement? Leder I efter en teambuildingaktivitet, hvor alle kan v\u00e6re med og hum\u00f8ret holdes i top? S\u00e5 er Race Cars noget for jer. R\u00e6s med fjernstyrede biler er en sjov, adrenalinfyldt aktivitet, der bringer deltagerne sammen gennem leg, konkurrence og f\u00e6lles oplevelser. Det kan fungere som et enkeltst\u00e5ende event eller som en del af en st\u00f8rre dag \u2013 og uanset hvad, vil det uden tvivl skabe masser af smil, jubel og high-fives!<\/span><\/p>\n<p>Vi kommer med biler, ekstra batterier og materialer og bygger en bane op lige der, hvor I gerne vil holde jeres event.<\/p>\n","protected":false},"featured_media":12413,"template":"","meta":{"advanced_seo_description":"","jetpack_seo_html_title":"","jetpack_seo_noindex":false},"product_brand":[],"product_cat":[214],"product_tag":[],"class_list":{"0":"post-12216","1":"product","2":"type-product","3":"status-publish","4":"has-post-thumbnail","6":"product_cat-oplev-vores-nyheder-med-dine-kollegaer-eller-gruppe-kan-sammensaettes-som-du-oensker","8":"first","9":"instock","10":"taxable","11":"shipping-taxable","12":"product-type-b2b_custom_ourstuff"},"booking_location":null,"booking_location_type":null,"booking_duration":null,"booking_duration_unit":null,"booking_buffer":null,"booking_cost":null,"booking_resources":null,"jetpack_sharing_enabled":true,"_links":{"self":[{"href":"https:\/\/ourstuff.dk\/de\/wp-json\/wp\/v2\/product\/12216","targetHints":{"allow":["GET"]}}],"collection":[{"href":"https:\/\/ourstuff.dk\/de\/wp-json\/wp\/v2\/product"}],"about":[{"href":"https:\/\/ourstuff.dk\/de\/wp-json\/wp\/v2\/types\/product"}],"wp:featuredmedia":[{"embeddable":true,"href":"https:\/\/ourstuff.dk\/de\/wp-json\/wp\/v2\/media\/12413"}],"wp:attachment":[{"href":"https:\/\/ourstuff.dk\/de\/wp-json\/wp\/v2\/media?parent=12216"}],"wp:term":[{"taxonomy":"product_brand","embeddable":true,"href":"https:\/\/ourstuff.dk\/de\/wp-json\/wp\/v2\/product_brand?post=12216"},{"taxonomy":"product_cat","embeddable":true,"href":"https:\/\/ourstuff.dk\/de\/wp-json\/wp\/v2\/product_cat?post=12216"},{"taxonomy":"product_tag","embeddable":true,"href":"https:\/\/ourstuff.dk\/de\/wp-json\/wp\/v2\/product_tag?post=12216"}],"curies":[{"name":"wp","href":"https:\/\/api.w.org\/{rel}","templated":true}]}}