{"id":12136,"date":"2025-01-30T15:12:53","date_gmt":"2025-01-30T14:12:53","guid":{"rendered":"https:\/\/ourstuff.dk\/?post_type=product&#038;p=12136"},"modified":"2025-11-21T10:56:19","modified_gmt":"2025-11-21T09:56:19","slug":"strandsurfing-event","status":"publish","type":"product","link":"https:\/\/ourstuff.dk\/de\/produkt\/strandsurfing-event\/","title":{"rendered":"Strandsurfing &#8211; event"},"content":{"rendered":"<p>Hvorfor skal I v\u00e6lge strandsurfing som teambuilding-aktivitet?<\/p>\n<ul>\n<li>Giv jer selv en unik og uforglemmelig oplevelse \u2013 strandsurfing er ikke noget, man pr\u00f8ver hver dag! Det er en sj\u00e6lden chance for at m\u00e6rke vinden i sejlet og opleve fart og frihed p\u00e5 en af Danmarks smukkeste strande.<\/li>\n<li>Alle kan v\u00e6re med \u2013 der er ingen fysiske krav \u2013 I sidder komfortabelt og styrer let med h\u00e6nder og f\u00f8dder. Om I cruiser i roligt tempo eller r\u00e6ser afsted, bestemmer I selv.<\/li>\n<li>I f\u00e5r et adrenalinkick og alletiders naturoplevelse i \u00e9t \u2013 kombinationen af fart og vind giver et sus i maven, samtidig med at I nyder den storsl\u00e5ede natur ved Vadehavet.<\/li>\n<li>I f\u00e5r mulighed for at kombinere konkurrence og samarbejde i \u00e9n aktivitet \u2013 strandsurfing kan g\u00f8res til en sjov dyst med tidsk\u00f8rsler eller holdbaserede udfordringer, hvor deltagerne skiftes til at f\u00e5 den bedste tid.<\/li>\n<li>Giv jer selv en pause fra hverdagen \u2013 at tage v\u00e6k fra kontoret og hverdagen for en dag skaber en anderledes ramme, hvor kollegaer m\u00f8des p\u00e5 en ny og afslappet m\u00e5de.<\/li>\n<li>Aktiviteten passer perfekt til forskellige slags grupper &#8211; uanset, om I kommer med en gruppe elever fra en efterskole eller med hele teamet i jeres revisorfirma, er strandsurfing en sjov og inkluderende aktivitet.<\/li>\n<\/ul>\n<p class=\"cvGsUA direction-ltr align-justify para-style-body\"><span class=\"OYPEnA font-feature-liga-off font-feature-clig-off font-feature-calt-off text-decoration-none text-strikethrough-none\">Strandsurfing er perfekt til et sjovt arrangement eller et firmaevent, da alle kan v\u00e6re med! Vores dygtige instrukt\u00f8rer sikrer jer en tryg og sjov dag p\u00e5 stranden. <\/span><span class=\"OYPEnA font-feature-liga-off font-feature-clig-off font-feature-calt-off text-decoration-none text-strikethrough-none\">Vadehavet langs den danske vestkyst i fint selskab med Pyramiderne og Grand Canyon p\u00e5 UNESCO\u2019s verdensarvsliste. Vi tilbyder ogs\u00e5 aktiviteten p\u00e5 Fan\u00f8.<\/span><\/p>\n<p>Her er en perfekt aktivitet til en offsite-dag. Hvis I gerne vil v\u00e6k fra hverdagens m\u00f8delokaler og skabe en dag med sjov og sammenhold, er R\u00f8m\u00f8 den perfekte destination. Kombiner strandsurfing med workshops, strategiopl\u00e6g eller teamudvikling \u2013 vi kan levere faciliteterne til det.<\/p>\n<p>Skaber st\u00e6rke f\u00e6lles minder: n\u00e5r I tager langt v\u00e6k for en unik oplevelse, giver det et ekstra oplevelseselement, s\u00e5 dagen vil blive husket som noget s\u00e6rligt.<\/p>\n<p>Vi tilpasser aktiviteten efter gruppest\u00f8rrelsen. <span class=\"OYPEnA font-feature-liga-off font-feature-clig-off font-feature-calt-off text-decoration-none text-strikethrough-none\">Vi har ca. 10-30 strandsurfere k\u00f8rende ad gangen. Ved st\u00f8rre grupper kombinerer vi oftest strandsurfing med en af vores andre sjove aktiviteter.<\/span>\u00a0Uanset om det er en lille ledergruppe eller en st\u00f8rre afdeling, kan strandsurfing tilpasses, s\u00e5 alle f\u00e5r en sjov og tryg oplevelse.<\/p>\n","protected":false},"excerpt":{"rendered":"<p>Strandsurfing er en sjov og anderledes aktivitet, der kombinerer fart, natur og f\u00e6llesskab. Det er en unik mulighed for at tage v\u00e6k fra kontoret og styrke sammenholdet i virksomheden \u2013 en oplevelse, der vil blive husket!<\/p>\n<p>S\u00e5 gl\u00e6d jer til denne sp\u00e6ndende aktivitet, som OurStuff helt eksklusiv kan tilbyde til grupper. Vi gennemf\u00f8rer ca. 50 events om \u00e5ret og har nogle af de s\u00f8deste og mest veluddannede instrukt\u00f8rer til at hj\u00e6lpe med at sikre, at I f\u00e5r et godt arrangement. Book en time med strandsurfing \u2013 en sjov og anderledes aktivitet, der kombinerer fart, natur og f\u00e6llesskab.<\/p>\n","protected":false},"featured_media":12361,"template":"","meta":{"advanced_seo_description":"","jetpack_seo_html_title":"","jetpack_seo_noindex":false},"product_brand":[],"product_cat":[214],"product_tag":[],"class_list":{"0":"post-12136","1":"product","2":"type-product","3":"status-publish","4":"has-post-thumbnail","6":"product_cat-oplev-vores-nyheder-med-dine-kollegaer-eller-gruppe-kan-sammensaettes-som-du-oensker","8":"first","9":"instock","10":"taxable","11":"shipping-taxable","12":"product-type-b2b_custom_ourstuff"},"booking_location":null,"booking_location_type":null,"booking_duration":null,"booking_duration_unit":null,"booking_buffer":null,"booking_cost":null,"booking_resources":null,"jetpack_sharing_enabled":true,"_links":{"self":[{"href":"https:\/\/ourstuff.dk\/de\/wp-json\/wp\/v2\/product\/12136","targetHints":{"allow":["GET"]}}],"collection":[{"href":"https:\/\/ourstuff.dk\/de\/wp-json\/wp\/v2\/product"}],"about":[{"href":"https:\/\/ourstuff.dk\/de\/wp-json\/wp\/v2\/types\/product"}],"wp:featuredmedia":[{"embeddable":true,"href":"https:\/\/ourstuff.dk\/de\/wp-json\/wp\/v2\/media\/12361"}],"wp:attachment":[{"href":"https:\/\/ourstuff.dk\/de\/wp-json\/wp\/v2\/media?parent=12136"}],"wp:term":[{"taxonomy":"product_brand","embeddable":true,"href":"https:\/\/ourstuff.dk\/de\/wp-json\/wp\/v2\/product_brand?post=12136"},{"taxonomy":"product_cat","embeddable":true,"href":"https:\/\/ourstuff.dk\/de\/wp-json\/wp\/v2\/product_cat?post=12136"},{"taxonomy":"product_tag","embeddable":true,"href":"https:\/\/ourstuff.dk\/de\/wp-json\/wp\/v2\/product_tag?post=12136"}],"curies":[{"name":"wp","href":"https:\/\/api.w.org\/{rel}","templated":true}]}}