{"id":11834,"date":"2025-01-17T11:27:46","date_gmt":"2025-01-17T10:27:46","guid":{"rendered":"https:\/\/ourstuff.dk\/?post_type=product&#038;p=11834"},"modified":"2025-11-21T11:17:46","modified_gmt":"2025-11-21T10:17:46","slug":"foodtruck-event","status":"publish","type":"product","link":"https:\/\/ourstuff.dk\/de\/produkt\/foodtruck-event\/","title":{"rendered":"Foodtruck &#8211; is i lange baner til events eller firmaarrangementer"},"content":{"rendered":"<div>Hvorfor skal I booke vores foodtruck fyldt med is til jeres n\u00e6ste arrangement?<\/div>\n<ul>\n<li>Alle elsker is, og glade medarbejdere skaber gode resultater! Intet spreder god stemning som en l\u00e6kker, kold is p\u00e5 en varm dag eller som en overraskelse til teamet. En foodtruck med gourmet-is er en nem og effektiv m\u00e5de at fork\u00e6le medarbejderne p\u00e5 og skabe en positiv atmosf\u00e6re.<\/li>\n<li>Passer perfekt til enhver lejlighed, uanset om I fejrer en milep\u00e6l, en f\u00f8dselsdag, en sommerfest eller bare vil sige tak til jeres ansatte, er is altid en sikker vinder.<\/li>\n<li>Vi kommer til jer \u2013 nul besv\u00e6r! Ingen planl\u00e6gning eller koordinering fra jeres side. Vi ruller ind, serverer is og s\u00f8rger for en hyggelig stemning. N\u00e5r alle er m\u00e6tte og glade, ruller vi igen.<\/li>\n<li>I f\u00e5r unik kvalitet fra en passioneret iv\u00e6rks\u00e6tter. Nicolai er kendt for sine smukke, velsmagende is og chokolade, og med ham bag roret f\u00e5r I is, der er en oplevelse i sig selv og ikke bare en hurtig dessert.<\/li>\n<li>Der er noget for enhver smag. Fra smagfulde ispinde til klassiske kugler og l\u00e6kre toppings. I kan alle kan sammens\u00e6tte jeres helt egen favorit.<\/li>\n<li>Vil I g\u00f8re jeres event endnu mere mindev\u00e6rdigt? Bes\u00f8g af foodtrucken kan nemt kombineres med en af vores andre aktiviteter.<\/li>\n<li>En skarp pris p\u00e5 alt hvad I kan spise! Fra kun 6.000 kr. kan jeres medarbejdere spise alle de is, de vil. Er I flere end 100 personer? Det koster kun 75 kr. ekstra pr. medarbejder.<\/li>\n<li>Brug foodtrucken som et afslappende element i en aktivitetsdag. Efter en formiddag med teambuilding er der intet bedre end at slappe af med en is i h\u00e5nden.<\/li>\n<li>Kan fungere som en mobil dessertbar til et st\u00f8rre event. Kombin\u00e9r foodtrucken med en grillfest, en sommerfest eller en konference for at give jeres g\u00e6ster en ekstra oplevelse.<\/li>\n<li>Nem og hurtig afvikling. Ingen logistik eller forberedelse for jer. Vi s\u00f8rger for alt fra servering til oprydning.<\/li>\n<\/ul>\n<div>Vi har sl\u00e5et os sammen med den unge iv\u00e6rks\u00e6tter Nicolai, som er verdensmester i at lave flotte isanretninger samt ispinde, som du ikke har set f\u00f8r. M\u00e5ske kender I ham ogs\u00e5 fra Guldsmedgade 1 i Aarhus?<\/div>\n<div><\/div>\n<div>Dette arrangement er perfekt til at fejre en milep\u00e6l, f\u00f8dselsdag eller andet for virksomheden. Ellers er det oplagt at kombinere med nogle af vores andre aktiviteter.<\/div>\n","protected":false},"excerpt":{"rendered":"<p>Book vores foodtruck: en enkel, l\u00e6kker og festlig m\u00e5de at skabe gl\u00e6de p\u00e5 arbejdspladsen. Uanset om I \u00f8nsker en is-pause p\u00e5 en sommerdag, en fejring eller et sjovt supplement til en aktivitetsdag, er vi klar til at rulle ind og sprede smil \u2013 \u00e9n is ad gangen! Alle kan hver is\u00e6r v\u00e6lge hvilken is, de \u00f8nsker, da vi tilbyder flere typer af ispinde og kugler, samt drys.<\/p>\n","protected":false},"featured_media":12337,"template":"","meta":{"advanced_seo_description":"","jetpack_seo_html_title":"","jetpack_seo_noindex":false},"product_brand":[],"product_cat":[214],"product_tag":[],"class_list":{"0":"post-11834","1":"product","2":"type-product","3":"status-publish","4":"has-post-thumbnail","6":"product_cat-oplev-vores-nyheder-med-dine-kollegaer-eller-gruppe-kan-sammensaettes-som-du-oensker","8":"first","9":"instock","10":"taxable","11":"shipping-taxable","12":"product-type-b2b_custom_ourstuff"},"booking_location":null,"booking_location_type":null,"booking_duration":null,"booking_duration_unit":null,"booking_buffer":null,"booking_cost":null,"booking_resources":null,"jetpack_sharing_enabled":true,"_links":{"self":[{"href":"https:\/\/ourstuff.dk\/de\/wp-json\/wp\/v2\/product\/11834","targetHints":{"allow":["GET"]}}],"collection":[{"href":"https:\/\/ourstuff.dk\/de\/wp-json\/wp\/v2\/product"}],"about":[{"href":"https:\/\/ourstuff.dk\/de\/wp-json\/wp\/v2\/types\/product"}],"wp:featuredmedia":[{"embeddable":true,"href":"https:\/\/ourstuff.dk\/de\/wp-json\/wp\/v2\/media\/12337"}],"wp:attachment":[{"href":"https:\/\/ourstuff.dk\/de\/wp-json\/wp\/v2\/media?parent=11834"}],"wp:term":[{"taxonomy":"product_brand","embeddable":true,"href":"https:\/\/ourstuff.dk\/de\/wp-json\/wp\/v2\/product_brand?post=11834"},{"taxonomy":"product_cat","embeddable":true,"href":"https:\/\/ourstuff.dk\/de\/wp-json\/wp\/v2\/product_cat?post=11834"},{"taxonomy":"product_tag","embeddable":true,"href":"https:\/\/ourstuff.dk\/de\/wp-json\/wp\/v2\/product_tag?post=11834"}],"curies":[{"name":"wp","href":"https:\/\/api.w.org\/{rel}","templated":true}]}}