{"id":113,"date":"2023-11-05T17:41:09","date_gmt":"2023-11-05T15:41:09","guid":{"rendered":"https:\/\/shop.ourstuff.dk\/product\/storbyferie\/"},"modified":"2026-03-23T13:33:04","modified_gmt":"2026-03-23T12:33:04","slug":"storbyferie","status":"publish","type":"product","link":"https:\/\/ourstuff.dk\/de\/produkt\/storbyferie\/","title":{"rendered":"Storbyferie"},"content":{"rendered":"<p>AFSLAPNING \u2013 HYGGE \u2013 35 CHARMERENDE HOTELLER\/KROER<\/p>\n<p>Hotelophold med n\u00e6rliggende sev\u00e6rdigheder Vil du udforske Europas storbyer med fuld frihed? V\u00e6lg en k\u00f8r-selv-ferie og planl\u00e6g din egen tur. Storbyerne byder p\u00e5 en verden af oplevelser, hvor kun fantasien s\u00e6tter gr\u00e6nser<\/p>\n","protected":false},"excerpt":{"rendered":"<p>3 dages storbyferie i Europa for 2 personer<\/p>\n","protected":false},"featured_media":13150,"template":"","meta":{"advanced_seo_description":"","jetpack_seo_html_title":"","jetpack_seo_noindex":false},"product_brand":[],"product_cat":[109,19],"product_tag":[],"class_list":{"0":"post-113","1":"product","2":"type-product","3":"status-publish","4":"has-post-thumbnail","6":"product_cat-gaver-overnatning","7":"product_cat-hotelophold","9":"first","10":"instock","11":"taxable","12":"shipping-taxable","13":"purchasable","14":"product-type-simple"},"booking_location":null,"booking_location_type":null,"booking_duration":null,"booking_duration_unit":null,"booking_buffer":null,"booking_cost":null,"booking_resources":null,"jetpack_sharing_enabled":true,"_links":{"self":[{"href":"https:\/\/ourstuff.dk\/de\/wp-json\/wp\/v2\/product\/113","targetHints":{"allow":["GET"]}}],"collection":[{"href":"https:\/\/ourstuff.dk\/de\/wp-json\/wp\/v2\/product"}],"about":[{"href":"https:\/\/ourstuff.dk\/de\/wp-json\/wp\/v2\/types\/product"}],"wp:featuredmedia":[{"embeddable":true,"href":"https:\/\/ourstuff.dk\/de\/wp-json\/wp\/v2\/media\/13150"}],"wp:attachment":[{"href":"https:\/\/ourstuff.dk\/de\/wp-json\/wp\/v2\/media?parent=113"}],"wp:term":[{"taxonomy":"product_brand","embeddable":true,"href":"https:\/\/ourstuff.dk\/de\/wp-json\/wp\/v2\/product_brand?post=113"},{"taxonomy":"product_cat","embeddable":true,"href":"https:\/\/ourstuff.dk\/de\/wp-json\/wp\/v2\/product_cat?post=113"},{"taxonomy":"product_tag","embeddable":true,"href":"https:\/\/ourstuff.dk\/de\/wp-json\/wp\/v2\/product_tag?post=113"}],"curies":[{"name":"wp","href":"https:\/\/api.w.org\/{rel}","templated":true}]}}