{"id":1105,"date":"2024-03-12T14:26:00","date_gmt":"2024-03-12T13:26:00","guid":{"rendered":"https:\/\/shop.ourstuff.dk\/?post_type=product&#038;p=1105"},"modified":"2025-02-18T09:59:43","modified_gmt":"2025-02-18T08:59:43","slug":"strandsurfing-med-overnatning-roemoe","status":"publish","type":"product","link":"https:\/\/ourstuff.dk\/de\/produkt\/strandsurfing-med-overnatning-roemoe\/","title":{"rendered":"Strandsurfing med overnatning for 2 &#8211; R\u00f8m\u00f8"},"content":{"rendered":"<p><span style=\"color: #000000;\"><u style=\"font-size: 14.4px;\"><strong>UDFLUGT &#8211; VESTERHAVET &#8211; STRANDSURFING &#8211; NATUROPLEVELSE<\/strong><\/u><\/span><\/p>\n<p><span style=\"color: #000000;\"><em>\u00c5rets adrenalinkick for 12-70 \u00e5r.<\/em><\/span><\/p>\n<p><span style=\"color: #000000;\"><strong>\ud83c\udf10 S\u00f8nderstrandvej, 6792 R\u00f8m\u00f8 (<a style=\"color: #000000;\" href=\"https:\/\/maps.app.goo.gl\/jYkMy3h2mPSXV8ab9\" target=\"_blank\" rel=\"noopener\">Kort<\/a>)<\/strong><\/span><\/p>\n<p><span style=\"color: #000000;\"><strong>\ud83d\udd53 1-2 timer<\/strong><\/span><\/p>\n<p><span style=\"color: #000000;\"><strong>\ud83c\udfd6 \u00a0Ikke fysisk kr\u00e6vende<\/strong><\/span><\/p>\n<p><span style=\"color: #000000;\"><strong>\ud83c\udfc4\u200d\u2642\ufe0f\u00a0Dygtige og erfarne danske instrukt\u00f8rer<\/strong><\/span><\/p>\n<p><span style=\"color: #000000;\"><strong>\ud83d\udeb2\u00a0Komfortabel og highperformance udstyr<\/strong><\/span><\/p>\n<p><span style=\"color: #000000;\"><strong>\ud83d\ude4c\u00a0Ingen foruds\u00e6tninger \u2013 hurtig at l\u00e6re<\/strong><\/span><\/p>\n<p><span style=\"color: #000000;\"><strong>\ud83c\udf33\u00a0OurStuff donerer 1 tr\u00e6 pr. booking til en dansk skov<\/strong><\/span><\/p>\n<p><span style=\"color: #000000;\"><strong>\ud83d\udccd\u00a0Du finder os p\u00e5 3 lokationer R\u00f8m\u00f8-Fan\u00f8-B\u00f8rsmose<\/strong><\/span><\/p>\n<p><span style=\"color: #000000;\">Det er ikke l\u00f8gn, Vadehavet langs den danske vestkyst er i fint selskab med pyramiderne og Grand Canyon opf\u00f8rt p\u00e5 UNESCOs verdensarvsliste.<\/span><\/p>\n<p><span style=\"color: #000000;\">S\u00e5 g\u00f8r dig klar til en mindev\u00e6rdig naturoplevelse og \u00e5rets sjoveste adrenalinkick! S\u00e6t dig i strandsurferen, lad vinden gribe sejlet, og m\u00e6rk suset, n\u00e5r du r\u00e6ser hen ad stranden p\u00e5 R\u00f8m\u00f8, mens du selvsikkert og til stor forn\u00f8jelse t\u00e6mmer vinden med dit sejl.<\/span><\/p>\n<p><span style=\"color: #000000;\">Om du k\u00f8rer 20 km\/t eller 50, bestemmer du selv. Dygtige instrukt\u00f8rer sikrer en tryg, sjov og fartrig dag p\u00e5 stranden \u2013 m\u00e5ske sammen med dine venner eller\u00a0familie?<\/span><\/p>\n<p><span style=\"color: #000000;\">Alle kan v\u00e6re med, uanset om du er 12 \u00e5r eller 70 \u00e5r, og der findes n\u00e6ppe nogen bedre m\u00e5de at nyde den danske strands\u00e6son p\u00e5 end med vind i sejlene, fart i hjulene og udsigt til perfekte, brede sandstrande!<\/span><\/p>\n<p><span style=\"color: #000000;\">Efter strandsurf-oplevelsen er der mulighed for gratis l\u00e5n af diverse strandudstyr, m\u00e5ske en sk\u00f8n dukkert i b\u00f8lgerne eller bare nyde stemningen i vores camp.<\/span><\/p>\n<p><span style=\"color: #000000;\">Dette tilbud er for 2 personer, men ferie hytten kan rumme op til 4 voksne og 3 b\u00f8rn. S\u00e5 der kan v\u00e6re plads til en hel familie.<br \/>\nDette tilbud kan ikke benyttes i juli\/august.\u00a0<\/span><\/p>\n","protected":false},"excerpt":{"rendered":"<p><span style=\"color: #000000;\"><strong>FAMILIEOPLEVELSE \u2013 CERTIFICERET \u2013 LOKALT<\/strong><\/span><br \/>\n<span style=\"color: #000000;\">5-***** oplevelse for alle i OurStuffs komfortable strandsurfere, med erfarne instrukt\u00f8rer, som g\u00f8r det nemt at l\u00e6re. S\u00e6t dig i strandsurferen, lad vinden gribe sejlet, og m\u00e6rk suset, n\u00e5r du r\u00e6ser hen ad S\u00f8nderstrand p\u00e5 R\u00f8m\u00f8.<\/span><\/p>\n","protected":false},"featured_media":2219,"template":"","meta":{"advanced_seo_description":"","jetpack_seo_html_title":"","jetpack_seo_noindex":false},"product_brand":[],"product_cat":[66,25],"product_tag":[],"class_list":{"0":"post-1105","1":"product","2":"type-product","3":"status-publish","4":"has-post-thumbnail","6":"product_cat-strandsurfing-roemoe","7":"product_cat-strandsurfing-3","9":"first","10":"instock","11":"virtual","12":"sold-individually","13":"taxable","14":"purchasable","15":"product-type-booking"},"booking_location":"","booking_location_type":"","booking_duration":2,"booking_duration_unit":"hour","booking_buffer":0,"booking_cost":0,"booking_resources":[],"jetpack_sharing_enabled":true,"_links":{"self":[{"href":"https:\/\/ourstuff.dk\/de\/wp-json\/wp\/v2\/product\/1105","targetHints":{"allow":["GET"]}}],"collection":[{"href":"https:\/\/ourstuff.dk\/de\/wp-json\/wp\/v2\/product"}],"about":[{"href":"https:\/\/ourstuff.dk\/de\/wp-json\/wp\/v2\/types\/product"}],"wp:featuredmedia":[{"embeddable":true,"href":"https:\/\/ourstuff.dk\/de\/wp-json\/wp\/v2\/media\/2219"}],"wp:attachment":[{"href":"https:\/\/ourstuff.dk\/de\/wp-json\/wp\/v2\/media?parent=1105"}],"wp:term":[{"taxonomy":"product_brand","embeddable":true,"href":"https:\/\/ourstuff.dk\/de\/wp-json\/wp\/v2\/product_brand?post=1105"},{"taxonomy":"product_cat","embeddable":true,"href":"https:\/\/ourstuff.dk\/de\/wp-json\/wp\/v2\/product_cat?post=1105"},{"taxonomy":"product_tag","embeddable":true,"href":"https:\/\/ourstuff.dk\/de\/wp-json\/wp\/v2\/product_tag?post=1105"}],"curies":[{"name":"wp","href":"https:\/\/api.w.org\/{rel}","templated":true}]}}