{"id":1103,"date":"2024-03-12T14:15:50","date_gmt":"2024-03-12T13:15:50","guid":{"rendered":"https:\/\/shop.ourstuff.dk\/?post_type=product&#038;p=1103"},"modified":"2026-03-23T14:26:42","modified_gmt":"2026-03-23T13:26:42","slug":"strandsurfing-og-wellness-roemoe","status":"publish","type":"product","link":"https:\/\/ourstuff.dk\/de\/produkt\/strandsurfing-og-wellness-roemoe\/","title":{"rendered":"Strandsurfing og Wellness p\u00e5 R\u00f8m\u00f8"},"content":{"rendered":"<p><span style=\"color: #000000;\"><u><strong>UDFLUGT &#8211; VESTERHAVET &#8211; STRANDSURFING &#8211; NATUROPLEVELSE &#8211; SELVFORK\u00c6LELSE\u00a0<\/strong><\/u><\/span><\/p>\n<p><span style=\"color: #000000;\"><em>Kombiner \u00e5rets adrenalinkick for 12-70 \u00e5r med ren afslapning<\/em><\/span><\/p>\n<p><span style=\"color: #000000;\">\ud83c\udf10 <strong><span style=\"font-size: 14.4px;\">S\u00f8nderstrandvej, 6792 R\u00f8m\u00f8 (<\/span><a style=\"font-size: 14.4px; color: #000000;\" href=\"https:\/\/maps.app.goo.gl\/jYkMy3h2mPSXV8ab9\" target=\"_blank\" rel=\"noopener\">Kort<\/a><span style=\"font-size: 14.4px;\">) og Vestergade 31, 6792 R\u00f8m\u00f8 (<a href=\"https:\/\/www.google.dk\/maps\/place\/Enjoy+Resorts+R%C3%B8m%C3%B8\/@55.085421,8.5491981,16z\/data=!3m1!4b1!4m9!3m8!1s0x47b4ce6ea5d2e49f:0xea9495f4be63bc1!5m2!4m1!1i2!8m2!3d55.085421!4d8.551773!16s%2Fg%2F11xdmflzh?entry=ttu&amp;g_ep=EgoyMDI1MDIxMi4wIKXMDSoASAFQAw%3D%3D\">Kort<\/a>)<\/span><\/strong><\/span><\/p>\n<p><span style=\"color: #000000;\"><strong>\ud83d\udd53 2 timers strandsurfing med start kl. 9 eller kl. 10 og efterf\u00f8lgende afslapning p\u00e5 Enjoy Resort R\u00f8m\u00f8<\/strong><\/span><\/p>\n<p><span style=\"color: #000000;\"><strong>\ud83c\udfd6\u00a0 Ikke fysisk kr\u00e6vende<\/strong><\/span><\/p>\n<p><span style=\"color: #000000;\"><strong>\ud83c\udfc4\u200d\u2642\ufe0f\u00a0Dygtige og erfarne danske instrukt\u00f8rer<\/strong><\/span><\/p>\n<p><span style=\"color: #000000;\"><strong>\ud83d\udeb2\u00a0Komfortabel og highperformance udstyr<\/strong><\/span><\/p>\n<p><span style=\"color: #000000;\"><strong>\ud83d\ude4c\u00a0Ingen foruds\u00e6tninger \u2013 hurtig at l\u00e6re<\/strong><\/span><\/p>\n<p><span style=\"color: #000000;\"><strong>\ud83d\udccd Du finder os p\u00e5 R\u00f8m\u00f8s imponerende S\u00f8nderstrand<\/strong><\/span><\/p>\n<p><span style=\"color: #000000;\">Det er ikke l\u00f8gn, Vadehavet langs den danske vestkyst er i fint selskab med pyramiderne og Grand Canyon opf\u00f8rt p\u00e5 UNESCOs verdensarvsliste.<\/span><\/p>\n<p>Du starter dagen med en actionfyldt strandsurfing-oplevelse p\u00e5 R\u00f8m\u00f8s imponerende S\u00f8nderstrand. Her m\u00e6rker du vinden i h\u00e5ret, adrenalinen pumpe og friheden ved at suse hen over den brede sandstrand. Vores erfarne instrukt\u00f8rer sikrer en sjov og tryg introduktion til strandsurfing, s\u00e5 du kan nyde to timer med fart, sp\u00e6nding og uforglemmelige \u00f8jeblikke.<\/p>\n<p>Efter eventyret p\u00e5 stranden venter ren afslapning i luksuri\u00f8se omgivelser. Hos Enjoy Resort R\u00f8m\u00f8 kan du dykke ned i 2.600 kvadratmeter wellness med dampende saunaer, varme bade og en atmosf\u00e6re af komplet ro. Lad sanserne fork\u00e6les af blide dufte og beroligende musik, mens du genfinder balancen efter en dag fyldt med action.<\/p>\n<div>Oplev den perfekte kombination af strandsurfing og wellness p\u00e5 R\u00f8m\u00f8 \u2013 en getaway, hvor b\u00e5de krop og sind bliver ladet op.<\/div>\n<p><span style=\"color: #000000;\">S\u00e5 g\u00f8r jer klar til en mindev\u00e6rdig naturoplevelse og \u00e5rets sjoveste adrenalinkick! <\/span><span style=\"color: #000000;\">Om I k\u00f8rer 20 km\/t eller 30, bestemmer I selv. Dygtige instrukt\u00f8rer sikrer en tryg, sjov og fartrig oplevelse p\u00e5 stranden. <\/span><span style=\"color: #000000;\">Alle kan v\u00e6re med, uanset om man er 12 \u00e5r eller 70 \u00e5r, og der findes n\u00e6ppe nogen bedre m\u00e5de at nyde den danske strands\u00e6son p\u00e5 end med vind i sejlene, fart i hjulene og udsigt til perfekte, brede sandstrande!<\/span><\/p>\n","protected":false},"excerpt":{"rendered":"<div>Wellness og strandsurfing p\u00e5 R\u00f8m\u00f8 \u2013 den perfekte kombination af action og afslapning. Start dagen med adrenalinfyldt strandsurfing p\u00e5 S\u00f8nderstrand, hvor fart og frihed forenes. Efter action p\u00e5 stranden venter total afslapning i Enjoy Resort R\u00f8m\u00f8s luksuri\u00f8se wellness-omr\u00e5de med saunaer, varme bade og rolig atmosf\u00e6re. Oplev den perfekte balance mellem action og velv\u00e6re p\u00e5 smukke R\u00f8m\u00f8!<\/div>\n","protected":false},"featured_media":16262,"template":"","meta":{"advanced_seo_description":"","jetpack_seo_html_title":"","jetpack_seo_noindex":false},"product_brand":[],"product_cat":[237,66,25],"product_tag":[],"class_list":{"0":"post-1103","1":"product","2":"type-product","3":"status-publish","4":"has-post-thumbnail","6":"product_cat-gaver-action-og-outdoor","7":"product_cat-strandsurfing-roemoe","8":"product_cat-strandsurfing-3","10":"first","11":"instock","12":"virtual","13":"taxable","14":"purchasable","15":"product-type-simple"},"booking_location":null,"booking_location_type":null,"booking_duration":null,"booking_duration_unit":null,"booking_buffer":null,"booking_cost":null,"booking_resources":null,"jetpack_sharing_enabled":true,"_links":{"self":[{"href":"https:\/\/ourstuff.dk\/de\/wp-json\/wp\/v2\/product\/1103","targetHints":{"allow":["GET"]}}],"collection":[{"href":"https:\/\/ourstuff.dk\/de\/wp-json\/wp\/v2\/product"}],"about":[{"href":"https:\/\/ourstuff.dk\/de\/wp-json\/wp\/v2\/types\/product"}],"wp:featuredmedia":[{"embeddable":true,"href":"https:\/\/ourstuff.dk\/de\/wp-json\/wp\/v2\/media\/16262"}],"wp:attachment":[{"href":"https:\/\/ourstuff.dk\/de\/wp-json\/wp\/v2\/media?parent=1103"}],"wp:term":[{"taxonomy":"product_brand","embeddable":true,"href":"https:\/\/ourstuff.dk\/de\/wp-json\/wp\/v2\/product_brand?post=1103"},{"taxonomy":"product_cat","embeddable":true,"href":"https:\/\/ourstuff.dk\/de\/wp-json\/wp\/v2\/product_cat?post=1103"},{"taxonomy":"product_tag","embeddable":true,"href":"https:\/\/ourstuff.dk\/de\/wp-json\/wp\/v2\/product_tag?post=1103"}],"curies":[{"name":"wp","href":"https:\/\/api.w.org\/{rel}","templated":true}]}}