{"id":10953,"date":"2024-12-11T14:01:17","date_gmt":"2024-12-11T13:01:17","guid":{"rendered":"https:\/\/ourstuff.dk\/?post_type=product&#038;p=10953"},"modified":"2026-03-23T11:30:19","modified_gmt":"2026-03-23T10:30:19","slug":"wings-roemoe-test","status":"publish","type":"product","link":"https:\/\/ourstuff.dk\/de\/produkt\/wings-roemoe-test\/","title":{"rendered":"Wings &#8211; Vejers"},"content":{"rendered":"<p><span style=\"color: #000000;\"><strong>\ud83c\udf10 S\u00f8nderstrandvej, 6792 R\u00f8m\u00f8 (<a style=\"color: #000000;\" href=\"https:\/\/maps.app.goo.gl\/jYkMy3h2mPSXV8ab9\" target=\"_blank\" rel=\"noopener\">Kort<\/a>)<\/strong><\/span><\/p>\n<p><span style=\"color: #000000;\"><strong>\ud83d\udd53 1-2 timer<\/strong><\/span><\/p>\n<p><span style=\"color: #000000;\"><strong>\ud83c\udfcb\ufe0f\u200d\u2640\ufe0f Nybegynder til \u00f8vet<\/strong><\/span><\/p>\n<p><span style=\"color: #000000;\"><strong>\ud83c\udfd6 Lettere fysisk kr\u00e6vende<\/strong><\/span><\/p>\n<p><span style=\"color: #000000;\"><strong>\ud83c\udfc4\u200d\u2642\ufe0f\u00a0Dygtige og erfarne danske instrukt\u00f8rer<\/strong><\/span><\/p>\n<p><span style=\"color: #000000;\"><strong>\ud83d\udeb2 Highperformance udstyr og hjelme\u00a0<\/strong><\/span><\/p>\n<p><span style=\"color: #000000;\"><strong>\ud83d\ude4c Ingen foruds\u00e6tninger \u2013 forholdvis hurtig at l\u00e6re<\/strong><\/span><\/p>\n<p><span style=\"color: #000000;\"><strong>\ud83c\udf33\u00a0OurStuff donerer 1 tr\u00e6 pr. booking til en dansk skov<\/strong><\/span><\/p>\n<p><span style=\"color: #000000;\"><strong>\ud83d\udccd Du finder os p\u00e5 en UNESCO fredet strand p\u00e5 R\u00f8m\u00f8\u00a0<\/strong><\/span><\/p>\n<p><span style=\"color: #000000;\">Wings er en helt ny sport, der kommer mere og mere frem i Europa. Wings er oprindeligt designet til at v\u00e6re p\u00e5 vand, men OurStuff har udviklet vores helt egen landboard, der er velegnet til ogs\u00e5 at k\u00f8re p\u00e5 stranden. Du beh\u00f8ver ingen tidligere erfaring for at k\u00f8re med wings, da du bliver l\u00e6rt op af vores dygtige instrukt\u00f8rer.<\/span><\/p>\n<p><span style=\"color: #000000;\">Denne fede aktivitet kan du forbinde sammen med en overnatning p\u00e5 R\u00f8m\u00f8 <a href=\"https:\/\/ourstuff.dk\/vare\/wings-med-overnatning-roemoe\/\">her<\/a>.<\/span><\/p>\n<p><span style=\"color: #000000;\">Efter WINGS-oplevelsen, er der mulighed for gratis l\u00e5n af udstyr eller m\u00e5ske en sk\u00f8n dukkert i b\u00f8lgerne.<\/span><\/p>\n<h2><span style=\"color: #000000;\">Hvem kan k\u00f8re Wings?<\/span><\/h2>\n<p><span style=\"color: #000000;\">Det er nem at l\u00e6re for alle, og efter kort intro p\u00e5 15-20 minutter med wings er du klar til at tr\u00e6de op p\u00e5 boardet og k\u00f8re derudaf.<\/span><\/p>\n<p><span style=\"color: #000000;\">P\u00e5 holdet for \u00f8vede arbejder vi meget med at k\u00f8re ud p\u00e5 stranden og vende wings for s\u00e5 at k\u00f8re tilbage igen. Vi arbejder med sving, jive og mere teknik. Kom og pr\u00f8v denne helt nye sommeraktivitet hos OurStuff<\/span><\/p>\n<p><span style=\"color: #000000;\">Har du ingen erfaren med snowboard, skateboard, foil, windsurf eller andet, s\u00e5 anbefaler vi at du melder dig p\u00e5 vores begynder hold.<\/span><\/p>\n<h2><span style=\"color: #000000;\">Vi har Danmarks bedste instrukt\u00f8rer<\/span><\/h2>\n<p>Vi har over 20 uddannede instrukt\u00f8rer, som gl\u00e6der sig til, at give dig en oplevelse du sent skal glemme. Flere af instrukt\u00f8rene har v\u00e6ret inde omkring OL-sejllads.<\/p>\n<h2><span style=\"color: #000000;\">Hvor kan man k\u00f8re p\u00e5\/med Wings\/landboard?<\/span><\/h2>\n<p><span style=\"color: #000000;\">Der findes ingen strande i verden, som er bedre til Wings end S\u00f8nderstrand p\u00e5 R\u00f8m\u00f8. Du f\u00e5r 6 km strand at boltre dig p\u00e5. Forestil dig, k\u00f8re ligeud i 20 minutter med vandkanten i horisonten! Det er en oplevelse du ikke finder andre steder.<\/span><\/p>\n<h2><span style=\"color: #000000;\">Hvorn\u00e5r kan k\u00f8re p\u00e5\/med Wings<\/span><span style=\"color: #000000;\">?<\/span><\/h2>\n<p><strong>R\u00f8m\u00f8:<br \/>\n<\/strong>Alle dage: Fra 7\/6 &#8211; 28\/9<br \/>\nWeekender: Fra l\u00f8rdag d. 5\/4 til s\u00f8ndag d. 26\/10.<br \/>\nEfter\u00e5rsferien (13-17\/10)<br \/>\nP\u00e5ske (12\/4-21\/4)<br \/>\nKristihimmelfartsferien (29\/5-1\/6)<\/p>\n","protected":false},"excerpt":{"rendered":"<p><span style=\"color: #000000;\">5-***** oplevelse for alle med OurStuffs WINGS, med erfarne instrukt\u00f8rer, som g\u00f8r det nemt at l\u00e6re. G\u00f8r dig klar til en mindev\u00e6rdig naturoplevelse og sommerens sjoveste adrenalinkick! Tag fat i nogle WINGS lad vinden gribe sejlet, og m\u00e6rk suset, n\u00e5r du r\u00e6ser hen ad S\u00f8nderstrand p\u00e5 R\u00f8m\u00f8, mens du selvsikkert og til stor forn\u00f8jelse t\u00e6mmer vinden med dine Wings.<\/span><\/p>\n<p>&nbsp;<\/p>\n","protected":false},"featured_media":187,"template":"","meta":{"advanced_seo_description":"","jetpack_seo_html_title":"","jetpack_seo_noindex":false},"product_brand":[],"product_cat":[15],"product_tag":[115],"class_list":{"0":"post-10953","1":"product","2":"type-product","3":"status-publish","4":"has-post-thumbnail","6":"product_cat-uncategorized","7":"product_tag-oplevelser-paa-roemoe","9":"first","10":"instock","11":"downloadable","12":"virtual","13":"sold-individually","14":"taxable","15":"purchasable","16":"product-type-booking"},"booking_location":"","booking_location_type":"","booking_duration":1,"booking_duration_unit":"hour","booking_buffer":0,"booking_cost":150,"booking_resources":[],"jetpack_sharing_enabled":true,"_links":{"self":[{"href":"https:\/\/ourstuff.dk\/de\/wp-json\/wp\/v2\/product\/10953","targetHints":{"allow":["GET"]}}],"collection":[{"href":"https:\/\/ourstuff.dk\/de\/wp-json\/wp\/v2\/product"}],"about":[{"href":"https:\/\/ourstuff.dk\/de\/wp-json\/wp\/v2\/types\/product"}],"wp:featuredmedia":[{"embeddable":true,"href":"https:\/\/ourstuff.dk\/de\/wp-json\/wp\/v2\/media\/187"}],"wp:attachment":[{"href":"https:\/\/ourstuff.dk\/de\/wp-json\/wp\/v2\/media?parent=10953"}],"wp:term":[{"taxonomy":"product_brand","embeddable":true,"href":"https:\/\/ourstuff.dk\/de\/wp-json\/wp\/v2\/product_brand?post=10953"},{"taxonomy":"product_cat","embeddable":true,"href":"https:\/\/ourstuff.dk\/de\/wp-json\/wp\/v2\/product_cat?post=10953"},{"taxonomy":"product_tag","embeddable":true,"href":"https:\/\/ourstuff.dk\/de\/wp-json\/wp\/v2\/product_tag?post=10953"}],"curies":[{"name":"wp","href":"https:\/\/api.w.org\/{rel}","templated":true}]}}