{"id":7035,"date":"2024-09-30T11:39:33","date_gmt":"2024-09-30T09:39:33","guid":{"rendered":"https:\/\/ourstuff.dk\/?page_id=7035"},"modified":"2024-09-30T11:39:33","modified_gmt":"2024-09-30T09:39:33","slug":"ueber-uns-3","status":"publish","type":"page","link":"https:\/\/ourstuff.dk\/de\/ueber-uns-3\/","title":{"rendered":"\u00dcber uns"},"content":{"rendered":"\n  <div id=\"page-header-1509415266\" class=\"page-header-wrapper\">\n  <div class=\"page-title dark featured-title\">\n\n        <div class=\"page-title-bg\">\n      <div class=\"title-bg fill bg-fill\"\n        data-parallax-container=\".page-title\"\n        data-parallax-background\n        data-parallax=\"-\">\n      <\/div>\n      <div class=\"title-overlay fill\"><\/div>\n    <\/div>\n    \n    <div class=\"page-title-inner container align-center text-center flex-row-col medium-flex-wrap\" >\n              <div class=\"title-wrapper flex-col\">\n          <h1 class=\"entry-title mb-0\">\n            Hvem er OurStuff          <\/h1>\n        <\/div>\n                    <div class=\"title-content flex-col\">\n        <div class=\"title-breadcrumbs pb-half pt-half\"><\/div>      <\/div>\n    <\/div>\n\n     \n<style>\n#page-header-1509415266 .page-title-inner {\n  min-height: 400px;\n}\n#page-header-1509415266 .title-bg {\n  background-image: url(https:\/\/ourstuff.dk\/wp-content\/uploads\/medarbejdere.webp);\n  background-position: 63% 50%;\n}\n<\/style>\n  <\/div>\n    <\/div>\n  \n\n\n\t<section class=\"section\" id=\"section_1159371211\">\n\t\t<div class=\"section-bg fill\" >\n\t\t\t\t\t\t\t\t\t\n\t\t\t\n\n\t\t<\/div>\n\n\t\t\n\n\t\t<div class=\"section-content relative\">\n\t\t\t\n\n\t<div id=\"text-779049010\" class=\"text\">\n\t\t\n\n<h3>Vores instrukt\u00f8rer \u00f8nsker altid at s\u00e6tte dig i centrum<\/h3>\n<p>Hos OurStuff br\u00e6nder vi for gode oplevelser \u2013 helt t\u00e6t p\u00e5 naturen! Og alle vores inspirerende oplevelser, ture og rejser vil vi s\u00e5 gerne dele med dig. For oplevelser bliver bare altid lidt st\u00f8rre, sjovere og mere mindev\u00e6rdige, n\u00e5r vi deler dem med nogen. Derfor har vi i mere end 25 \u00e5r arbejdet for at udforske, afpr\u00f8ve, arrangere og dele fantastiske oplevelser!<\/p>\n<p>Vi ved derfor, hvordan vi sikrer dig oplevelser, der giver minder for livet.Og det er uanset, om det er oplevelser for \u00e9n person, for hele familien,<br \/>for grupper eller for virksomheder \u2013 eller alt derimellem.<\/p>\n\t\t\n<style>\n#text-779049010 {\n  text-align: center;\n}\n<\/style>\n\t<\/div>\n\t\n\n\t\t<\/div>\n\n\t\t\n<style>\n#section_1159371211 {\n  padding-top: 30px;\n  padding-bottom: 30px;\n}\n<\/style>\n\t<\/section>\n\t\n\n\t<section class=\"section\" id=\"section_1765525625\">\n\t\t<div class=\"section-bg fill\" >\n\t\t\t\t\t\t\t\t\t<div class=\"section-bg-overlay absolute fill\"><\/div>\n\t\t\t\n\n\t\t<\/div>\n\n\t\t\n\n\t\t<div class=\"section-content relative\">\n\t\t\t\n\n<div class=\"row\"  id=\"row-945382633\">\n\n\n\t<div id=\"col-1062825610\" class=\"col medium-3 small-6 large-3\"  >\n\t\t\t\t<div class=\"col-inner\"  >\n\t\t\t\n\t\t\t\n\n    <div class=\"box has-hover has-hover box-default box-text-bottom\" >\n\n                  <div class=\"box-image \" style=\"width:47%;\">\n           <div class=\"box-image-inner image-cover\" style=\"border-radius:100%;padding-top:100%;\">\n              <img loading=\"lazy\" decoding=\"async\" width=\"309\" height=\"343\" src=\"https:\/\/ourstuff.dk\/wp-content\/uploads\/hb-e1713258754132.webp\" class=\"attachment- size-\" alt=\"\" srcset=\"https:\/\/ourstuff.dk\/wp-content\/uploads\/hb-e1713258754132.webp 309w, https:\/\/ourstuff.dk\/wp-content\/uploads\/hb-e1713258754132-270x300.webp 270w\" sizes=\"auto, (max-width: 309px) 100vw, 309px\" \/>                         <\/div>\n          <\/div>\n         \n          <div class=\"box-text text-center\" >\n                <div class=\"box-text-inner\">\n                  <h4 class=\"uppercase\">\n                    <span class=\"person-name\">Henning<\/span><br\/>\n                    <span class=\"person-title is-small thin-font op-7\">\n                      Ejer                    <\/span>\n                  <\/h4>\n\t\t\t\t\t\n\n<p>Henning har startet OurStuff, og har over 25 mange \u00e5rs erfaring fra event branchen <\/p>\n\n                <\/div>\n          <\/div>\n    <\/div>\n\n\t\n    \n\n\t\t<\/div>\n\t\t\t\t\t<\/div>\n\n\t\n\n\t<div id=\"col-1167555181\" class=\"col medium-3 small-6 large-3\"  >\n\t\t\t\t<div class=\"col-inner\"  >\n\t\t\t\n\t\t\t\n\n    <div class=\"box has-hover has-hover box-default box-text-bottom\" >\n\n                  <div class=\"box-image \" style=\"width:47%;\">\n           <div class=\"box-image-inner image-cover\" style=\"border-radius:100%;padding-top:100%;\">\n              <img loading=\"lazy\" decoding=\"async\" width=\"500\" height=\"500\" src=\"https:\/\/ourstuff.dk\/wp-content\/uploads\/1566896664093.jpeg\" class=\"attachment- size-\" alt=\"\" srcset=\"https:\/\/ourstuff.dk\/wp-content\/uploads\/1566896664093.jpeg 500w, https:\/\/ourstuff.dk\/wp-content\/uploads\/1566896664093-247x247.jpeg 247w, https:\/\/ourstuff.dk\/wp-content\/uploads\/1566896664093-100x100.jpeg 100w, https:\/\/ourstuff.dk\/wp-content\/uploads\/1566896664093-300x300.jpeg 300w, https:\/\/ourstuff.dk\/wp-content\/uploads\/1566896664093-150x150.jpeg 150w\" sizes=\"auto, (max-width: 500px) 100vw, 500px\" \/>                         <\/div>\n          <\/div>\n         \n          <div class=\"box-text text-center\" >\n                <div class=\"box-text-inner\">\n                  <h4 class=\"uppercase\">\n                    <span class=\"person-name\">Claus<\/span><br\/>\n                    <span class=\"person-title is-small thin-font op-7\">\n                      B2B, B2C &amp; Online Marketing                    <\/span>\n                  <\/h4>\n\t\t\t\t\t\n\n<p>Ansvarlig for firmaevents\/firmagaver B2B, konceptudvikling og online markedsf\u00f8ring.<\/p>\n\n\n                <\/div>\n          <\/div>\n    <\/div>\n\n\t\n    \n\n\t\t<\/div>\n\t\t\t\t\t<\/div>\n\n\t\n\n\t<div id=\"col-636749053\" class=\"col medium-3 small-6 large-3\"  >\n\t\t\t\t<div class=\"col-inner\"  >\n\t\t\t\n\t\t\t\n\n    <div class=\"box has-hover has-hover box-default box-text-bottom\" >\n\n                  <div class=\"box-image \" style=\"width:47%;\">\n           <div class=\"box-image-inner image-cover\" style=\"border-radius:100%;padding-top:100%;\">\n              <img loading=\"lazy\" decoding=\"async\" width=\"500\" height=\"500\" src=\"https:\/\/ourstuff.dk\/wp-content\/uploads\/1572866050779.jpeg\" class=\"attachment- size-\" alt=\"\" srcset=\"https:\/\/ourstuff.dk\/wp-content\/uploads\/1572866050779.jpeg 500w, https:\/\/ourstuff.dk\/wp-content\/uploads\/1572866050779-247x247.jpeg 247w, https:\/\/ourstuff.dk\/wp-content\/uploads\/1572866050779-100x100.jpeg 100w, https:\/\/ourstuff.dk\/wp-content\/uploads\/1572866050779-300x300.jpeg 300w, https:\/\/ourstuff.dk\/wp-content\/uploads\/1572866050779-150x150.jpeg 150w\" sizes=\"auto, (max-width: 500px) 100vw, 500px\" \/>                         <\/div>\n          <\/div>\n         \n          <div class=\"box-text text-center\" >\n                <div class=\"box-text-inner\">\n                  <h4 class=\"uppercase\">\n                    <span class=\"person-name\">Asbj\u00f8rn<\/span><br\/>\n                    <span class=\"person-title is-small thin-font op-7\">\n                      Marketingkoordinator                    <\/span>\n                  <\/h4>\n\t\t\t\t\t\n\n<p>Hjemmeside, foto, video og alt muligt andet. <\/p>\n\n                <\/div>\n          <\/div>\n    <\/div>\n\n\t\n    \n\n\t\t<\/div>\n\t\t\t\t\t<\/div>\n\n\t\n\n\t<div id=\"col-1500198530\" class=\"col medium-3 small-6 large-3\"  >\n\t\t\t\t<div class=\"col-inner\"  >\n\t\t\t\n\t\t\t\n\n    <div class=\"box has-hover has-hover box-default box-text-bottom\" >\n\n                  <div class=\"box-image \" style=\"width:47%;\">\n           <div class=\"box-image-inner image-cover\" style=\"border-radius:100%;padding-top:100%;\">\n              <img loading=\"lazy\" decoding=\"async\" width=\"1155\" height=\"500\" src=\"https:\/\/ourstuff.dk\/wp-content\/uploads\/medarbejdere.webp\" class=\"attachment- size-\" alt=\"\" srcset=\"https:\/\/ourstuff.dk\/wp-content\/uploads\/medarbejdere.webp 1155w, https:\/\/ourstuff.dk\/wp-content\/uploads\/medarbejdere-510x221.webp 510w, https:\/\/ourstuff.dk\/wp-content\/uploads\/medarbejdere-300x130.webp 300w, https:\/\/ourstuff.dk\/wp-content\/uploads\/medarbejdere-1024x443.webp 1024w, https:\/\/ourstuff.dk\/wp-content\/uploads\/medarbejdere-768x332.webp 768w\" sizes=\"auto, (max-width: 1155px) 100vw, 1155px\" \/>                         <\/div>\n          <\/div>\n         \n          <div class=\"box-text text-center\" >\n                <div class=\"box-text-inner\">\n                  <h4 class=\"uppercase\">\n                    <span class=\"person-name\">Instrukt\u00f8rer<\/span><br\/>\n                    <span class=\"person-title is-small thin-font op-7\">\n                                          <\/span>\n                  <\/h4>\n\t\t\t\t\t\n\n<p>OurStuff har mange forskellige folk som hj\u00e6lper med til at lave event for b\u00e5de private og virksomheder.<\/p>\n\n                <\/div>\n          <\/div>\n    <\/div>\n\n\t\n    \n\n\t\t<\/div>\n\t\t\t\t\t<\/div>\n\n\t\n\n<\/div>\n\n\t\t<\/div>\n\n\t\t\n<style>\n#section_1765525625 {\n  padding-top: 60px;\n  padding-bottom: 60px;\n  background-color: rgb(22, 64, 81);\n}\n#section_1765525625 .section-bg-overlay {\n  background-color: rgba(255, 255, 255, 0.85);\n}\n<\/style>\n\t<\/section>\n\t\n\n","protected":false},"excerpt":{"rendered":"","protected":false},"author":3,"featured_media":0,"parent":0,"menu_order":0,"comment_status":"closed","ping_status":"closed","template":"","meta":{"advanced_seo_description":"","jetpack_seo_html_title":"","jetpack_seo_noindex":false,"footnotes":""},"class_list":["post-7035","page","type-page","status-publish","hentry"],"jetpack_sharing_enabled":true,"_links":{"self":[{"href":"https:\/\/ourstuff.dk\/de\/wp-json\/wp\/v2\/pages\/7035","targetHints":{"allow":["GET"]}}],"collection":[{"href":"https:\/\/ourstuff.dk\/de\/wp-json\/wp\/v2\/pages"}],"about":[{"href":"https:\/\/ourstuff.dk\/de\/wp-json\/wp\/v2\/types\/page"}],"author":[{"embeddable":true,"href":"https:\/\/ourstuff.dk\/de\/wp-json\/wp\/v2\/users\/3"}],"replies":[{"embeddable":true,"href":"https:\/\/ourstuff.dk\/de\/wp-json\/wp\/v2\/comments?post=7035"}],"version-history":[{"count":1,"href":"https:\/\/ourstuff.dk\/de\/wp-json\/wp\/v2\/pages\/7035\/revisions"}],"predecessor-version":[{"id":7043,"href":"https:\/\/ourstuff.dk\/de\/wp-json\/wp\/v2\/pages\/7035\/revisions\/7043"}],"wp:attachment":[{"href":"https:\/\/ourstuff.dk\/de\/wp-json\/wp\/v2\/media?parent=7035"}],"curies":[{"name":"wp","href":"https:\/\/api.w.org\/{rel}","templated":true}]}}