{"id":2382,"date":"2024-02-18T13:53:55","date_gmt":"2024-02-18T12:53:55","guid":{"rendered":"https:\/\/ourstuff.dk\/strandsurfen-gutschein\/"},"modified":"2024-05-12T14:02:34","modified_gmt":"2024-05-12T12:02:34","slug":"strandsurfen-gutschein","status":"publish","type":"page","link":"https:\/\/ourstuff.dk\/de\/homepage\/strandsurfen-gutschein\/","title":{"rendered":"Strandsurfen (Gutschein)"},"content":{"rendered":"\n\n\t<section class=\"section\" id=\"section_119313627\">\n\t\t<div class=\"section-bg fill\" >\n\t\t\t\t\t\t\t\t\t<div class=\"section-bg-overlay absolute fill\"><\/div>\n\t\t\t\n\n\t\t<\/div>\n\n\t\t\n\n\t\t<div class=\"section-content relative\">\n\t\t\t\n\n<div class=\"row row-large align-center\"  id=\"row-691041169\">\n\n\n\t<div id=\"col-1538042839\" class=\"col large-12\"  >\n\t\t\t\t<div class=\"col-inner\"  >\n\t\t\t\n\t\t\t\n\n\t<div class=\"img has-hover x md-x lg-x y md-y lg-y\" id=\"image_617329507\">\n\t\t\t\t\t\t\t\t<div class=\"img-inner image-cover dark\" style=\"padding-top:200px;margin:20px 0px 0px 0px;\">\n\t\t\t<img loading=\"lazy\" decoding=\"async\" width=\"1020\" height=\"574\" src=\"https:\/\/ourstuff.dk\/wp-content\/uploads\/2023\/11\/1-strandsurfing-med-wellness-min-1024x576.jpg\" class=\"attachment-large size-large\" alt=\"\" srcset=\"https:\/\/ourstuff.dk\/wp-content\/uploads\/2023\/11\/1-strandsurfing-med-wellness-min-1024x576.jpg 1024w, https:\/\/ourstuff.dk\/wp-content\/uploads\/2023\/11\/1-strandsurfing-med-wellness-min-scaled-510x287.jpg 510w, https:\/\/ourstuff.dk\/wp-content\/uploads\/2023\/11\/1-strandsurfing-med-wellness-min-300x169.jpg 300w, https:\/\/ourstuff.dk\/wp-content\/uploads\/2023\/11\/1-strandsurfing-med-wellness-min-768x432.jpg 768w, https:\/\/ourstuff.dk\/wp-content\/uploads\/2023\/11\/1-strandsurfing-med-wellness-min-1536x864.jpg 1536w, https:\/\/ourstuff.dk\/wp-content\/uploads\/2023\/11\/1-strandsurfing-med-wellness-min-2048x1152.jpg 2048w\" sizes=\"auto, (max-width: 1020px) 100vw, 1020px\" \/>\t\t\t\t\t\t\n\t\t\t\t\t<\/div>\n\t\t\t\t\t\t\t\t\n<style>\n#image_617329507 {\n  width: 100%;\n}\n<\/style>\n\t<\/div>\n\t\n\n\n\t\t<\/div>\n\t\t\t\t\t<\/div>\n\n\t\n\n\t<div id=\"col-524265731\" class=\"col medium-7 small-12 large-7\"  >\n\t\t\t\t<div class=\"col-inner text-center\"  >\n\t\t\t\n\t\t\t\n\n<h2>Strandsurfen ist gleich um die Ecke<\/h2>\n<p>Wir surfen an 3 Orten in D\u00e4nemark<br>W\u00e4hlen Sie unten, an welchem Strand Sie surfen m\u00f6chten<\/p>\n\n\t\t<\/div>\n\t\t\t\t\t<\/div>\n\n\t\n\n<\/div>\n\n\t\t<\/div>\n\n\t\t\n<style>\n#section_119313627 {\n  padding-top: 0px;\n  padding-bottom: 0px;\n  background-color: rgb(0, 0, 0);\n}\n#section_119313627 .section-bg-overlay {\n  background-color: rgba(255, 255, 255, 0.85);\n}\n<\/style>\n\t<\/section>\n\t\n<div class=\"row\"  id=\"row-902788088\">\n\n\n\t<div id=\"col-1927284785\" class=\"col medium-4 small-12 large-4\"  >\n\t\t\t\t<div class=\"col-inner\"  >\n\t\t\t\n\t\t\t\n\n\n  <div class=\"banner has-hover\" id=\"banner-1852393877\">\n          <div class=\"banner-inner fill\">\n        <div class=\"banner-bg fill\" >\n            <img loading=\"lazy\" decoding=\"async\" width=\"1020\" height=\"574\" src=\"https:\/\/ourstuff.dk\/wp-content\/uploads\/2023\/11\/1-strandsurfing-med-wellness-min-1024x576.jpg\" class=\"bg attachment-large size-large\" alt=\"\" \/>                        <div class=\"overlay\"><\/div>            \n                    <\/div>\n\t\t\n        <div class=\"banner-layers container\">\n            <div class=\"fill banner-link\"><\/div>            \n\n   <div id=\"text-box-310965164\" class=\"text-box banner-layer x50 md-x50 lg-x50 y90 md-y90 lg-y90 res-text\">\n                                <div class=\"text-box-content text \">\n              \n              <div class=\"text-inner text-center\">\n                  \n\n<h4 class=\"uppercase\"><strong>Surfen Sie an D\u00e4nemarks bestem Strand<\/strong><\/h4>\n<h3 class=\"uppercase\"><strong>R\u00f8m\u00f8<\/strong><\/h3>\n<a data-animate=\"blurIn\" class=\"button primary is-large\"  style=\"border-radius:99px;\">\n\t\t<span>Jetzt buchen<\/span>\n\t<\/a>\n\n\n\n              <\/div>\n           <\/div>\n                            \n<style>\n#text-box-310965164 .text-box-content {\n  background-color: rgba(255, 255, 255, 0.94);\n  font-size: 100%;\n}\n#text-box-310965164 .text-inner {\n  padding: 5px 30px 10px 30px;\n}\n#text-box-310965164 {\n  width: 100%;\n}\n<\/style>\n    <\/div>\n \n\n        <\/div>\n      <\/div>\n\n            \n<style>\n#banner-1852393877 {\n  padding-top: 400px;\n}\n#banner-1852393877 .overlay {\n  background-color: rgba(0, 0, 0, 0.2);\n}\n<\/style>\n  <\/div>\n\n\n\n\t\t<\/div>\n\t\t\t\t\t<\/div>\n\n\t\n\n\t<div id=\"col-660490340\" class=\"col medium-4 small-12 large-4\"  >\n\t\t\t\t<div class=\"col-inner\"  >\n\t\t\t\n\t\t\t\n\n\n  <div class=\"banner has-hover\" id=\"banner-729782664\">\n          <div class=\"banner-inner fill\">\n        <div class=\"banner-bg fill\" >\n            <img loading=\"lazy\" decoding=\"async\" width=\"1020\" height=\"680\" src=\"https:\/\/ourstuff.dk\/wp-content\/uploads\/90e02be6-b2a7-414a-b95d-67921c95f74a-1024x683.jpg\" class=\"bg attachment-large size-large\" alt=\"\" \/>                        <div class=\"overlay\"><\/div>            \n                    <\/div>\n\t\t\n        <div class=\"banner-layers container\">\n            <a class=\"fill\" href=\"https:\/\/shop.ourstuff.dk\/vare\/strandsurfing-1-time-blokhus-setup\/\" ><div class=\"fill banner-link\"><\/div><\/a>            \n\n   <div id=\"text-box-830186627\" class=\"text-box banner-layer x50 md-x50 lg-x50 y90 md-y90 lg-y90 res-text\">\n                                <div class=\"text-box-content text \">\n              \n              <div class=\"text-inner text-center\">\n                  \n\n<h4 class=\"uppercase\">Surfen in Nordj\u00fctland<\/h4>\n<h3 class=\"uppercase\"><strong>Blokhus<\/strong><\/h3>\n<a data-animate=\"blurIn\" href=\"https:\/\/shop.ourstuff.dk\/vare\/strandsurfing-1-time-blokhus-setup\/\" class=\"button primary is-large\"  style=\"border-radius:99px;\">\n\t\t<span>Jetzt buchen<\/span>\n\t<\/a>\n\n\n\n              <\/div>\n           <\/div>\n                            \n<style>\n#text-box-830186627 .text-box-content {\n  background-color: rgba(255, 255, 255, 0.94);\n  font-size: 100%;\n}\n#text-box-830186627 .text-inner {\n  padding: 5px 30px 10px 30px;\n}\n#text-box-830186627 {\n  width: 100%;\n}\n<\/style>\n    <\/div>\n \n\n        <\/div>\n      <\/div>\n\n            \n<style>\n#banner-729782664 {\n  padding-top: 400px;\n}\n#banner-729782664 .overlay {\n  background-color: rgba(0, 0, 0, 0.2);\n}\n#banner-729782664 .banner-bg img {\n  object-position: 29% 44%;\n}\n<\/style>\n  <\/div>\n\n\n\n\t\t<\/div>\n\t\t\t\t\t<\/div>\n\n\t\n\n\t<div id=\"col-1785729600\" class=\"col medium-4 small-12 large-4\"  >\n\t\t\t\t<div class=\"col-inner\"  >\n\t\t\t\n\t\t\t\n\n\n  <div class=\"banner has-hover\" id=\"banner-1526108457\">\n          <div class=\"banner-inner fill\">\n        <div class=\"banner-bg fill\" >\n            <img loading=\"lazy\" decoding=\"async\" width=\"1020\" height=\"680\" src=\"https:\/\/ourstuff.dk\/wp-content\/uploads\/0dfe6d29-c55c-4cb8-a010-4ae56a09728a-1024x683.jpg\" class=\"bg attachment-large size-large\" alt=\"\" \/>                        <div class=\"overlay\"><\/div>            \n                    <\/div>\n\t\t\n        <div class=\"banner-layers container\">\n            <div class=\"fill banner-link\"><\/div>            \n\n   <div id=\"text-box-2048643560\" class=\"text-box banner-layer x50 md-x50 lg-x50 y90 md-y90 lg-y90 res-text\">\n                                <div class=\"text-box-content text \">\n              \n              <div class=\"text-inner text-center\">\n                  \n\n<h4 class=\"uppercase\">Surfen am Wasser<\/h4>\n<h3 class=\"uppercase\"><strong>Fan\u00f8<\/strong><\/h3>\n<a data-animate=\"blurIn\" class=\"button primary is-large\"  style=\"border-radius:99px;\">\n\t\t<span>Jetzt buchen<\/span>\n\t<\/a>\n\n\n\n              <\/div>\n           <\/div>\n                            \n<style>\n#text-box-2048643560 .text-box-content {\n  background-color: rgba(255, 255, 255, 0.94);\n  font-size: 100%;\n}\n#text-box-2048643560 .text-inner {\n  padding: 5px 30px 10px 30px;\n}\n#text-box-2048643560 {\n  width: 100%;\n}\n<\/style>\n    <\/div>\n \n\n        <\/div>\n      <\/div>\n\n            \n<style>\n#banner-1526108457 {\n  padding-top: 400px;\n}\n#banner-1526108457 .overlay {\n  background-color: rgba(0, 0, 0, 0.2);\n}\n<\/style>\n  <\/div>\n\n\n\n\t\t<\/div>\n\t\t\t\t\t<\/div>\n\n\t\n\n<\/div>\n\n","protected":false},"excerpt":{"rendered":"","protected":false},"author":1,"featured_media":0,"parent":2384,"menu_order":0,"comment_status":"closed","ping_status":"closed","template":"","meta":{"advanced_seo_description":"","jetpack_seo_html_title":"","jetpack_seo_noindex":false,"footnotes":""},"class_list":["post-2382","page","type-page","status-publish","hentry"],"jetpack_sharing_enabled":true,"_links":{"self":[{"href":"https:\/\/ourstuff.dk\/de\/wp-json\/wp\/v2\/pages\/2382","targetHints":{"allow":["GET"]}}],"collection":[{"href":"https:\/\/ourstuff.dk\/de\/wp-json\/wp\/v2\/pages"}],"about":[{"href":"https:\/\/ourstuff.dk\/de\/wp-json\/wp\/v2\/types\/page"}],"author":[{"embeddable":true,"href":"https:\/\/ourstuff.dk\/de\/wp-json\/wp\/v2\/users\/1"}],"replies":[{"embeddable":true,"href":"https:\/\/ourstuff.dk\/de\/wp-json\/wp\/v2\/comments?post=2382"}],"version-history":[{"count":1,"href":"https:\/\/ourstuff.dk\/de\/wp-json\/wp\/v2\/pages\/2382\/revisions"}],"predecessor-version":[{"id":2383,"href":"https:\/\/ourstuff.dk\/de\/wp-json\/wp\/v2\/pages\/2382\/revisions\/2383"}],"up":[{"embeddable":true,"href":"https:\/\/ourstuff.dk\/de\/wp-json\/wp\/v2\/pages\/2384"}],"wp:attachment":[{"href":"https:\/\/ourstuff.dk\/de\/wp-json\/wp\/v2\/media?parent=2382"}],"curies":[{"name":"wp","href":"https:\/\/api.w.org\/{rel}","templated":true}]}}